{"id":1175,"date":"2023-05-12T16:22:26","date_gmt":"2023-05-12T14:22:26","guid":{"rendered":"http:\/\/serwer199628.lh.pl\/autoinstalator\/serwer199628.lh.pl\/wordpress20675\/?page_id=1175"},"modified":"2025-09-14T20:36:46","modified_gmt":"2025-09-14T18:36:46","slug":"wegiel-orzech-sanok","status":"publish","type":"page","link":"https:\/\/urban.sanok.pl\/index.php\/wegiel-orzech-sanok\/","title":{"rendered":"Orzech"},"content":{"rendered":"\t\t<div data-elementor-type=\"wp-page\" data-elementor-id=\"1175\" class=\"elementor elementor-1175\">\n\t\t\t\t\t\t\t\t\t<section class=\"elementor-section elementor-top-section elementor-element elementor-element-0d99d64 elementor-section-full_width elementor-section-height-default elementor-section-height-default\" data-id=\"0d99d64\" data-element_type=\"section\">\n\t\t\t\t\t\t<div class=\"elementor-container elementor-column-gap-no\">\n\t\t\t\t\t<div class=\"elementor-column elementor-col-100 elementor-top-column elementor-element elementor-element-86058fb\" data-id=\"86058fb\" data-element_type=\"column\">\n\t\t\t<div class=\"elementor-widget-wrap elementor-element-populated\">\n\t\t\t\t\t\t\t\t<div class=\"elementor-element elementor-element-7e61a5e elementor-widget elementor-widget-firbrigs_about\" data-id=\"7e61a5e\" data-element_type=\"widget\" data-widget_type=\"firbrigs_about.custom\">\n\t\t\t\t<div class=\"elementor-widget-container\">\n\t\t\t\n<!-- about-section -->\n<section class=\"about-section border-bottom\">\n\t<div class=\"auto-container\">\n\t\t<div class=\"row clearfix\">\n\t\t\t<div class=\"col-lg-6 col-md-12 col-sm-12 image-column\">\n\t\t\t\t<div class=\"image-box mr-70\">\n\t\t\t\t\t<figure class=\"image\"><img decoding=\"async\" src=\"https:\/\/urban.sanok.pl\/wp-content\/uploads\/2023\/05\/orzech0.jpg\" loading=\"lazy\" alt=\"about image\"><\/figure>\n\n\t\t\t\t<\/div>\n\t\t\t<\/div>\n\t\t\t<div class=\"col-lg-6 col-md-12 col-sm-12 content-column\">\n\t\t\t\t<div class=\"content_block_1\">\n\t\t\t\t\t<div class=\"content-box mr-0\">\n\t\t\t\t\t\t<div class=\"sec-title\">\n\t\t\t\t\t\t\t<p><\/p>\n\t\t\t\t\t\t\t<!-- Title -->\n\t\t\t\t\t\t\t<h2 class=\"typo-title-text\"> Orzech\t\t\t\t\t\t\t<\/h2>\n\t\t\t\t\t\t\t<!-- Title -->\n\t\t\t\t\t\t<\/div>\n\t\t\t\t\t\t<div class=\"text\">\n\t\t\t\t\t\t\t<p>W\u0119giel orzech nale\u017cy do grupy w\u0119gli grubych \u2013 obok w\u0119gla kostki i w\u0119gla k\u0119s\u00f3w. Wymiar jego ziaren wynosi od 25 do 80 milimetr\u00f3w.<\/p>\n\t\t\t\t\t\t<\/div>\n\t\t\t\t\t\t<ul class=\"list-item clearfix\">\n\t\t\t\t\t\t\t\t\t\t\t\t\t\t<li>W\u0119giel orzech nale\u017cy do grupy w\u0119gli grubych \u2013 obok w\u0119gla kostki i w\u0119gla k\u0119s\u00f3w. Wymiar jego ziaren wynosi od 25 do 80 milimetr\u00f3w.<\/li>\n\t\t\t\t\t\t\t\t\t\t\t\t\t\t\t<li>Warto\u015b\u0107 opa\u0142owa: min. 24,<\/li>\n\t\t\t\t\t\t\t\t\t\t\t\t\t\t\t<li>Uziarnienie: 25mm - 80mm,<\/li>\n\t\t\t\t\t\t\t\t\t\t\t\t\t\t\t<li>Popi\u00f3\u0142 : max. 9%,<\/li>\n\t\t\t\t\t\t\t\t\t\t\t\t\t\t\t<li>Siarka: 1,10%,<\/li>\n\t\t\t\t\t\t\t\t\t\t\t\t\t\t\t<li>Spiekalno\u015b\u0107: 0.<\/li>\n\t\t\t\t\t\t\t\t\t\t\t\t\t\t<\/ul>\n\t\t\t\t\t\t\t\t\t\t\t<\/div>\n\t\t\t\t<\/div>\n\t\t\t<\/div>\n\t\t<\/div>\n\t<\/div>\n<\/section>\n<!-- about-section end -->\n\t\t\t\t<\/div>\n\t\t\t\t<\/div>\n\t\t\t\t\t<\/div>\n\t\t<\/div>\n\t\t\t\t\t\t\t<\/div>\n\t\t<\/section>\n\t\t\t\t<section class=\"elementor-section elementor-top-section elementor-element elementor-element-04726b2 elementor-section-full_width elementor-section-height-default elementor-section-height-default\" data-id=\"04726b2\" data-element_type=\"section\">\n\t\t\t\t\t\t<div class=\"elementor-container elementor-column-gap-no\">\n\t\t\t\t\t<div class=\"elementor-column elementor-col-100 elementor-top-column elementor-element elementor-element-9b8161d\" data-id=\"9b8161d\" data-element_type=\"column\">\n\t\t\t<div class=\"elementor-widget-wrap elementor-element-populated\">\n\t\t\t\t\t\t\t\t<div class=\"elementor-element elementor-element-944f341 elementor-widget elementor-widget-firbrigs_call_to_action\" data-id=\"944f341\" data-element_type=\"widget\" data-widget_type=\"firbrigs_call_to_action.default\">\n\t\t\t\t<div class=\"elementor-widget-container\">\n\t\t\t <section class=\"cta-section bg-color-3\">\n\t\t\t<div class=\"pattern-layer\" style=\"background-image: url(https:\/\/urban.sanok.pl\/wp-content\/uploads\/2020\/09\/pattern-1.png);\"><\/div>\n\t\t\t<div class=\"auto-container\">\n\t\t\t\t<div class=\"inner-box clearfix\">\n\t\t\t\t\t<div class=\"text pull-left\">\n\t\t\t\t\t\t<h2>24\/7 Available. Call us Immediately<br \/><a href=\"tel:6668880000\">666 888 0000 <\/a><\/h2>\n\t\t\t\t\t<\/div>\n\t\t\t\t\t<div class=\"btn-box pull-right\">\n\t\t\t\t\t\t<a href=\"https:\/\/urban.sanok.pl\/contact-us\/\" target=\"_blank\" rel=\"nofollow\" class=\"theme-btn-one\">Contact with us<\/a>\n\t\t\t\t\t<\/div>\n\t\t\t\t<\/div>\n\t\t\t<\/div>\n\t\t<\/section> \n\t\t\t\t<\/div>\n\t\t\t\t<\/div>\n\t\t\t\t\t<\/div>\n\t\t<\/div>\n\t\t\t\t\t\t\t<\/div>\n\t\t<\/section>\n\t\t\t\t<section class=\"elementor-section elementor-top-section elementor-element elementor-element-72c45d7 elementor-hidden-desktop elementor-hidden-tablet elementor-hidden-mobile elementor-section-boxed elementor-section-height-default elementor-section-height-default\" data-id=\"72c45d7\" data-element_type=\"section\">\n\t\t\t\t\t\t<div class=\"elementor-container elementor-column-gap-default\">\n\t\t\t\t\t<div class=\"elementor-column elementor-col-100 elementor-top-column elementor-element elementor-element-0f70332\" data-id=\"0f70332\" data-element_type=\"column\">\n\t\t\t<div class=\"elementor-widget-wrap elementor-element-populated\">\n\t\t\t\t\t\t\t\t<div class=\"elementor-element elementor-element-71e2c8a elementor-widget elementor-widget-heading\" data-id=\"71e2c8a\" data-element_type=\"widget\" data-widget_type=\"heading.default\">\n\t\t\t\t<div class=\"elementor-widget-container\">\n\t\t\t<style>\/*! elementor - v3.13.1 - 09-05-2023 *\/\n.elementor-heading-title{padding:0;margin:0;line-height:1}.elementor-widget-heading .elementor-heading-title[class*=elementor-size-]>a{color:inherit;font-size:inherit;line-height:inherit}.elementor-widget-heading .elementor-heading-title.elementor-size-small{font-size:15px}.elementor-widget-heading .elementor-heading-title.elementor-size-medium{font-size:19px}.elementor-widget-heading .elementor-heading-title.elementor-size-large{font-size:29px}.elementor-widget-heading .elementor-heading-title.elementor-size-xl{font-size:39px}.elementor-widget-heading .elementor-heading-title.elementor-size-xxl{font-size:59px}<\/style><h2 class=\"elementor-heading-title elementor-size-default\">W\u0119giel orzech \u2013 sprawdzony opa\u0142 dla wymagaj\u0105cych<\/h2>\t\t<\/div>\n\t\t\t\t<\/div>\n\t\t\t\t<div class=\"elementor-element elementor-element-eeaa3a0 elementor-widget elementor-widget-text-editor\" data-id=\"eeaa3a0\" data-element_type=\"widget\" data-widget_type=\"text-editor.default\">\n\t\t\t\t<div class=\"elementor-widget-container\">\n\t\t\t<style>\/*! elementor - v3.13.1 - 09-05-2023 *\/\n.elementor-widget-text-editor.elementor-drop-cap-view-stacked .elementor-drop-cap{background-color:#69727d;color:#fff}.elementor-widget-text-editor.elementor-drop-cap-view-framed .elementor-drop-cap{color:#69727d;border:3px solid;background-color:transparent}.elementor-widget-text-editor:not(.elementor-drop-cap-view-default) .elementor-drop-cap{margin-top:8px}.elementor-widget-text-editor:not(.elementor-drop-cap-view-default) .elementor-drop-cap-letter{width:1em;height:1em}.elementor-widget-text-editor .elementor-drop-cap{float:left;text-align:center;line-height:1;font-size:50px}.elementor-widget-text-editor .elementor-drop-cap-letter{display:inline-block}<\/style>\t\t\t\t<p data-start=\"297\" data-end=\"712\">W\u0119giel orzech nale\u017cy do grupy w\u0119gli grubych, obok w\u0119gla kostki i w\u0119gla k\u0119sa. Jest ch\u0119tnie wybierany przez mieszka\u0144c\u00f3w <a href=\"https:\/\/pl.wikipedia.org\/wiki\/Sanok\">Sanoka<\/a>, poniewa\u017c doskonale sprawdza si\u0119 w <a href=\"https:\/\/urban.sanok.pl\/index.php\/opal-sanok-produkty\/\">tradycyjnych<\/a> piecach i kot\u0142ach zasypowych. Charakteryzuje si\u0119 ziarnem o wielko\u015bci od <strong data-start=\"542\" data-end=\"557\">25 do 80 mm<\/strong>, co zapewnia r\u00f3wnomierne spalanie i \u0142atwe dozowanie. Dzi\u0119ki temu opa\u0142 ten generuje du\u017c\u0105 ilo\u015b\u0107 ciep\u0142a, a przy tym utrzymuje temperatur\u0119 przez d\u0142ugi czas.<\/p><p data-start=\"714\" data-end=\"972\">Naszym klientom oferujemy wy\u0142\u0105cznie w\u0119giel orzech pochodz\u0105cy z renomowanych kopal\u0144, co jest gwarancj\u0105 wysokiej jako\u015bci i stabilnych parametr\u00f3w opa\u0142owych. To idealne rozwi\u0105zanie dla os\u00f3b, kt\u00f3re chc\u0105 po\u0142\u0105czy\u0107 <strong data-start=\"921\" data-end=\"969\">wydajno\u015b\u0107, niezawodno\u015b\u0107 i konkurencyjn\u0105 cen\u0119<\/strong>.<\/p>\t\t\t\t\t\t<\/div>\n\t\t\t\t<\/div>\n\t\t\t\t\t<\/div>\n\t\t<\/div>\n\t\t\t\t\t\t\t<\/div>\n\t\t<\/section>\n\t\t\t\t<section class=\"elementor-section elementor-top-section elementor-element elementor-element-3f0a9f3 elementor-hidden-desktop elementor-hidden-tablet elementor-hidden-mobile elementor-section-boxed elementor-section-height-default elementor-section-height-default\" data-id=\"3f0a9f3\" data-element_type=\"section\">\n\t\t\t\t\t\t<div class=\"elementor-container elementor-column-gap-default\">\n\t\t\t\t\t<div class=\"elementor-column elementor-col-100 elementor-top-column elementor-element elementor-element-cc1ee57\" data-id=\"cc1ee57\" data-element_type=\"column\">\n\t\t\t<div class=\"elementor-widget-wrap elementor-element-populated\">\n\t\t\t\t\t\t\t\t<div class=\"elementor-element elementor-element-0c6b17f elementor-widget elementor-widget-heading\" data-id=\"0c6b17f\" data-element_type=\"widget\" data-widget_type=\"heading.default\">\n\t\t\t\t<div class=\"elementor-widget-container\">\n\t\t\t<h2 class=\"elementor-heading-title elementor-size-default\">Parametry i zalety w\u0119gla orzech<\/h2>\t\t<\/div>\n\t\t\t\t<\/div>\n\t\t\t\t<div class=\"elementor-element elementor-element-1f77fdb elementor-widget elementor-widget-text-editor\" data-id=\"1f77fdb\" data-element_type=\"widget\" data-widget_type=\"text-editor.default\">\n\t\t\t\t<div class=\"elementor-widget-container\">\n\t\t\t\t\t\t\t<p data-start=\"1023\" data-end=\"1341\">W\u0119giel orzech dost\u0119pny w naszym sk\u0142adzie opa\u0142u w Sanoku wyr\u00f3\u017cnia si\u0119 <strong data-start=\"1092\" data-end=\"1130\">warto\u015bci\u0105 opa\u0142ow\u0105 minimum 24 MJ\/kg<\/strong>, co zapewnia bardzo dobr\u0105 efektywno\u015b\u0107 grzewcz\u0105. Zawarto\u015b\u0107 popio\u0142u nie przekracza <strong data-start=\"1212\" data-end=\"1218\">9%<\/strong>, a siarka utrzymuje si\u0119 na poziomie maksymalnie <strong data-start=\"1267\" data-end=\"1276\">1,10%<\/strong>, co oznacza czystsze spalanie i mniejsze obci\u0105\u017cenie dla kot\u0142a.<\/p><p data-start=\"1343\" data-end=\"1646\">Kolejn\u0105 istotn\u0105 zalet\u0105 jest niska spiekalno\u015b\u0107, dzi\u0119ki czemu opa\u0142 nie zlepia si\u0119 i nie powoduje problem\u00f3w w trakcie palenia. W\u0119giel orzech to paliwo opa\u0142owe o doskona\u0142ych w\u0142a\u015bciwo\u015bciach, kt\u00f3re gwarantuje sta\u0142e i komfortowe ogrzewanie zar\u00f3wno dom\u00f3w jednorodzinnych, jak i mniejszych obiekt\u00f3w us\u0142ugowych.<\/p><p data-start=\"1648\" data-end=\"1846\">Warto podkre\u015bli\u0107, \u017ce dzi\u0119ki du\u017cej kaloryczno\u015bci i stabilnym parametrom, w\u0119giel orzech pozwala zoptymalizowa\u0107 koszty ogrzewania \u2013 spala si\u0119 wolniej, a jednocze\u015bnie wydziela wi\u0119cej energii cieplnej.<\/p><p data-start=\"714\" data-end=\"972\">Naszym klientom oferujemy wy\u0142\u0105cznie w\u0119giel orzech pochodz\u0105cy z renomowanych kopal\u0144, co jest gwarancj\u0105 wysokiej jako\u015bci i stabilnych parametr\u00f3w opa\u0142owych. To idealne rozwi\u0105zanie dla os\u00f3b, kt\u00f3re chc\u0105 po\u0142\u0105czy\u0107 <strong data-start=\"921\" data-end=\"969\">wydajno\u015b\u0107, niezawodno\u015b\u0107 i konkurencyjn\u0105 cen\u0119<\/strong>.<\/p>\t\t\t\t\t\t<\/div>\n\t\t\t\t<\/div>\n\t\t\t\t\t<\/div>\n\t\t<\/div>\n\t\t\t\t\t\t\t<\/div>\n\t\t<\/section>\n\t\t\t\t<section class=\"elementor-section elementor-top-section elementor-element elementor-element-8bec4e2 elementor-hidden-desktop elementor-hidden-tablet elementor-hidden-mobile elementor-section-boxed elementor-section-height-default elementor-section-height-default\" data-id=\"8bec4e2\" data-element_type=\"section\">\n\t\t\t\t\t\t<div class=\"elementor-container elementor-column-gap-default\">\n\t\t\t\t\t<div class=\"elementor-column elementor-col-100 elementor-top-column elementor-element elementor-element-590f84a\" data-id=\"590f84a\" data-element_type=\"column\">\n\t\t\t<div class=\"elementor-widget-wrap elementor-element-populated\">\n\t\t\t\t\t\t\t\t<div class=\"elementor-element elementor-element-aaf69af elementor-widget elementor-widget-heading\" data-id=\"aaf69af\" data-element_type=\"widget\" data-widget_type=\"heading.default\">\n\t\t\t\t<div class=\"elementor-widget-container\">\n\t\t\t<h2 class=\"elementor-heading-title elementor-size-default\">Dlaczego warto kupi\u0107 w\u0119giel orzech w Urban Sanok?<\/h2>\t\t<\/div>\n\t\t\t\t<\/div>\n\t\t\t\t<div class=\"elementor-element elementor-element-53d4f74 elementor-widget elementor-widget-text-editor\" data-id=\"53d4f74\" data-element_type=\"widget\" data-widget_type=\"text-editor.default\">\n\t\t\t\t<div class=\"elementor-widget-container\">\n\t\t\t\t\t\t\t<p data-start=\"1915\" data-end=\"2263\">Nasz sk\u0142ad opa\u0142u Urban Sanok od lat specjalizuje si\u0119 w dostarczaniu wysokiej jako\u015bci paliw opa\u0142owych. W ofercie znajdziesz w\u0119giel orzech dost\u0119pny luzem lub w workach, co pozwala dopasowa\u0107 form\u0119 zam\u00f3wienia do w\u0142asnych potrzeb. Oferujemy r\u00f3wnie\u017c <strong data-start=\"2159\" data-end=\"2205\">transport opa\u0142u na terenie Sanoka i okolic<\/strong>, dzi\u0119ki czemu nie musisz martwi\u0107 si\u0119 logistyk\u0105 dostawy.<\/p><p data-start=\"2265\" data-end=\"2538\">Decyduj\u0105c si\u0119 na zakup w\u0119gla orzech u nas, zyskujesz pewno\u015b\u0107, \u017ce otrzymasz produkt <strong data-start=\"2348\" data-end=\"2418\">sprawdzony, wydajny i zgodny z parametrami podanymi w specyfikacji<\/strong>. Dodatkowo zapewniamy doradztwo w wyborze odpowiedniej ilo\u015bci opa\u0142u, aby ogrzewanie by\u0142o jak najbardziej ekonomiczne.<\/p><p data-start=\"2540\" data-end=\"2728\">Je\u015bli szukasz opa\u0142u, kt\u00f3ry zapewni d\u0142ugotrwa\u0142e i stabilne ciep\u0142o, wybierz <strong data-start=\"2614\" data-end=\"2659\">w\u0119giel orzech ze sk\u0142adu opa\u0142u Urban Sanok<\/strong> \u2013 to rozwi\u0105zanie, kt\u00f3re sprawdzi si\u0119 w ka\u017cdych warunkach zimowych.<\/p><p data-start=\"1343\" data-end=\"1646\">Kolejn\u0105 istotn\u0105 zalet\u0105 jest niska spiekalno\u015b\u0107, dzi\u0119ki czemu opa\u0142 nie zlepia si\u0119 i nie powoduje problem\u00f3w w trakcie palenia. W\u0119giel orzech to paliwo opa\u0142owe o doskona\u0142ych w\u0142a\u015bciwo\u015bciach, kt\u00f3re gwarantuje sta\u0142e i komfortowe ogrzewanie zar\u00f3wno dom\u00f3w jednorodzinnych, jak i mniejszych obiekt\u00f3w us\u0142ugowych.<\/p><p data-start=\"1648\" data-end=\"1846\">Warto podkre\u015bli\u0107, \u017ce dzi\u0119ki du\u017cej kaloryczno\u015bci i stabilnym parametrom, w\u0119giel orzech pozwala zoptymalizowa\u0107 koszty ogrzewania \u2013 spala si\u0119 wolniej, a jednocze\u015bnie wydziela wi\u0119cej energii cieplnej.<\/p><p data-start=\"714\" data-end=\"972\">Naszym klientom oferujemy wy\u0142\u0105cznie w\u0119giel orzech pochodz\u0105cy z renomowanych kopal\u0144, co jest gwarancj\u0105 wysokiej jako\u015bci i stabilnych parametr\u00f3w opa\u0142owych. To idealne rozwi\u0105zanie dla os\u00f3b, kt\u00f3re chc\u0105 po\u0142\u0105czy\u0107 <strong data-start=\"921\" data-end=\"969\">wydajno\u015b\u0107, niezawodno\u015b\u0107 i konkurencyjn\u0105 cen\u0119<\/strong>.<\/p>\t\t\t\t\t\t<\/div>\n\t\t\t\t<\/div>\n\t\t\t\t\t<\/div>\n\t\t<\/div>\n\t\t\t\t\t\t\t<\/div>\n\t\t<\/section>\n\t\t\t\t\t\t\t<\/div>\n\t\t","protected":false},"excerpt":{"rendered":"<p>Orzech W\u0119giel orzech nale\u017cy do grupy w\u0119gli grubych \u2013 obok w\u0119gla kostki i w\u0119gla k\u0119s\u00f3w. Wymiar jego ziaren wynosi od [&hellip;]<\/p>\n","protected":false},"author":1,"featured_media":910,"parent":0,"menu_order":0,"comment_status":"closed","ping_status":"closed","template":"elementor_header_footer","meta":{"footnotes":""},"class_list":["post-1175","page","type-page","status-publish","has-post-thumbnail","hentry"],"yoast_head":"<!-- This site is optimized with the Yoast SEO plugin v25.9 - https:\/\/yoast.com\/wordpress\/plugins\/seo\/ -->\n<title>W\u0119giel Orzech Sanok \u2013 Opa\u0142 Gruby w Atrakcyjnej Cenie | Urban<\/title>\n<meta name=\"description\" content=\"W\u0119giel orzech Sanok wysokokaloryczny opa\u0142 gruby do piec\u00f3w i kot\u0142\u00f3w. Zapewnia stabilne spalanie i du\u017c\u0105 ilo\u015b\u0107 ciep\u0142a. Zam\u00f3w w\u0119giel orzech.\" \/>\n<meta name=\"robots\" content=\"index, follow, max-snippet:-1, max-image-preview:large, max-video-preview:-1\" \/>\n<link rel=\"canonical\" href=\"https:\/\/urban.sanok.pl\/index.php\/wegiel-orzech-sanok\/\" \/>\n<meta property=\"og:locale\" content=\"pl_PL\" \/>\n<meta property=\"og:type\" content=\"article\" \/>\n<meta property=\"og:title\" content=\"W\u0119giel Orzech Sanok \u2013 Opa\u0142 Gruby w Atrakcyjnej Cenie | Urban\" \/>\n<meta property=\"og:description\" content=\"W\u0119giel orzech Sanok wysokokaloryczny opa\u0142 gruby do piec\u00f3w i kot\u0142\u00f3w. Zapewnia stabilne spalanie i du\u017c\u0105 ilo\u015b\u0107 ciep\u0142a. Zam\u00f3w w\u0119giel orzech.\" \/>\n<meta property=\"og:url\" content=\"https:\/\/urban.sanok.pl\/index.php\/wegiel-orzech-sanok\/\" \/>\n<meta property=\"og:site_name\" content=\"Urban Sanok\" \/>\n<meta property=\"article:publisher\" content=\"https:\/\/www.facebook.com\/profile.php?id=100054388307181&amp;rdid=N8Ytr4RPJt5dTGik&amp;share_url=httpswww.facebook.comshare1BKmVbm6ir#\" \/>\n<meta property=\"article:modified_time\" content=\"2025-09-14T18:36:46+00:00\" \/>\n<meta property=\"og:image\" content=\"https:\/\/urban.sanok.pl\/wp-content\/uploads\/2023\/05\/AdobeStock_299481370-scaled.jpeg\" \/>\n\t<meta property=\"og:image:width\" content=\"2560\" \/>\n\t<meta property=\"og:image:height\" content=\"1707\" \/>\n\t<meta property=\"og:image:type\" content=\"image\/jpeg\" \/>\n<meta name=\"twitter:card\" content=\"summary_large_image\" \/>\n<meta name=\"twitter:label1\" content=\"Szacowany czas czytania\" \/>\n\t<meta name=\"twitter:data1\" content=\"4 minuty\" \/>\n<script type=\"application\/ld+json\" class=\"yoast-schema-graph\">{\"@context\":\"https:\/\/schema.org\",\"@graph\":[{\"@type\":\"WebPage\",\"@id\":\"https:\/\/urban.sanok.pl\/index.php\/wegiel-orzech-sanok\/\",\"url\":\"https:\/\/urban.sanok.pl\/index.php\/wegiel-orzech-sanok\/\",\"name\":\"W\u0119giel Orzech Sanok \u2013 Opa\u0142 Gruby w Atrakcyjnej Cenie | Urban\",\"isPartOf\":{\"@id\":\"https:\/\/urban.sanok.pl\/#website\"},\"primaryImageOfPage\":{\"@id\":\"https:\/\/urban.sanok.pl\/index.php\/wegiel-orzech-sanok\/#primaryimage\"},\"image\":{\"@id\":\"https:\/\/urban.sanok.pl\/index.php\/wegiel-orzech-sanok\/#primaryimage\"},\"thumbnailUrl\":\"https:\/\/urban.sanok.pl\/wp-content\/uploads\/2023\/05\/AdobeStock_299481370-scaled.jpeg\",\"datePublished\":\"2023-05-12T14:22:26+00:00\",\"dateModified\":\"2025-09-14T18:36:46+00:00\",\"description\":\"W\u0119giel orzech Sanok wysokokaloryczny opa\u0142 gruby do piec\u00f3w i kot\u0142\u00f3w. Zapewnia stabilne spalanie i du\u017c\u0105 ilo\u015b\u0107 ciep\u0142a. Zam\u00f3w w\u0119giel orzech.\",\"breadcrumb\":{\"@id\":\"https:\/\/urban.sanok.pl\/index.php\/wegiel-orzech-sanok\/#breadcrumb\"},\"inLanguage\":\"pl-PL\",\"potentialAction\":[{\"@type\":\"ReadAction\",\"target\":[\"https:\/\/urban.sanok.pl\/index.php\/wegiel-orzech-sanok\/\"]}]},{\"@type\":\"ImageObject\",\"inLanguage\":\"pl-PL\",\"@id\":\"https:\/\/urban.sanok.pl\/index.php\/wegiel-orzech-sanok\/#primaryimage\",\"url\":\"https:\/\/urban.sanok.pl\/wp-content\/uploads\/2023\/05\/AdobeStock_299481370-scaled.jpeg\",\"contentUrl\":\"https:\/\/urban.sanok.pl\/wp-content\/uploads\/2023\/05\/AdobeStock_299481370-scaled.jpeg\",\"width\":2560,\"height\":1707,\"caption\":\"Drewno w siatkach \u2013 czysto\u015b\u0107 i wygoda\"},{\"@type\":\"BreadcrumbList\",\"@id\":\"https:\/\/urban.sanok.pl\/index.php\/wegiel-orzech-sanok\/#breadcrumb\",\"itemListElement\":[{\"@type\":\"ListItem\",\"position\":1,\"name\":\"Strona g\u0142\u00f3wna\",\"item\":\"https:\/\/urban.sanok.pl\/\"},{\"@type\":\"ListItem\",\"position\":2,\"name\":\"Orzech\"}]},{\"@type\":\"WebSite\",\"@id\":\"https:\/\/urban.sanok.pl\/#website\",\"url\":\"https:\/\/urban.sanok.pl\/\",\"name\":\"Urban Sanok\",\"description\":\"\",\"publisher\":{\"@id\":\"https:\/\/urban.sanok.pl\/#organization\"},\"potentialAction\":[{\"@type\":\"SearchAction\",\"target\":{\"@type\":\"EntryPoint\",\"urlTemplate\":\"https:\/\/urban.sanok.pl\/?s={search_term_string}\"},\"query-input\":{\"@type\":\"PropertyValueSpecification\",\"valueRequired\":true,\"valueName\":\"search_term_string\"}}],\"inLanguage\":\"pl-PL\"},{\"@type\":\"Organization\",\"@id\":\"https:\/\/urban.sanok.pl\/#organization\",\"name\":\"Urban Sanok\",\"url\":\"https:\/\/urban.sanok.pl\/\",\"logo\":{\"@type\":\"ImageObject\",\"inLanguage\":\"pl-PL\",\"@id\":\"https:\/\/urban.sanok.pl\/#\/schema\/logo\/image\/\",\"url\":\"https:\/\/urban.sanok.pl\/wp-content\/uploads\/2023\/05\/cropped-logo-psd-1.png\",\"contentUrl\":\"https:\/\/urban.sanok.pl\/wp-content\/uploads\/2023\/05\/cropped-logo-psd-1.png\",\"width\":512,\"height\":512,\"caption\":\"Urban Sanok\"},\"image\":{\"@id\":\"https:\/\/urban.sanok.pl\/#\/schema\/logo\/image\/\"},\"sameAs\":[\"https:\/\/www.facebook.com\/profile.php?id=100054388307181&rdid=N8Ytr4RPJt5dTGik&share_url=httpswww.facebook.comshare1BKmVbm6ir#\"]}]}<\/script>\n<!-- \/ Yoast SEO plugin. -->","yoast_head_json":{"title":"W\u0119giel Orzech Sanok \u2013 Opa\u0142 Gruby w Atrakcyjnej Cenie | Urban","description":"W\u0119giel orzech Sanok wysokokaloryczny opa\u0142 gruby do piec\u00f3w i kot\u0142\u00f3w. Zapewnia stabilne spalanie i du\u017c\u0105 ilo\u015b\u0107 ciep\u0142a. Zam\u00f3w w\u0119giel orzech.","robots":{"index":"index","follow":"follow","max-snippet":"max-snippet:-1","max-image-preview":"max-image-preview:large","max-video-preview":"max-video-preview:-1"},"canonical":"https:\/\/urban.sanok.pl\/index.php\/wegiel-orzech-sanok\/","og_locale":"pl_PL","og_type":"article","og_title":"W\u0119giel Orzech Sanok \u2013 Opa\u0142 Gruby w Atrakcyjnej Cenie | Urban","og_description":"W\u0119giel orzech Sanok wysokokaloryczny opa\u0142 gruby do piec\u00f3w i kot\u0142\u00f3w. Zapewnia stabilne spalanie i du\u017c\u0105 ilo\u015b\u0107 ciep\u0142a. Zam\u00f3w w\u0119giel orzech.","og_url":"https:\/\/urban.sanok.pl\/index.php\/wegiel-orzech-sanok\/","og_site_name":"Urban Sanok","article_publisher":"https:\/\/www.facebook.com\/profile.php?id=100054388307181&rdid=N8Ytr4RPJt5dTGik&share_url=httpswww.facebook.comshare1BKmVbm6ir#","article_modified_time":"2025-09-14T18:36:46+00:00","og_image":[{"width":2560,"height":1707,"url":"https:\/\/urban.sanok.pl\/wp-content\/uploads\/2023\/05\/AdobeStock_299481370-scaled.jpeg","type":"image\/jpeg"}],"twitter_card":"summary_large_image","twitter_misc":{"Szacowany czas czytania":"4 minuty"},"schema":{"@context":"https:\/\/schema.org","@graph":[{"@type":"WebPage","@id":"https:\/\/urban.sanok.pl\/index.php\/wegiel-orzech-sanok\/","url":"https:\/\/urban.sanok.pl\/index.php\/wegiel-orzech-sanok\/","name":"W\u0119giel Orzech Sanok \u2013 Opa\u0142 Gruby w Atrakcyjnej Cenie | Urban","isPartOf":{"@id":"https:\/\/urban.sanok.pl\/#website"},"primaryImageOfPage":{"@id":"https:\/\/urban.sanok.pl\/index.php\/wegiel-orzech-sanok\/#primaryimage"},"image":{"@id":"https:\/\/urban.sanok.pl\/index.php\/wegiel-orzech-sanok\/#primaryimage"},"thumbnailUrl":"https:\/\/urban.sanok.pl\/wp-content\/uploads\/2023\/05\/AdobeStock_299481370-scaled.jpeg","datePublished":"2023-05-12T14:22:26+00:00","dateModified":"2025-09-14T18:36:46+00:00","description":"W\u0119giel orzech Sanok wysokokaloryczny opa\u0142 gruby do piec\u00f3w i kot\u0142\u00f3w. Zapewnia stabilne spalanie i du\u017c\u0105 ilo\u015b\u0107 ciep\u0142a. Zam\u00f3w w\u0119giel orzech.","breadcrumb":{"@id":"https:\/\/urban.sanok.pl\/index.php\/wegiel-orzech-sanok\/#breadcrumb"},"inLanguage":"pl-PL","potentialAction":[{"@type":"ReadAction","target":["https:\/\/urban.sanok.pl\/index.php\/wegiel-orzech-sanok\/"]}]},{"@type":"ImageObject","inLanguage":"pl-PL","@id":"https:\/\/urban.sanok.pl\/index.php\/wegiel-orzech-sanok\/#primaryimage","url":"https:\/\/urban.sanok.pl\/wp-content\/uploads\/2023\/05\/AdobeStock_299481370-scaled.jpeg","contentUrl":"https:\/\/urban.sanok.pl\/wp-content\/uploads\/2023\/05\/AdobeStock_299481370-scaled.jpeg","width":2560,"height":1707,"caption":"Drewno w siatkach \u2013 czysto\u015b\u0107 i wygoda"},{"@type":"BreadcrumbList","@id":"https:\/\/urban.sanok.pl\/index.php\/wegiel-orzech-sanok\/#breadcrumb","itemListElement":[{"@type":"ListItem","position":1,"name":"Strona g\u0142\u00f3wna","item":"https:\/\/urban.sanok.pl\/"},{"@type":"ListItem","position":2,"name":"Orzech"}]},{"@type":"WebSite","@id":"https:\/\/urban.sanok.pl\/#website","url":"https:\/\/urban.sanok.pl\/","name":"Urban Sanok","description":"","publisher":{"@id":"https:\/\/urban.sanok.pl\/#organization"},"potentialAction":[{"@type":"SearchAction","target":{"@type":"EntryPoint","urlTemplate":"https:\/\/urban.sanok.pl\/?s={search_term_string}"},"query-input":{"@type":"PropertyValueSpecification","valueRequired":true,"valueName":"search_term_string"}}],"inLanguage":"pl-PL"},{"@type":"Organization","@id":"https:\/\/urban.sanok.pl\/#organization","name":"Urban Sanok","url":"https:\/\/urban.sanok.pl\/","logo":{"@type":"ImageObject","inLanguage":"pl-PL","@id":"https:\/\/urban.sanok.pl\/#\/schema\/logo\/image\/","url":"https:\/\/urban.sanok.pl\/wp-content\/uploads\/2023\/05\/cropped-logo-psd-1.png","contentUrl":"https:\/\/urban.sanok.pl\/wp-content\/uploads\/2023\/05\/cropped-logo-psd-1.png","width":512,"height":512,"caption":"Urban Sanok"},"image":{"@id":"https:\/\/urban.sanok.pl\/#\/schema\/logo\/image\/"},"sameAs":["https:\/\/www.facebook.com\/profile.php?id=100054388307181&rdid=N8Ytr4RPJt5dTGik&share_url=httpswww.facebook.comshare1BKmVbm6ir#"]}]}},"_links":{"self":[{"href":"https:\/\/urban.sanok.pl\/index.php\/wp-json\/wp\/v2\/pages\/1175","targetHints":{"allow":["GET"]}}],"collection":[{"href":"https:\/\/urban.sanok.pl\/index.php\/wp-json\/wp\/v2\/pages"}],"about":[{"href":"https:\/\/urban.sanok.pl\/index.php\/wp-json\/wp\/v2\/types\/page"}],"author":[{"embeddable":true,"href":"https:\/\/urban.sanok.pl\/index.php\/wp-json\/wp\/v2\/users\/1"}],"replies":[{"embeddable":true,"href":"https:\/\/urban.sanok.pl\/index.php\/wp-json\/wp\/v2\/comments?post=1175"}],"version-history":[{"count":20,"href":"https:\/\/urban.sanok.pl\/index.php\/wp-json\/wp\/v2\/pages\/1175\/revisions"}],"predecessor-version":[{"id":1407,"href":"https:\/\/urban.sanok.pl\/index.php\/wp-json\/wp\/v2\/pages\/1175\/revisions\/1407"}],"wp:featuredmedia":[{"embeddable":true,"href":"https:\/\/urban.sanok.pl\/index.php\/wp-json\/wp\/v2\/media\/910"}],"wp:attachment":[{"href":"https:\/\/urban.sanok.pl\/index.php\/wp-json\/wp\/v2\/media?parent=1175"}],"curies":[{"name":"wp","href":"https:\/\/api.w.org\/{rel}","templated":true}]}}