{"id":1176,"date":"2023-05-12T16:25:44","date_gmt":"2023-05-12T14:25:44","guid":{"rendered":"http:\/\/serwer199628.lh.pl\/autoinstalator\/serwer199628.lh.pl\/wordpress20675\/?page_id=1176"},"modified":"2025-09-14T20:59:29","modified_gmt":"2025-09-14T18:59:29","slug":"ekomial-w-sanok","status":"publish","type":"page","link":"https:\/\/urban.sanok.pl\/index.php\/ekomial-w-sanok\/","title":{"rendered":"Ekomia\u0142"},"content":{"rendered":"\t\t<div data-elementor-type=\"wp-page\" data-elementor-id=\"1176\" class=\"elementor elementor-1176\">\n\t\t\t\t\t\t\t\t\t<section class=\"elementor-section elementor-top-section elementor-element elementor-element-0d99d64 elementor-section-full_width elementor-section-height-default elementor-section-height-default\" data-id=\"0d99d64\" data-element_type=\"section\">\n\t\t\t\t\t\t<div class=\"elementor-container elementor-column-gap-no\">\n\t\t\t\t\t<div class=\"elementor-column elementor-col-100 elementor-top-column elementor-element elementor-element-86058fb\" data-id=\"86058fb\" data-element_type=\"column\">\n\t\t\t<div class=\"elementor-widget-wrap elementor-element-populated\">\n\t\t\t\t\t\t\t\t<div class=\"elementor-element elementor-element-7e61a5e elementor-widget elementor-widget-firbrigs_about\" data-id=\"7e61a5e\" data-element_type=\"widget\" data-widget_type=\"firbrigs_about.custom\">\n\t\t\t\t<div class=\"elementor-widget-container\">\n\t\t\t\n<!-- about-section -->\n<section class=\"about-section border-bottom\">\n\t<div class=\"auto-container\">\n\t\t<div class=\"row clearfix\">\n\t\t\t<div class=\"col-lg-6 col-md-12 col-sm-12 image-column\">\n\t\t\t\t<div class=\"image-box mr-70\">\n\t\t\t\t\t<figure class=\"image\"><img decoding=\"async\" src=\"https:\/\/urban.sanok.pl\/wp-content\/uploads\/2023\/05\/mial10.jpg\" loading=\"lazy\" alt=\"about image\"><\/figure>\n\n\t\t\t\t<\/div>\n\t\t\t<\/div>\n\t\t\t<div class=\"col-lg-6 col-md-12 col-sm-12 content-column\">\n\t\t\t\t<div class=\"content_block_1\">\n\t\t\t\t\t<div class=\"content-box mr-0\">\n\t\t\t\t\t\t<div class=\"sec-title\">\n\t\t\t\t\t\t\t<p><\/p>\n\t\t\t\t\t\t\t<!-- Title -->\n\t\t\t\t\t\t\t<h2 class=\"typo-title-text\"> Eko mia\u0142\t\t\t\t\t\t\t<\/h2>\n\t\t\t\t\t\t\t<!-- Title -->\n\t\t\t\t\t\t<\/div>\n\t\t\t\t\t\t<div class=\"text\">\n\t\t\t\t\t\t\t<p>Ekomia\u0142 to jedno z najta\u0144szych \u017ar\u00f3de\u0142 energii na polskim rynku, dzi\u0119ki czemu od lat cieszy si\u0119 du\u017c\u0105 popularno\u015bci\u0105 w\u015br\u00f3d gospodarstw domowych i ma\u0142ych firm. Stanowi praktyczne paliwo opa\u0142owe, kt\u00f3re powstaje jako drobna frakcja w\u0119gla kamiennego. Jego cena jest wyj\u0105tkowo korzystna, a jednocze\u015bnie zachowuje solidn\u0105 warto\u015b\u0107 opa\u0142ow\u0105.\n\nWarto podkre\u015bli\u0107, \u017ce podczas spalania emituje mniej szkodliwych gaz\u00f3w cieplarnianych ni\u017c tradycyjny w\u0119giel, co czyni go bardziej przyjaznym dla \u015brodowiska. Dodatkow\u0105 zalet\u0105 jest \u0142atwo\u015b\u0107 w magazynowaniu \u2013 odpowiednio przechowywany ekomia\u0142 nie wietrzeje i nie traci kaloryczno\u015bci. Dzi\u0119ki temu przez ca\u0142y okres u\u017cytkowania zachowuje wysok\u0105 jako\u015b\u0107.\n\nKolejnym atutem jest wydajno\u015b\u0107 podczas spalania. Ekomia\u0142 pozwala uzyska\u0107 du\u017co ciep\u0142a przy stosunkowo niskim zu\u017cyciu paliwa, co przek\u0142ada si\u0119 na realne oszcz\u0119dno\u015bci w sezonie grzewczym. Ponadto, je\u015bli jest prawid\u0142owo zapakowany, posiada gwarancj\u0119 odpowiedniej wagi i jako\u015bci. To sprawia, \u017ce klienci wybieraj\u0105 go nie tylko ze wzgl\u0119du na cen\u0119, ale tak\u017ce na pewno\u015b\u0107 stabilnych parametr\u00f3w opa\u0142u.<\/p>\n\t\t\t\t\t\t<\/div>\n\t\t\t\t\t\t<ul class=\"list-item clearfix\">\n\t\t\t\t\t\t\t\t\t\t\t\t\t\t<li>Kopalnia: KWK Piast, Ziemowit, Janina,<\/li>\n\t\t\t\t\t\t\t\t\t\t\t\t\t\t\t<li>Warto\u015b\u0107 opa\u0142owa: min. 24,<\/li>\n\t\t\t\t\t\t\t\t\t\t\t\t\t\t\t<li>Uziarnienie: 0mm - 24mm,<\/li>\n\t\t\t\t\t\t\t\t\t\t\t\t\t\t\t<li>Popi\u00f3\u0142 : max. 10-12%,<\/li>\n\t\t\t\t\t\t\t\t\t\t\t\t\t\t\t<li>Siarka: 1%,<\/li>\n\t\t\t\t\t\t\t\t\t\t\t\t\t\t\t<li>Spiekalno\u015b\u0107: 0-1.<\/li>\n\t\t\t\t\t\t\t\t\t\t\t\t\t\t<\/ul>\n\t\t\t\t\t\t\t\t\t\t\t<\/div>\n\t\t\t\t<\/div>\n\t\t\t<\/div>\n\t\t<\/div>\n\t<\/div>\n<\/section>\n<!-- about-section end -->\n\t\t\t\t<\/div>\n\t\t\t\t<\/div>\n\t\t\t\t\t<\/div>\n\t\t<\/div>\n\t\t\t\t\t\t\t<\/div>\n\t\t<\/section>\n\t\t\t\t<section class=\"elementor-section elementor-top-section elementor-element elementor-element-04726b2 elementor-section-full_width elementor-section-height-default elementor-section-height-default\" data-id=\"04726b2\" data-element_type=\"section\">\n\t\t\t\t\t\t<div class=\"elementor-container elementor-column-gap-no\">\n\t\t\t\t\t<div class=\"elementor-column elementor-col-100 elementor-top-column elementor-element elementor-element-9b8161d\" data-id=\"9b8161d\" data-element_type=\"column\">\n\t\t\t<div class=\"elementor-widget-wrap elementor-element-populated\">\n\t\t\t\t\t\t\t\t<div class=\"elementor-element elementor-element-944f341 elementor-widget elementor-widget-firbrigs_call_to_action\" data-id=\"944f341\" data-element_type=\"widget\" data-widget_type=\"firbrigs_call_to_action.default\">\n\t\t\t\t<div class=\"elementor-widget-container\">\n\t\t\t <section class=\"cta-section bg-color-3\">\n\t\t\t<div class=\"pattern-layer\" style=\"background-image: url(https:\/\/urban.sanok.pl\/wp-content\/uploads\/2020\/09\/pattern-1.png);\"><\/div>\n\t\t\t<div class=\"auto-container\">\n\t\t\t\t<div class=\"inner-box clearfix\">\n\t\t\t\t\t<div class=\"text pull-left\">\n\t\t\t\t\t\t<h2>24\/7 Available. Call us Immediately<br \/><a href=\"tel:6668880000\">666 888 0000 <\/a><\/h2>\n\t\t\t\t\t<\/div>\n\t\t\t\t\t<div class=\"btn-box pull-right\">\n\t\t\t\t\t\t<a href=\"https:\/\/urban.sanok.pl\/contact-us\/\" target=\"_blank\" rel=\"nofollow\" class=\"theme-btn-one\">Contact with us<\/a>\n\t\t\t\t\t<\/div>\n\t\t\t\t<\/div>\n\t\t\t<\/div>\n\t\t<\/section> \n\t\t\t\t<\/div>\n\t\t\t\t<\/div>\n\t\t\t\t\t<\/div>\n\t\t<\/div>\n\t\t\t\t\t\t\t<\/div>\n\t\t<\/section>\n\t\t\t\t<section class=\"elementor-section elementor-top-section elementor-element elementor-element-cbe4915 elementor-hidden-desktop elementor-hidden-tablet elementor-hidden-mobile elementor-section-boxed elementor-section-height-default elementor-section-height-default\" data-id=\"cbe4915\" data-element_type=\"section\">\n\t\t\t\t\t\t<div class=\"elementor-container elementor-column-gap-default\">\n\t\t\t\t\t<div class=\"elementor-column elementor-col-100 elementor-top-column elementor-element elementor-element-0d3587f\" data-id=\"0d3587f\" data-element_type=\"column\">\n\t\t\t<div class=\"elementor-widget-wrap elementor-element-populated\">\n\t\t\t\t\t\t\t\t<div class=\"elementor-element elementor-element-10ee48c elementor-widget elementor-widget-heading\" data-id=\"10ee48c\" data-element_type=\"widget\" data-widget_type=\"heading.default\">\n\t\t\t\t<div class=\"elementor-widget-container\">\n\t\t\t<style>\/*! elementor - v3.13.1 - 09-05-2023 *\/\n.elementor-heading-title{padding:0;margin:0;line-height:1}.elementor-widget-heading .elementor-heading-title[class*=elementor-size-]>a{color:inherit;font-size:inherit;line-height:inherit}.elementor-widget-heading .elementor-heading-title.elementor-size-small{font-size:15px}.elementor-widget-heading .elementor-heading-title.elementor-size-medium{font-size:19px}.elementor-widget-heading .elementor-heading-title.elementor-size-large{font-size:29px}.elementor-widget-heading .elementor-heading-title.elementor-size-xl{font-size:39px}.elementor-widget-heading .elementor-heading-title.elementor-size-xxl{font-size:59px}<\/style><h2 class=\"elementor-heading-title elementor-size-default\">Czym wyr\u00f3\u017cnia si\u0119 ekomia\u0142?<\/h2>\t\t<\/div>\n\t\t\t\t<\/div>\n\t\t\t\t<div class=\"elementor-element elementor-element-0f19e80 elementor-widget elementor-widget-text-editor\" data-id=\"0f19e80\" data-element_type=\"widget\" data-widget_type=\"text-editor.default\">\n\t\t\t\t<div class=\"elementor-widget-container\">\n\t\t\t<style>\/*! elementor - v3.13.1 - 09-05-2023 *\/\n.elementor-widget-text-editor.elementor-drop-cap-view-stacked .elementor-drop-cap{background-color:#69727d;color:#fff}.elementor-widget-text-editor.elementor-drop-cap-view-framed .elementor-drop-cap{color:#69727d;border:3px solid;background-color:transparent}.elementor-widget-text-editor:not(.elementor-drop-cap-view-default) .elementor-drop-cap{margin-top:8px}.elementor-widget-text-editor:not(.elementor-drop-cap-view-default) .elementor-drop-cap-letter{width:1em;height:1em}.elementor-widget-text-editor .elementor-drop-cap{float:left;text-align:center;line-height:1;font-size:50px}.elementor-widget-text-editor .elementor-drop-cap-letter{display:inline-block}<\/style>\t\t\t\t<p data-start=\"512\" data-end=\"1143\">Ekomia\u0142 to jeden z najcz\u0119\u015bciej wybieranych rodzaj\u00f3w opa\u0142u w Polsce, a jego popularno\u015b\u0107 wynika z korzystnej ceny oraz stabilnych w\u0142a\u015bciwo\u015bci grzewczych. Ten rodzaj paliwa powstaje jako drobna frakcja w\u0119gla kamiennego, dzi\u0119ki czemu jest \u0142atwo dost\u0119pny i szeroko wykorzystywany. Co wi\u0119cej, sprawdza si\u0119 zar\u00f3wno w gospodarstwach domowych, jak i w ma\u0142ych firmach, kt\u00f3re poszukuj\u0105 ekonomicznych \u017ar\u00f3de\u0142 energii. W sezonie zimowym ekomia\u0142 gwarantuje stabilne i r\u00f3wnomierne ciep\u0142o, co pozwala ograniczy\u0107 koszty ogrzewania. W po\u0142\u0105czeniu z nowoczesnymi kot\u0142ami staje si\u0119 praktycznym rozwi\u0105zaniem, kt\u00f3re zapewnia ciep\u0142o przez wiele miesi\u0119cy.<\/p>\t\t\t\t\t\t<\/div>\n\t\t\t\t<\/div>\n\t\t\t\t\t<\/div>\n\t\t<\/div>\n\t\t\t\t\t\t\t<\/div>\n\t\t<\/section>\n\t\t\t\t<section class=\"elementor-section elementor-top-section elementor-element elementor-element-13b5c12 elementor-hidden-desktop elementor-hidden-tablet elementor-hidden-mobile elementor-section-boxed elementor-section-height-default elementor-section-height-default\" data-id=\"13b5c12\" data-element_type=\"section\">\n\t\t\t\t\t\t<div class=\"elementor-container elementor-column-gap-default\">\n\t\t\t\t\t<div class=\"elementor-column elementor-col-100 elementor-top-column elementor-element elementor-element-e4425cf\" data-id=\"e4425cf\" data-element_type=\"column\">\n\t\t\t<div class=\"elementor-widget-wrap elementor-element-populated\">\n\t\t\t\t\t\t\t\t<div class=\"elementor-element elementor-element-f859921 elementor-widget elementor-widget-heading\" data-id=\"f859921\" data-element_type=\"widget\" data-widget_type=\"heading.default\">\n\t\t\t\t<div class=\"elementor-widget-container\">\n\t\t\t<h2 class=\"elementor-heading-title elementor-size-default\">Zalety stosowania ekomia\u0142u w ogrzewaniu<\/h2>\t\t<\/div>\n\t\t\t\t<\/div>\n\t\t\t\t<div class=\"elementor-element elementor-element-f28757d elementor-widget elementor-widget-text-editor\" data-id=\"f28757d\" data-element_type=\"widget\" data-widget_type=\"text-editor.default\">\n\t\t\t\t<div class=\"elementor-widget-container\">\n\t\t\t\t\t\t\t<p data-start=\"948\" data-end=\"1159\">Najwi\u0119ksz\u0105 przewag\u0105 ekomia\u0142u nad innymi paliwami jest jego niska cena w stosunku do warto\u015bci opa\u0142owej. To jedno z najta\u0144szych \u017ar\u00f3de\u0142 energii sta\u0142ej dost\u0119pnych na rynku, kt\u00f3re mimo atrakcyjnej ceny gwarantuje solidn\u0105 kaloryczno\u015b\u0107. Drobna struktura paliwa sprawia, \u017ce jest ono \u0142atwe w transporcie oraz przechowywaniu, co doceniaj\u0105 zar\u00f3wno osoby prywatne, jak i firmy. Podczas spalania emituje mniej gaz\u00f3w cieplarnianych ni\u017c tradycyjny w\u0119giel, dlatego jest uznawany za rozwi\u0105zanie bardziej przyjazne \u015brodowisku. Co istotne, dzi\u0119ki r\u00f3wnomiernemu spalaniu pozwala zoptymalizowa\u0107 zu\u017cycie opa\u0142u, co w praktyce oznacza dodatkowe oszcz\u0119dno\u015bci.<\/p>\t\t\t\t\t\t<\/div>\n\t\t\t\t<\/div>\n\t\t\t\t\t<\/div>\n\t\t<\/div>\n\t\t\t\t\t\t\t<\/div>\n\t\t<\/section>\n\t\t\t\t<section class=\"elementor-section elementor-top-section elementor-element elementor-element-839f51d elementor-hidden-desktop elementor-hidden-tablet elementor-hidden-mobile elementor-section-boxed elementor-section-height-default elementor-section-height-default\" data-id=\"839f51d\" data-element_type=\"section\">\n\t\t\t\t\t\t<div class=\"elementor-container elementor-column-gap-default\">\n\t\t\t\t\t<div class=\"elementor-column elementor-col-100 elementor-top-column elementor-element elementor-element-915519d\" data-id=\"915519d\" data-element_type=\"column\">\n\t\t\t<div class=\"elementor-widget-wrap elementor-element-populated\">\n\t\t\t\t\t\t\t\t<div class=\"elementor-element elementor-element-5e22935 elementor-widget elementor-widget-heading\" data-id=\"5e22935\" data-element_type=\"widget\" data-widget_type=\"heading.default\">\n\t\t\t\t<div class=\"elementor-widget-container\">\n\t\t\t<h2 class=\"elementor-heading-title elementor-size-default\">Ekomia\u0142 w ofercie Urban Sanok<\/h2>\t\t<\/div>\n\t\t\t\t<\/div>\n\t\t\t\t<div class=\"elementor-element elementor-element-c428dc3 elementor-widget elementor-widget-text-editor\" data-id=\"c428dc3\" data-element_type=\"widget\" data-widget_type=\"text-editor.default\">\n\t\t\t\t<div class=\"elementor-widget-container\">\n\t\t\t\t\t\t\t<p data-start=\"1875\" data-end=\"2540\">Nasz sk\u0142ad opa\u0142u w <a href=\"https:\/\/pl.wikipedia.org\/wiki\/Sanok\">Sanoku<\/a> dostarcza ekomia\u0142 najwy\u017cszej jako\u015bci, kt\u00f3ry spe\u0142nia oczekiwania klient\u00f3w indywidualnych i <a href=\"https:\/\/urban.sanok.pl\/index.php\/opal-sanok-produkty\/\">biznesowych<\/a>. Dbamy o to, aby oferowany opa\u0142 mia\u0142 stabilne parametry, co sprawia, \u017ce ogrzewanie jest wydajne i bezpieczne. Urban Sanok to nie tylko atrakcyjne ceny, ale tak\u017ce szybka dostawa opa\u0142u na terenie Sanoka i okolic. Ponadto zapewniamy doradztwo w zakresie wyboru odpowiedniego rodzaju paliwa i dopasowania ilo\u015bci do potrzeb klienta. Je\u015bli wi\u0119c szukasz taniego, sprawdzonego i ekologicznego opa\u0142u, ekomia\u0142 z naszej oferty b\u0119dzie doskona\u0142ym rozwi\u0105zaniem, kt\u00f3re pozwoli Ci komfortowo przetrwa\u0107 zim\u0119 i jednocze\u015bnie ograniczy\u0107 koszty ogrzewania.<\/p>\t\t\t\t\t\t<\/div>\n\t\t\t\t<\/div>\n\t\t\t\t\t<\/div>\n\t\t<\/div>\n\t\t\t\t\t\t\t<\/div>\n\t\t<\/section>\n\t\t\t\t\t\t\t<\/div>\n\t\t","protected":false},"excerpt":{"rendered":"<p>Eko mia\u0142 Ekomia\u0142 to jedno z najta\u0144szych \u017ar\u00f3de\u0142 energii na polskim rynku, dzi\u0119ki czemu od lat cieszy si\u0119 du\u017c\u0105 popularno\u015bci\u0105 [&hellip;]<\/p>\n","protected":false},"author":1,"featured_media":910,"parent":0,"menu_order":0,"comment_status":"closed","ping_status":"closed","template":"elementor_header_footer","meta":{"footnotes":""},"class_list":["post-1176","page","type-page","status-publish","has-post-thumbnail","hentry"],"yoast_head":"<!-- This site is optimized with the Yoast SEO plugin v25.9 - https:\/\/yoast.com\/wordpress\/plugins\/seo\/ -->\n<title>Ekomia\u0142 w Sanok Tani i Wydajny Opa\u0142 do Kot\u0142\u00f3w | Urban<\/title>\n<meta name=\"description\" content=\"Ekomia\u0142 w Sanok ekonomiczny opa\u0142 o dobrej kaloryczno\u015bci i niskiej cenie. Idealny do piec\u00f3w i kot\u0142\u00f3w. Sprawd\u017a ofert\u0119 ekomia\u0142u Urban z dostaw\u0105.\" \/>\n<meta name=\"robots\" content=\"index, follow, max-snippet:-1, max-image-preview:large, max-video-preview:-1\" \/>\n<link rel=\"canonical\" href=\"https:\/\/urban.sanok.pl\/index.php\/ekomial-w-sanok\/\" \/>\n<meta property=\"og:locale\" content=\"pl_PL\" \/>\n<meta property=\"og:type\" content=\"article\" \/>\n<meta property=\"og:title\" content=\"Ekomia\u0142 w Sanok Tani i Wydajny Opa\u0142 do Kot\u0142\u00f3w | Urban\" \/>\n<meta property=\"og:description\" content=\"Ekomia\u0142 w Sanok ekonomiczny opa\u0142 o dobrej kaloryczno\u015bci i niskiej cenie. Idealny do piec\u00f3w i kot\u0142\u00f3w. Sprawd\u017a ofert\u0119 ekomia\u0142u Urban z dostaw\u0105.\" \/>\n<meta property=\"og:url\" content=\"https:\/\/urban.sanok.pl\/index.php\/ekomial-w-sanok\/\" \/>\n<meta property=\"og:site_name\" content=\"Urban Sanok\" \/>\n<meta property=\"article:publisher\" content=\"https:\/\/www.facebook.com\/profile.php?id=100054388307181&amp;rdid=N8Ytr4RPJt5dTGik&amp;share_url=httpswww.facebook.comshare1BKmVbm6ir#\" \/>\n<meta property=\"article:modified_time\" content=\"2025-09-14T18:59:29+00:00\" \/>\n<meta property=\"og:image\" content=\"https:\/\/urban.sanok.pl\/wp-content\/uploads\/2023\/05\/AdobeStock_299481370-scaled.jpeg\" \/>\n\t<meta property=\"og:image:width\" content=\"2560\" \/>\n\t<meta property=\"og:image:height\" content=\"1707\" \/>\n\t<meta property=\"og:image:type\" content=\"image\/jpeg\" \/>\n<meta name=\"twitter:card\" content=\"summary_large_image\" \/>\n<meta name=\"twitter:label1\" content=\"Szacowany czas czytania\" \/>\n\t<meta name=\"twitter:data1\" content=\"4 minuty\" \/>\n<script type=\"application\/ld+json\" class=\"yoast-schema-graph\">{\"@context\":\"https:\/\/schema.org\",\"@graph\":[{\"@type\":\"WebPage\",\"@id\":\"https:\/\/urban.sanok.pl\/index.php\/ekomial-w-sanok\/\",\"url\":\"https:\/\/urban.sanok.pl\/index.php\/ekomial-w-sanok\/\",\"name\":\"Ekomia\u0142 w Sanok Tani i Wydajny Opa\u0142 do Kot\u0142\u00f3w | Urban\",\"isPartOf\":{\"@id\":\"https:\/\/urban.sanok.pl\/#website\"},\"primaryImageOfPage\":{\"@id\":\"https:\/\/urban.sanok.pl\/index.php\/ekomial-w-sanok\/#primaryimage\"},\"image\":{\"@id\":\"https:\/\/urban.sanok.pl\/index.php\/ekomial-w-sanok\/#primaryimage\"},\"thumbnailUrl\":\"https:\/\/urban.sanok.pl\/wp-content\/uploads\/2023\/05\/AdobeStock_299481370-scaled.jpeg\",\"datePublished\":\"2023-05-12T14:25:44+00:00\",\"dateModified\":\"2025-09-14T18:59:29+00:00\",\"description\":\"Ekomia\u0142 w Sanok ekonomiczny opa\u0142 o dobrej kaloryczno\u015bci i niskiej cenie. Idealny do piec\u00f3w i kot\u0142\u00f3w. Sprawd\u017a ofert\u0119 ekomia\u0142u Urban z dostaw\u0105.\",\"breadcrumb\":{\"@id\":\"https:\/\/urban.sanok.pl\/index.php\/ekomial-w-sanok\/#breadcrumb\"},\"inLanguage\":\"pl-PL\",\"potentialAction\":[{\"@type\":\"ReadAction\",\"target\":[\"https:\/\/urban.sanok.pl\/index.php\/ekomial-w-sanok\/\"]}]},{\"@type\":\"ImageObject\",\"inLanguage\":\"pl-PL\",\"@id\":\"https:\/\/urban.sanok.pl\/index.php\/ekomial-w-sanok\/#primaryimage\",\"url\":\"https:\/\/urban.sanok.pl\/wp-content\/uploads\/2023\/05\/AdobeStock_299481370-scaled.jpeg\",\"contentUrl\":\"https:\/\/urban.sanok.pl\/wp-content\/uploads\/2023\/05\/AdobeStock_299481370-scaled.jpeg\",\"width\":2560,\"height\":1707,\"caption\":\"Drewno w siatkach \u2013 czysto\u015b\u0107 i wygoda\"},{\"@type\":\"BreadcrumbList\",\"@id\":\"https:\/\/urban.sanok.pl\/index.php\/ekomial-w-sanok\/#breadcrumb\",\"itemListElement\":[{\"@type\":\"ListItem\",\"position\":1,\"name\":\"Strona g\u0142\u00f3wna\",\"item\":\"https:\/\/urban.sanok.pl\/\"},{\"@type\":\"ListItem\",\"position\":2,\"name\":\"Ekomia\u0142\"}]},{\"@type\":\"WebSite\",\"@id\":\"https:\/\/urban.sanok.pl\/#website\",\"url\":\"https:\/\/urban.sanok.pl\/\",\"name\":\"Urban Sanok\",\"description\":\"\",\"publisher\":{\"@id\":\"https:\/\/urban.sanok.pl\/#organization\"},\"potentialAction\":[{\"@type\":\"SearchAction\",\"target\":{\"@type\":\"EntryPoint\",\"urlTemplate\":\"https:\/\/urban.sanok.pl\/?s={search_term_string}\"},\"query-input\":{\"@type\":\"PropertyValueSpecification\",\"valueRequired\":true,\"valueName\":\"search_term_string\"}}],\"inLanguage\":\"pl-PL\"},{\"@type\":\"Organization\",\"@id\":\"https:\/\/urban.sanok.pl\/#organization\",\"name\":\"Urban Sanok\",\"url\":\"https:\/\/urban.sanok.pl\/\",\"logo\":{\"@type\":\"ImageObject\",\"inLanguage\":\"pl-PL\",\"@id\":\"https:\/\/urban.sanok.pl\/#\/schema\/logo\/image\/\",\"url\":\"https:\/\/urban.sanok.pl\/wp-content\/uploads\/2023\/05\/cropped-logo-psd-1.png\",\"contentUrl\":\"https:\/\/urban.sanok.pl\/wp-content\/uploads\/2023\/05\/cropped-logo-psd-1.png\",\"width\":512,\"height\":512,\"caption\":\"Urban Sanok\"},\"image\":{\"@id\":\"https:\/\/urban.sanok.pl\/#\/schema\/logo\/image\/\"},\"sameAs\":[\"https:\/\/www.facebook.com\/profile.php?id=100054388307181&rdid=N8Ytr4RPJt5dTGik&share_url=httpswww.facebook.comshare1BKmVbm6ir#\"]}]}<\/script>\n<!-- \/ Yoast SEO plugin. -->","yoast_head_json":{"title":"Ekomia\u0142 w Sanok Tani i Wydajny Opa\u0142 do Kot\u0142\u00f3w | Urban","description":"Ekomia\u0142 w Sanok ekonomiczny opa\u0142 o dobrej kaloryczno\u015bci i niskiej cenie. Idealny do piec\u00f3w i kot\u0142\u00f3w. Sprawd\u017a ofert\u0119 ekomia\u0142u Urban z dostaw\u0105.","robots":{"index":"index","follow":"follow","max-snippet":"max-snippet:-1","max-image-preview":"max-image-preview:large","max-video-preview":"max-video-preview:-1"},"canonical":"https:\/\/urban.sanok.pl\/index.php\/ekomial-w-sanok\/","og_locale":"pl_PL","og_type":"article","og_title":"Ekomia\u0142 w Sanok Tani i Wydajny Opa\u0142 do Kot\u0142\u00f3w | Urban","og_description":"Ekomia\u0142 w Sanok ekonomiczny opa\u0142 o dobrej kaloryczno\u015bci i niskiej cenie. Idealny do piec\u00f3w i kot\u0142\u00f3w. Sprawd\u017a ofert\u0119 ekomia\u0142u Urban z dostaw\u0105.","og_url":"https:\/\/urban.sanok.pl\/index.php\/ekomial-w-sanok\/","og_site_name":"Urban Sanok","article_publisher":"https:\/\/www.facebook.com\/profile.php?id=100054388307181&rdid=N8Ytr4RPJt5dTGik&share_url=httpswww.facebook.comshare1BKmVbm6ir#","article_modified_time":"2025-09-14T18:59:29+00:00","og_image":[{"width":2560,"height":1707,"url":"https:\/\/urban.sanok.pl\/wp-content\/uploads\/2023\/05\/AdobeStock_299481370-scaled.jpeg","type":"image\/jpeg"}],"twitter_card":"summary_large_image","twitter_misc":{"Szacowany czas czytania":"4 minuty"},"schema":{"@context":"https:\/\/schema.org","@graph":[{"@type":"WebPage","@id":"https:\/\/urban.sanok.pl\/index.php\/ekomial-w-sanok\/","url":"https:\/\/urban.sanok.pl\/index.php\/ekomial-w-sanok\/","name":"Ekomia\u0142 w Sanok Tani i Wydajny Opa\u0142 do Kot\u0142\u00f3w | Urban","isPartOf":{"@id":"https:\/\/urban.sanok.pl\/#website"},"primaryImageOfPage":{"@id":"https:\/\/urban.sanok.pl\/index.php\/ekomial-w-sanok\/#primaryimage"},"image":{"@id":"https:\/\/urban.sanok.pl\/index.php\/ekomial-w-sanok\/#primaryimage"},"thumbnailUrl":"https:\/\/urban.sanok.pl\/wp-content\/uploads\/2023\/05\/AdobeStock_299481370-scaled.jpeg","datePublished":"2023-05-12T14:25:44+00:00","dateModified":"2025-09-14T18:59:29+00:00","description":"Ekomia\u0142 w Sanok ekonomiczny opa\u0142 o dobrej kaloryczno\u015bci i niskiej cenie. Idealny do piec\u00f3w i kot\u0142\u00f3w. Sprawd\u017a ofert\u0119 ekomia\u0142u Urban z dostaw\u0105.","breadcrumb":{"@id":"https:\/\/urban.sanok.pl\/index.php\/ekomial-w-sanok\/#breadcrumb"},"inLanguage":"pl-PL","potentialAction":[{"@type":"ReadAction","target":["https:\/\/urban.sanok.pl\/index.php\/ekomial-w-sanok\/"]}]},{"@type":"ImageObject","inLanguage":"pl-PL","@id":"https:\/\/urban.sanok.pl\/index.php\/ekomial-w-sanok\/#primaryimage","url":"https:\/\/urban.sanok.pl\/wp-content\/uploads\/2023\/05\/AdobeStock_299481370-scaled.jpeg","contentUrl":"https:\/\/urban.sanok.pl\/wp-content\/uploads\/2023\/05\/AdobeStock_299481370-scaled.jpeg","width":2560,"height":1707,"caption":"Drewno w siatkach \u2013 czysto\u015b\u0107 i wygoda"},{"@type":"BreadcrumbList","@id":"https:\/\/urban.sanok.pl\/index.php\/ekomial-w-sanok\/#breadcrumb","itemListElement":[{"@type":"ListItem","position":1,"name":"Strona g\u0142\u00f3wna","item":"https:\/\/urban.sanok.pl\/"},{"@type":"ListItem","position":2,"name":"Ekomia\u0142"}]},{"@type":"WebSite","@id":"https:\/\/urban.sanok.pl\/#website","url":"https:\/\/urban.sanok.pl\/","name":"Urban Sanok","description":"","publisher":{"@id":"https:\/\/urban.sanok.pl\/#organization"},"potentialAction":[{"@type":"SearchAction","target":{"@type":"EntryPoint","urlTemplate":"https:\/\/urban.sanok.pl\/?s={search_term_string}"},"query-input":{"@type":"PropertyValueSpecification","valueRequired":true,"valueName":"search_term_string"}}],"inLanguage":"pl-PL"},{"@type":"Organization","@id":"https:\/\/urban.sanok.pl\/#organization","name":"Urban Sanok","url":"https:\/\/urban.sanok.pl\/","logo":{"@type":"ImageObject","inLanguage":"pl-PL","@id":"https:\/\/urban.sanok.pl\/#\/schema\/logo\/image\/","url":"https:\/\/urban.sanok.pl\/wp-content\/uploads\/2023\/05\/cropped-logo-psd-1.png","contentUrl":"https:\/\/urban.sanok.pl\/wp-content\/uploads\/2023\/05\/cropped-logo-psd-1.png","width":512,"height":512,"caption":"Urban Sanok"},"image":{"@id":"https:\/\/urban.sanok.pl\/#\/schema\/logo\/image\/"},"sameAs":["https:\/\/www.facebook.com\/profile.php?id=100054388307181&rdid=N8Ytr4RPJt5dTGik&share_url=httpswww.facebook.comshare1BKmVbm6ir#"]}]}},"_links":{"self":[{"href":"https:\/\/urban.sanok.pl\/index.php\/wp-json\/wp\/v2\/pages\/1176","targetHints":{"allow":["GET"]}}],"collection":[{"href":"https:\/\/urban.sanok.pl\/index.php\/wp-json\/wp\/v2\/pages"}],"about":[{"href":"https:\/\/urban.sanok.pl\/index.php\/wp-json\/wp\/v2\/types\/page"}],"author":[{"embeddable":true,"href":"https:\/\/urban.sanok.pl\/index.php\/wp-json\/wp\/v2\/users\/1"}],"replies":[{"embeddable":true,"href":"https:\/\/urban.sanok.pl\/index.php\/wp-json\/wp\/v2\/comments?post=1176"}],"version-history":[{"count":48,"href":"https:\/\/urban.sanok.pl\/index.php\/wp-json\/wp\/v2\/pages\/1176\/revisions"}],"predecessor-version":[{"id":1459,"href":"https:\/\/urban.sanok.pl\/index.php\/wp-json\/wp\/v2\/pages\/1176\/revisions\/1459"}],"wp:featuredmedia":[{"embeddable":true,"href":"https:\/\/urban.sanok.pl\/index.php\/wp-json\/wp\/v2\/media\/910"}],"wp:attachment":[{"href":"https:\/\/urban.sanok.pl\/index.php\/wp-json\/wp\/v2\/media?parent=1176"}],"curies":[{"name":"wp","href":"https:\/\/api.w.org\/{rel}","templated":true}]}}