{"id":1177,"date":"2023-05-12T16:28:33","date_gmt":"2023-05-12T14:28:33","guid":{"rendered":"http:\/\/serwer199628.lh.pl\/autoinstalator\/serwer199628.lh.pl\/wordpress20675\/?page_id=1177"},"modified":"2025-09-14T21:08:35","modified_gmt":"2025-09-14T19:08:35","slug":"drewno-kominkowe-sanok","status":"publish","type":"page","link":"https:\/\/urban.sanok.pl\/index.php\/drewno-kominkowe-sanok\/","title":{"rendered":"Drewno kominkowe"},"content":{"rendered":"\t\t<div data-elementor-type=\"wp-page\" data-elementor-id=\"1177\" class=\"elementor elementor-1177\">\n\t\t\t\t\t\t\t\t\t<section class=\"elementor-section elementor-top-section elementor-element elementor-element-0d99d64 elementor-section-full_width elementor-section-height-default elementor-section-height-default\" data-id=\"0d99d64\" data-element_type=\"section\">\n\t\t\t\t\t\t<div class=\"elementor-container elementor-column-gap-no\">\n\t\t\t\t\t<div class=\"elementor-column elementor-col-100 elementor-top-column elementor-element elementor-element-86058fb\" data-id=\"86058fb\" data-element_type=\"column\">\n\t\t\t<div class=\"elementor-widget-wrap elementor-element-populated\">\n\t\t\t\t\t\t\t\t<div class=\"elementor-element elementor-element-7e61a5e elementor-widget elementor-widget-firbrigs_about\" data-id=\"7e61a5e\" data-element_type=\"widget\" data-widget_type=\"firbrigs_about.custom\">\n\t\t\t\t<div class=\"elementor-widget-container\">\n\t\t\t\n<!-- about-section -->\n<section class=\"about-section border-bottom\">\n\t<div class=\"auto-container\">\n\t\t<div class=\"row clearfix\">\n\t\t\t<div class=\"col-lg-6 col-md-12 col-sm-12 image-column\">\n\t\t\t\t<div class=\"image-box mr-70\">\n\t\t\t\t\t<figure class=\"image\"><img decoding=\"async\" src=\"https:\/\/urban.sanok.pl\/wp-content\/uploads\/2023\/05\/drewno0.jpg\" loading=\"lazy\" alt=\"about image\"><\/figure>\n\n\t\t\t\t<\/div>\n\t\t\t<\/div>\n\t\t\t<div class=\"col-lg-6 col-md-12 col-sm-12 content-column\">\n\t\t\t\t<div class=\"content_block_1\">\n\t\t\t\t\t<div class=\"content-box mr-0\">\n\t\t\t\t\t\t<div class=\"sec-title\">\n\t\t\t\t\t\t\t<p><\/p>\n\t\t\t\t\t\t\t<!-- Title -->\n\t\t\t\t\t\t\t<h2 class=\"typo-title-text\"> Drewno kominkowe\t\t\t\t\t\t\t<\/h2>\n\t\t\t\t\t\t\t<!-- Title -->\n\t\t\t\t\t\t<\/div>\n\t\t\t\t\t\t<div class=\"text\">\n\t\t\t\t\t\t\t<p>Opalanie drewnem wr\u00f3ci\u0142o do \u0142ask. W ostatnich latach wiele gospodarstw, zw\u0142aszcza maj\u0105cych mo\u017cliwo\u015b\u0107 taniego zaopatrywania si\u0119 w drzewny surowiec opa\u0142owy - w tym le\u015bnych i rolnych, zdecydowa\u0142o si\u0119 na instalacj\u0119 urz\u0105dze\u0144 grzewczych opalanych polanami, szczapami. Przyczyni\u0142 si\u0119 do tego z pewno\u015bci\u0105 wzrost cen oleju opa\u0142owego, gazu i pr\u0105du. Drewno kominkowe Sanok.<\/p>\n\t\t\t\t\t\t<\/div>\n\t\t\t\t\t\t<ul class=\"list-item clearfix\">\n\t\t\t\t\t\t\t\t\t\t\t\t\t\t<li>Sposoby wyrabiania drewna opa\u0142owego i technika kot\u0142\u00f3w grzewczych opalanych drewnem osi\u0105gn\u0119\u0142y wysoki poziom rozwoju. Warto\u015b\u0107 opa\u0142owa drewna zale\u017cy od jego rodzaju, postaci wyr\u00f3bki i wilgotno\u015bci. Pomimo, \u017ce drewno opa\u0142owe rozlicza si\u0119 niemal wy\u0142\u0105cznie w jednostkach obj\u0119to\u015bci - metrach sze\u015bciennych, to zasadniczo jego warto\u015b\u0107 opa\u0142ow\u0105 okre\u015bla masa w\u0142a\u015bciwa przeliczona na metry przestrzenne. Pewn\u0105 r\u00f3\u017cnic\u0119 w warto\u015bci opa\u0142owej wykazuje drewno iglaste i drewno li\u015bciaste. W przypadku takiej samej masy powietrzno-suchego drewna iglastego i li\u015bciastego nieco wy\u017csz\u0105 warto\u015b\u0107 opa\u0142ow\u0105 ma to drugie. Jeden metr sze\u015bcienny drewna bukowego odpowiada 215 litrom oleju opa\u0142owego. Pod uwag\u0119 trzeba jednak tak\u017ce wzi\u0105\u0107 korzy\u015bci dla \u015brodowiska naturalnego wynikaj\u0105ce ze stosowania surowca odnawialnego, jakim jest drewno.<\/li>\n\t\t\t\t\t\t\t\t\t\t\t\t\t\t<\/ul>\n\t\t\t\t\t\t\t\t\t\t\t<\/div>\n\t\t\t\t<\/div>\n\t\t\t<\/div>\n\t\t<\/div>\n\t<\/div>\n<\/section>\n<!-- about-section end -->\n\t\t\t\t<\/div>\n\t\t\t\t<\/div>\n\t\t\t\t\t<\/div>\n\t\t<\/div>\n\t\t\t\t\t\t\t<\/div>\n\t\t<\/section>\n\t\t\t\t<section class=\"elementor-section elementor-top-section elementor-element elementor-element-04726b2 elementor-section-full_width elementor-section-height-default elementor-section-height-default\" data-id=\"04726b2\" data-element_type=\"section\">\n\t\t\t\t\t\t<div class=\"elementor-container elementor-column-gap-no\">\n\t\t\t\t\t<div class=\"elementor-column elementor-col-100 elementor-top-column elementor-element elementor-element-9b8161d\" data-id=\"9b8161d\" data-element_type=\"column\">\n\t\t\t<div class=\"elementor-widget-wrap elementor-element-populated\">\n\t\t\t\t\t\t\t\t<div class=\"elementor-element elementor-element-944f341 elementor-widget elementor-widget-firbrigs_call_to_action\" data-id=\"944f341\" data-element_type=\"widget\" data-widget_type=\"firbrigs_call_to_action.default\">\n\t\t\t\t<div class=\"elementor-widget-container\">\n\t\t\t <section class=\"cta-section bg-color-3\">\n\t\t\t<div class=\"pattern-layer\" style=\"background-image: url(https:\/\/urban.sanok.pl\/wp-content\/uploads\/2020\/09\/pattern-1.png);\"><\/div>\n\t\t\t<div class=\"auto-container\">\n\t\t\t\t<div class=\"inner-box clearfix\">\n\t\t\t\t\t<div class=\"text pull-left\">\n\t\t\t\t\t\t<h2>24\/7 Available. Call us Immediately<br \/><a href=\"tel:6668880000\">666 888 0000 <\/a><\/h2>\n\t\t\t\t\t<\/div>\n\t\t\t\t\t<div class=\"btn-box pull-right\">\n\t\t\t\t\t\t<a href=\"https:\/\/urban.sanok.pl\/contact-us\/\" target=\"_blank\" rel=\"nofollow\" class=\"theme-btn-one\">Contact with us<\/a>\n\t\t\t\t\t<\/div>\n\t\t\t\t<\/div>\n\t\t\t<\/div>\n\t\t<\/section> \n\t\t\t\t<\/div>\n\t\t\t\t<\/div>\n\t\t\t\t\t<\/div>\n\t\t<\/div>\n\t\t\t\t\t\t\t<\/div>\n\t\t<\/section>\n\t\t\t\t<section class=\"elementor-section elementor-top-section elementor-element elementor-element-b58eff7 elementor-hidden-desktop elementor-hidden-tablet elementor-hidden-mobile elementor-section-boxed elementor-section-height-default elementor-section-height-default\" data-id=\"b58eff7\" data-element_type=\"section\">\n\t\t\t\t\t\t<div class=\"elementor-container elementor-column-gap-default\">\n\t\t\t\t\t<div class=\"elementor-column elementor-col-100 elementor-top-column elementor-element elementor-element-c0d9a5c\" data-id=\"c0d9a5c\" data-element_type=\"column\">\n\t\t\t<div class=\"elementor-widget-wrap elementor-element-populated\">\n\t\t\t\t\t\t\t\t<div class=\"elementor-element elementor-element-177025b elementor-widget elementor-widget-heading\" data-id=\"177025b\" data-element_type=\"widget\" data-widget_type=\"heading.default\">\n\t\t\t\t<div class=\"elementor-widget-container\">\n\t\t\t<style>\/*! elementor - v3.13.1 - 09-05-2023 *\/\n.elementor-heading-title{padding:0;margin:0;line-height:1}.elementor-widget-heading .elementor-heading-title[class*=elementor-size-]>a{color:inherit;font-size:inherit;line-height:inherit}.elementor-widget-heading .elementor-heading-title.elementor-size-small{font-size:15px}.elementor-widget-heading .elementor-heading-title.elementor-size-medium{font-size:19px}.elementor-widget-heading .elementor-heading-title.elementor-size-large{font-size:29px}.elementor-widget-heading .elementor-heading-title.elementor-size-xl{font-size:39px}.elementor-widget-heading .elementor-heading-title.elementor-size-xxl{font-size:59px}<\/style><h2 class=\"elementor-heading-title elementor-size-default\">Dlaczego warto wybra\u0107 drewno kominkowe?<\/h2>\t\t<\/div>\n\t\t\t\t<\/div>\n\t\t\t\t<div class=\"elementor-element elementor-element-db1c27b elementor-widget elementor-widget-text-editor\" data-id=\"db1c27b\" data-element_type=\"widget\" data-widget_type=\"text-editor.default\">\n\t\t\t\t<div class=\"elementor-widget-container\">\n\t\t\t<style>\/*! elementor - v3.13.1 - 09-05-2023 *\/\n.elementor-widget-text-editor.elementor-drop-cap-view-stacked .elementor-drop-cap{background-color:#69727d;color:#fff}.elementor-widget-text-editor.elementor-drop-cap-view-framed .elementor-drop-cap{color:#69727d;border:3px solid;background-color:transparent}.elementor-widget-text-editor:not(.elementor-drop-cap-view-default) .elementor-drop-cap{margin-top:8px}.elementor-widget-text-editor:not(.elementor-drop-cap-view-default) .elementor-drop-cap-letter{width:1em;height:1em}.elementor-widget-text-editor .elementor-drop-cap{float:left;text-align:center;line-height:1;font-size:50px}.elementor-widget-text-editor .elementor-drop-cap-letter{display:inline-block}<\/style>\t\t\t\t<p data-start=\"199\" data-end=\"700\">Drewno kominkowe od lat cieszy si\u0119 du\u017c\u0105 popularno\u015bci\u0105 w\u015br\u00f3d os\u00f3b poszukuj\u0105cych ekologicznego i wydajnego paliwa do ogrzewania domu. Jego g\u0142\u00f3wn\u0105 zalet\u0105 jest fakt, \u017ce pochodzi z odnawialnych \u017ar\u00f3de\u0142 energii, co czyni go przyjaznym dla \u015brodowiska. W przeciwie\u0144stwie do paliw kopalnych, spalanie drewna nie przyczynia si\u0119 do zwi\u0119kszania efektu cieplarnianego w takim stopniu, poniewa\u017c dwutlenek w\u0119gla wydzielany podczas spalania jest r\u00f3wnowa\u017cony przez ilo\u015b\u0107 CO\u2082 poch\u0142oni\u0119t\u0105 przez drzewa w czasie wzrostu.<\/p><p data-start=\"702\" data-end=\"1011\">Drewno kominkowe to tak\u017ce paliwo niezwykle wszechstronne. Mo\u017ce by\u0107 stosowane zar\u00f3wno w kominkach dekoracyjnych, jak i w piecach centralnego ogrzewania przystosowanych do spalania drewna. Dzi\u0119ki temu doskonale sprawdza si\u0119 w domach jednorodzinnych, domkach letniskowych, a tak\u017ce w niewielkich gospodarstwach.<\/p>\t\t\t\t\t\t<\/div>\n\t\t\t\t<\/div>\n\t\t\t\t\t<\/div>\n\t\t<\/div>\n\t\t\t\t\t\t\t<\/div>\n\t\t<\/section>\n\t\t\t\t<section class=\"elementor-section elementor-top-section elementor-element elementor-element-553429a elementor-hidden-desktop elementor-hidden-tablet elementor-hidden-mobile elementor-section-boxed elementor-section-height-default elementor-section-height-default\" data-id=\"553429a\" data-element_type=\"section\">\n\t\t\t\t\t\t<div class=\"elementor-container elementor-column-gap-default\">\n\t\t\t\t\t<div class=\"elementor-column elementor-col-100 elementor-top-column elementor-element elementor-element-10903c2\" data-id=\"10903c2\" data-element_type=\"column\">\n\t\t\t<div class=\"elementor-widget-wrap elementor-element-populated\">\n\t\t\t\t\t\t\t\t<div class=\"elementor-element elementor-element-90f7bfa elementor-widget elementor-widget-heading\" data-id=\"90f7bfa\" data-element_type=\"widget\" data-widget_type=\"heading.default\">\n\t\t\t\t<div class=\"elementor-widget-container\">\n\t\t\t<h2 class=\"elementor-heading-title elementor-size-default\">Zalety ogrzewania drewnem opa\u0142owym<\/h2>\t\t<\/div>\n\t\t\t\t<\/div>\n\t\t\t\t<div class=\"elementor-element elementor-element-dedffeb elementor-widget elementor-widget-text-editor\" data-id=\"dedffeb\" data-element_type=\"widget\" data-widget_type=\"text-editor.default\">\n\t\t\t\t<div class=\"elementor-widget-container\">\n\t\t\t\t\t\t\t<p data-start=\"1058\" data-end=\"1432\">Najwi\u0119ksz\u0105 zalet\u0105 drewna kominkowego jest jego dost\u0119pno\u015b\u0107 oraz korzystna cena w stosunku do innych \u017ar\u00f3de\u0142 ciep\u0142a. Wiele os\u00f3b wybiera w\u0142a\u015bnie ten rodzaj opa\u0142u ze wzgl\u0119du na oszcz\u0119dno\u015bci, jakie mo\u017cna osi\u0105gn\u0105\u0107 w sezonie grzewczym. Co wi\u0119cej, drewno kominkowe charakteryzuje si\u0119 wysok\u0105 kaloryczno\u015bci\u0105 \u2013 przy odpowiednim sezonowaniu zapewnia d\u0142ugotrwa\u0142e i r\u00f3wnomierne spalanie.<\/p><p data-start=\"1434\" data-end=\"1700\">Opr\u00f3cz aspekt\u00f3w ekonomicznych warto wspomnie\u0107 o walorach estetycznych. Pal\u0105ce si\u0119 w kominku drewno tworzy wyj\u0105tkowy klimat w domu, daj\u0105c ciep\u0142o, blask i przyjemny zapach. Nic nie zast\u0105pi atmosfery, jak\u0105 buduje trzaskaj\u0105ce w ogniu drewno podczas zimowych wieczor\u00f3w.<\/p><p data-start=\"702\" data-end=\"1011\">Drewno kominkowe to tak\u017ce paliwo niezwykle wszechstronne. Mo\u017ce by\u0107 stosowane zar\u00f3wno w kominkach dekoracyjnych, jak i w piecach centralnego ogrzewania przystosowanych do spalania drewna. Dzi\u0119ki temu doskonale sprawdza si\u0119 w domach jednorodzinnych, domkach letniskowych, a tak\u017ce w niewielkich gospodarstwach.<\/p>\t\t\t\t\t\t<\/div>\n\t\t\t\t<\/div>\n\t\t\t\t\t<\/div>\n\t\t<\/div>\n\t\t\t\t\t\t\t<\/div>\n\t\t<\/section>\n\t\t\t\t<section class=\"elementor-section elementor-top-section elementor-element elementor-element-f25f61e elementor-hidden-desktop elementor-hidden-tablet elementor-hidden-mobile elementor-section-boxed elementor-section-height-default elementor-section-height-default\" data-id=\"f25f61e\" data-element_type=\"section\">\n\t\t\t\t\t\t<div class=\"elementor-container elementor-column-gap-default\">\n\t\t\t\t\t<div class=\"elementor-column elementor-col-100 elementor-top-column elementor-element elementor-element-beb3272\" data-id=\"beb3272\" data-element_type=\"column\">\n\t\t\t<div class=\"elementor-widget-wrap elementor-element-populated\">\n\t\t\t\t\t\t\t\t<div class=\"elementor-element elementor-element-b3c6edf elementor-widget elementor-widget-heading\" data-id=\"b3c6edf\" data-element_type=\"widget\" data-widget_type=\"heading.default\">\n\t\t\t\t<div class=\"elementor-widget-container\">\n\t\t\t<h2 class=\"elementor-heading-title elementor-size-default\">Jak przygotowa\u0107 drewno kominkowe do spalania?<\/h2>\t\t<\/div>\n\t\t\t\t<\/div>\n\t\t\t\t<div class=\"elementor-element elementor-element-0d43fe0 elementor-widget elementor-widget-text-editor\" data-id=\"0d43fe0\" data-element_type=\"widget\" data-widget_type=\"text-editor.default\">\n\t\t\t\t<div class=\"elementor-widget-container\">\n\t\t\t\t\t\t\t<p data-start=\"1758\" data-end=\"2141\">Aby <a href=\"https:\/\/urban.sanok.pl\/index.php\/opal-sanok-produkty\/\">drewno kominkow<\/a>e by\u0142o wydajne, powinno by\u0107 odpowiednio przygotowane i wysuszone. <a href=\"https:\/\/pl.wikipedia.org\/wiki\/Sanok\">Najlepiej<\/a>, je\u015bli zostanie poci\u0119te na szczapy i sk\u0142adowane w przewiewnym miejscu przez co najmniej kilkana\u015bcie miesi\u0119cy. Tylko wtedy osi\u0105ga optymaln\u0105 wilgotno\u015b\u0107, nieprzekraczaj\u0105c\u0105 20%. Zbyt wilgotne drewno spala si\u0119 gorzej, daje mniej ciep\u0142a i powoduje osadzanie si\u0119 sadzy w przewodach kominowych.<\/p><p data-start=\"2143\" data-end=\"2494\">Dobr\u0105 praktyk\u0105 jest r\u00f3wnie\u017c wyb\u00f3r odpowiedniego gatunku drewna. Najwy\u017csz\u0105 warto\u015b\u0107 opa\u0142ow\u0105 maj\u0105 gatunki li\u015bciaste, takie jak d\u0105b, buk czy grab. Drewno iglaste spala si\u0119 szybciej i wydziela wi\u0119cej \u017cywicy, ale bywa przydatne do rozpalania. W\u0142a\u015bciwe po\u0142\u0105czenie obu rodzaj\u00f3w drewna pozwala uzyska\u0107 najlepsze efekty grzewcze i komfort u\u017cytkowania kominka.<\/p>\t\t\t\t\t\t<\/div>\n\t\t\t\t<\/div>\n\t\t\t\t\t<\/div>\n\t\t<\/div>\n\t\t\t\t\t\t\t<\/div>\n\t\t<\/section>\n\t\t\t\t\t\t\t<\/div>\n\t\t","protected":false},"excerpt":{"rendered":"<p>Drewno kominkowe Opalanie drewnem wr\u00f3ci\u0142o do \u0142ask. W ostatnich latach wiele gospodarstw, zw\u0142aszcza maj\u0105cych mo\u017cliwo\u015b\u0107 taniego zaopatrywania si\u0119 w drzewny [&hellip;]<\/p>\n","protected":false},"author":1,"featured_media":910,"parent":0,"menu_order":0,"comment_status":"closed","ping_status":"closed","template":"elementor_header_footer","meta":{"footnotes":""},"class_list":["post-1177","page","type-page","status-publish","has-post-thumbnail","hentry"],"yoast_head":"<!-- This site is optimized with the Yoast SEO plugin v25.9 - https:\/\/yoast.com\/wordpress\/plugins\/seo\/ -->\n<title>Drewno kominkowe Sanok opa\u0142 do komink\u00f3w i piec\u00f3w<\/title>\n<meta name=\"description\" content=\"Drewno kominkowe Sanok to ekologiczne i wydajne paliwo do komink\u00f3w i piec\u00f3w. Sprawd\u017a ofert\u0119 drewna opa\u0142owego OPAL Sanok.\" \/>\n<meta name=\"robots\" content=\"index, follow, max-snippet:-1, max-image-preview:large, max-video-preview:-1\" \/>\n<link rel=\"canonical\" href=\"https:\/\/urban.sanok.pl\/index.php\/drewno-kominkowe-sanok\/\" \/>\n<meta property=\"og:locale\" content=\"pl_PL\" \/>\n<meta property=\"og:type\" content=\"article\" \/>\n<meta property=\"og:title\" content=\"Drewno kominkowe Sanok opa\u0142 do komink\u00f3w i piec\u00f3w\" \/>\n<meta property=\"og:description\" content=\"Drewno kominkowe Sanok to ekologiczne i wydajne paliwo do komink\u00f3w i piec\u00f3w. Sprawd\u017a ofert\u0119 drewna opa\u0142owego OPAL Sanok.\" \/>\n<meta property=\"og:url\" content=\"https:\/\/urban.sanok.pl\/index.php\/drewno-kominkowe-sanok\/\" \/>\n<meta property=\"og:site_name\" content=\"Urban Sanok\" \/>\n<meta property=\"article:publisher\" content=\"https:\/\/www.facebook.com\/profile.php?id=100054388307181&amp;rdid=N8Ytr4RPJt5dTGik&amp;share_url=httpswww.facebook.comshare1BKmVbm6ir#\" \/>\n<meta property=\"article:modified_time\" content=\"2025-09-14T19:08:35+00:00\" \/>\n<meta property=\"og:image\" content=\"https:\/\/urban.sanok.pl\/wp-content\/uploads\/2023\/05\/AdobeStock_299481370-scaled.jpeg\" \/>\n\t<meta property=\"og:image:width\" content=\"2560\" \/>\n\t<meta property=\"og:image:height\" content=\"1707\" \/>\n\t<meta property=\"og:image:type\" content=\"image\/jpeg\" \/>\n<meta name=\"twitter:card\" content=\"summary_large_image\" \/>\n<meta name=\"twitter:label1\" content=\"Szacowany czas czytania\" \/>\n\t<meta name=\"twitter:data1\" content=\"4 minuty\" \/>\n<script type=\"application\/ld+json\" class=\"yoast-schema-graph\">{\"@context\":\"https:\/\/schema.org\",\"@graph\":[{\"@type\":\"WebPage\",\"@id\":\"https:\/\/urban.sanok.pl\/index.php\/drewno-kominkowe-sanok\/\",\"url\":\"https:\/\/urban.sanok.pl\/index.php\/drewno-kominkowe-sanok\/\",\"name\":\"Drewno kominkowe Sanok opa\u0142 do komink\u00f3w i piec\u00f3w\",\"isPartOf\":{\"@id\":\"https:\/\/urban.sanok.pl\/#website\"},\"primaryImageOfPage\":{\"@id\":\"https:\/\/urban.sanok.pl\/index.php\/drewno-kominkowe-sanok\/#primaryimage\"},\"image\":{\"@id\":\"https:\/\/urban.sanok.pl\/index.php\/drewno-kominkowe-sanok\/#primaryimage\"},\"thumbnailUrl\":\"https:\/\/urban.sanok.pl\/wp-content\/uploads\/2023\/05\/AdobeStock_299481370-scaled.jpeg\",\"datePublished\":\"2023-05-12T14:28:33+00:00\",\"dateModified\":\"2025-09-14T19:08:35+00:00\",\"description\":\"Drewno kominkowe Sanok to ekologiczne i wydajne paliwo do komink\u00f3w i piec\u00f3w. Sprawd\u017a ofert\u0119 drewna opa\u0142owego OPAL Sanok.\",\"breadcrumb\":{\"@id\":\"https:\/\/urban.sanok.pl\/index.php\/drewno-kominkowe-sanok\/#breadcrumb\"},\"inLanguage\":\"pl-PL\",\"potentialAction\":[{\"@type\":\"ReadAction\",\"target\":[\"https:\/\/urban.sanok.pl\/index.php\/drewno-kominkowe-sanok\/\"]}]},{\"@type\":\"ImageObject\",\"inLanguage\":\"pl-PL\",\"@id\":\"https:\/\/urban.sanok.pl\/index.php\/drewno-kominkowe-sanok\/#primaryimage\",\"url\":\"https:\/\/urban.sanok.pl\/wp-content\/uploads\/2023\/05\/AdobeStock_299481370-scaled.jpeg\",\"contentUrl\":\"https:\/\/urban.sanok.pl\/wp-content\/uploads\/2023\/05\/AdobeStock_299481370-scaled.jpeg\",\"width\":2560,\"height\":1707,\"caption\":\"Drewno w siatkach \u2013 czysto\u015b\u0107 i wygoda\"},{\"@type\":\"BreadcrumbList\",\"@id\":\"https:\/\/urban.sanok.pl\/index.php\/drewno-kominkowe-sanok\/#breadcrumb\",\"itemListElement\":[{\"@type\":\"ListItem\",\"position\":1,\"name\":\"Strona g\u0142\u00f3wna\",\"item\":\"https:\/\/urban.sanok.pl\/\"},{\"@type\":\"ListItem\",\"position\":2,\"name\":\"Drewno kominkowe\"}]},{\"@type\":\"WebSite\",\"@id\":\"https:\/\/urban.sanok.pl\/#website\",\"url\":\"https:\/\/urban.sanok.pl\/\",\"name\":\"Urban Sanok\",\"description\":\"\",\"publisher\":{\"@id\":\"https:\/\/urban.sanok.pl\/#organization\"},\"potentialAction\":[{\"@type\":\"SearchAction\",\"target\":{\"@type\":\"EntryPoint\",\"urlTemplate\":\"https:\/\/urban.sanok.pl\/?s={search_term_string}\"},\"query-input\":{\"@type\":\"PropertyValueSpecification\",\"valueRequired\":true,\"valueName\":\"search_term_string\"}}],\"inLanguage\":\"pl-PL\"},{\"@type\":\"Organization\",\"@id\":\"https:\/\/urban.sanok.pl\/#organization\",\"name\":\"Urban Sanok\",\"url\":\"https:\/\/urban.sanok.pl\/\",\"logo\":{\"@type\":\"ImageObject\",\"inLanguage\":\"pl-PL\",\"@id\":\"https:\/\/urban.sanok.pl\/#\/schema\/logo\/image\/\",\"url\":\"https:\/\/urban.sanok.pl\/wp-content\/uploads\/2023\/05\/cropped-logo-psd-1.png\",\"contentUrl\":\"https:\/\/urban.sanok.pl\/wp-content\/uploads\/2023\/05\/cropped-logo-psd-1.png\",\"width\":512,\"height\":512,\"caption\":\"Urban Sanok\"},\"image\":{\"@id\":\"https:\/\/urban.sanok.pl\/#\/schema\/logo\/image\/\"},\"sameAs\":[\"https:\/\/www.facebook.com\/profile.php?id=100054388307181&rdid=N8Ytr4RPJt5dTGik&share_url=httpswww.facebook.comshare1BKmVbm6ir#\"]}]}<\/script>\n<!-- \/ Yoast SEO plugin. -->","yoast_head_json":{"title":"Drewno kominkowe Sanok opa\u0142 do komink\u00f3w i piec\u00f3w","description":"Drewno kominkowe Sanok to ekologiczne i wydajne paliwo do komink\u00f3w i piec\u00f3w. Sprawd\u017a ofert\u0119 drewna opa\u0142owego OPAL Sanok.","robots":{"index":"index","follow":"follow","max-snippet":"max-snippet:-1","max-image-preview":"max-image-preview:large","max-video-preview":"max-video-preview:-1"},"canonical":"https:\/\/urban.sanok.pl\/index.php\/drewno-kominkowe-sanok\/","og_locale":"pl_PL","og_type":"article","og_title":"Drewno kominkowe Sanok opa\u0142 do komink\u00f3w i piec\u00f3w","og_description":"Drewno kominkowe Sanok to ekologiczne i wydajne paliwo do komink\u00f3w i piec\u00f3w. Sprawd\u017a ofert\u0119 drewna opa\u0142owego OPAL Sanok.","og_url":"https:\/\/urban.sanok.pl\/index.php\/drewno-kominkowe-sanok\/","og_site_name":"Urban Sanok","article_publisher":"https:\/\/www.facebook.com\/profile.php?id=100054388307181&rdid=N8Ytr4RPJt5dTGik&share_url=httpswww.facebook.comshare1BKmVbm6ir#","article_modified_time":"2025-09-14T19:08:35+00:00","og_image":[{"width":2560,"height":1707,"url":"https:\/\/urban.sanok.pl\/wp-content\/uploads\/2023\/05\/AdobeStock_299481370-scaled.jpeg","type":"image\/jpeg"}],"twitter_card":"summary_large_image","twitter_misc":{"Szacowany czas czytania":"4 minuty"},"schema":{"@context":"https:\/\/schema.org","@graph":[{"@type":"WebPage","@id":"https:\/\/urban.sanok.pl\/index.php\/drewno-kominkowe-sanok\/","url":"https:\/\/urban.sanok.pl\/index.php\/drewno-kominkowe-sanok\/","name":"Drewno kominkowe Sanok opa\u0142 do komink\u00f3w i piec\u00f3w","isPartOf":{"@id":"https:\/\/urban.sanok.pl\/#website"},"primaryImageOfPage":{"@id":"https:\/\/urban.sanok.pl\/index.php\/drewno-kominkowe-sanok\/#primaryimage"},"image":{"@id":"https:\/\/urban.sanok.pl\/index.php\/drewno-kominkowe-sanok\/#primaryimage"},"thumbnailUrl":"https:\/\/urban.sanok.pl\/wp-content\/uploads\/2023\/05\/AdobeStock_299481370-scaled.jpeg","datePublished":"2023-05-12T14:28:33+00:00","dateModified":"2025-09-14T19:08:35+00:00","description":"Drewno kominkowe Sanok to ekologiczne i wydajne paliwo do komink\u00f3w i piec\u00f3w. Sprawd\u017a ofert\u0119 drewna opa\u0142owego OPAL Sanok.","breadcrumb":{"@id":"https:\/\/urban.sanok.pl\/index.php\/drewno-kominkowe-sanok\/#breadcrumb"},"inLanguage":"pl-PL","potentialAction":[{"@type":"ReadAction","target":["https:\/\/urban.sanok.pl\/index.php\/drewno-kominkowe-sanok\/"]}]},{"@type":"ImageObject","inLanguage":"pl-PL","@id":"https:\/\/urban.sanok.pl\/index.php\/drewno-kominkowe-sanok\/#primaryimage","url":"https:\/\/urban.sanok.pl\/wp-content\/uploads\/2023\/05\/AdobeStock_299481370-scaled.jpeg","contentUrl":"https:\/\/urban.sanok.pl\/wp-content\/uploads\/2023\/05\/AdobeStock_299481370-scaled.jpeg","width":2560,"height":1707,"caption":"Drewno w siatkach \u2013 czysto\u015b\u0107 i wygoda"},{"@type":"BreadcrumbList","@id":"https:\/\/urban.sanok.pl\/index.php\/drewno-kominkowe-sanok\/#breadcrumb","itemListElement":[{"@type":"ListItem","position":1,"name":"Strona g\u0142\u00f3wna","item":"https:\/\/urban.sanok.pl\/"},{"@type":"ListItem","position":2,"name":"Drewno kominkowe"}]},{"@type":"WebSite","@id":"https:\/\/urban.sanok.pl\/#website","url":"https:\/\/urban.sanok.pl\/","name":"Urban Sanok","description":"","publisher":{"@id":"https:\/\/urban.sanok.pl\/#organization"},"potentialAction":[{"@type":"SearchAction","target":{"@type":"EntryPoint","urlTemplate":"https:\/\/urban.sanok.pl\/?s={search_term_string}"},"query-input":{"@type":"PropertyValueSpecification","valueRequired":true,"valueName":"search_term_string"}}],"inLanguage":"pl-PL"},{"@type":"Organization","@id":"https:\/\/urban.sanok.pl\/#organization","name":"Urban Sanok","url":"https:\/\/urban.sanok.pl\/","logo":{"@type":"ImageObject","inLanguage":"pl-PL","@id":"https:\/\/urban.sanok.pl\/#\/schema\/logo\/image\/","url":"https:\/\/urban.sanok.pl\/wp-content\/uploads\/2023\/05\/cropped-logo-psd-1.png","contentUrl":"https:\/\/urban.sanok.pl\/wp-content\/uploads\/2023\/05\/cropped-logo-psd-1.png","width":512,"height":512,"caption":"Urban Sanok"},"image":{"@id":"https:\/\/urban.sanok.pl\/#\/schema\/logo\/image\/"},"sameAs":["https:\/\/www.facebook.com\/profile.php?id=100054388307181&rdid=N8Ytr4RPJt5dTGik&share_url=httpswww.facebook.comshare1BKmVbm6ir#"]}]}},"_links":{"self":[{"href":"https:\/\/urban.sanok.pl\/index.php\/wp-json\/wp\/v2\/pages\/1177","targetHints":{"allow":["GET"]}}],"collection":[{"href":"https:\/\/urban.sanok.pl\/index.php\/wp-json\/wp\/v2\/pages"}],"about":[{"href":"https:\/\/urban.sanok.pl\/index.php\/wp-json\/wp\/v2\/types\/page"}],"author":[{"embeddable":true,"href":"https:\/\/urban.sanok.pl\/index.php\/wp-json\/wp\/v2\/users\/1"}],"replies":[{"embeddable":true,"href":"https:\/\/urban.sanok.pl\/index.php\/wp-json\/wp\/v2\/comments?post=1177"}],"version-history":[{"count":17,"href":"https:\/\/urban.sanok.pl\/index.php\/wp-json\/wp\/v2\/pages\/1177\/revisions"}],"predecessor-version":[{"id":1474,"href":"https:\/\/urban.sanok.pl\/index.php\/wp-json\/wp\/v2\/pages\/1177\/revisions\/1474"}],"wp:featuredmedia":[{"embeddable":true,"href":"https:\/\/urban.sanok.pl\/index.php\/wp-json\/wp\/v2\/media\/910"}],"wp:attachment":[{"href":"https:\/\/urban.sanok.pl\/index.php\/wp-json\/wp\/v2\/media?parent=1177"}],"curies":[{"name":"wp","href":"https:\/\/api.w.org\/{rel}","templated":true}]}}