{"id":1178,"date":"2023-05-12T16:32:05","date_gmt":"2023-05-12T14:32:05","guid":{"rendered":"http:\/\/serwer199628.lh.pl\/autoinstalator\/serwer199628.lh.pl\/wordpress20675\/?page_id=1178"},"modified":"2025-09-14T20:40:40","modified_gmt":"2025-09-14T18:40:40","slug":"ekogroszek-w-sanok","status":"publish","type":"page","link":"https:\/\/urban.sanok.pl\/index.php\/ekogroszek-w-sanok\/","title":{"rendered":"Ekogroszek"},"content":{"rendered":"\t\t<div data-elementor-type=\"wp-page\" data-elementor-id=\"1178\" class=\"elementor elementor-1178\">\n\t\t\t\t\t\t\t\t\t<section class=\"elementor-section elementor-top-section elementor-element elementor-element-0d99d64 elementor-section-full_width elementor-section-height-default elementor-section-height-default\" data-id=\"0d99d64\" data-element_type=\"section\">\n\t\t\t\t\t\t<div class=\"elementor-container elementor-column-gap-no\">\n\t\t\t\t\t<div class=\"elementor-column elementor-col-100 elementor-top-column elementor-element elementor-element-86058fb\" data-id=\"86058fb\" data-element_type=\"column\">\n\t\t\t<div class=\"elementor-widget-wrap elementor-element-populated\">\n\t\t\t\t\t\t\t\t<div class=\"elementor-element elementor-element-7e61a5e elementor-widget elementor-widget-firbrigs_about\" data-id=\"7e61a5e\" data-element_type=\"widget\" data-widget_type=\"firbrigs_about.custom\">\n\t\t\t\t<div class=\"elementor-widget-container\">\n\t\t\t\n<!-- about-section -->\n<section class=\"about-section border-bottom\">\n\t<div class=\"auto-container\">\n\t\t<div class=\"row clearfix\">\n\t\t\t<div class=\"col-lg-6 col-md-12 col-sm-12 image-column\">\n\t\t\t\t<div class=\"image-box mr-70\">\n\t\t\t\t\t<figure class=\"image\"><img decoding=\"async\" src=\"https:\/\/urban.sanok.pl\/wp-content\/uploads\/2023\/05\/ekogroszek0.jpg\" loading=\"lazy\" alt=\"about image\"><\/figure>\n\n\t\t\t\t<\/div>\n\t\t\t<\/div>\n\t\t\t<div class=\"col-lg-6 col-md-12 col-sm-12 content-column\">\n\t\t\t\t<div class=\"content_block_1\">\n\t\t\t\t\t<div class=\"content-box mr-0\">\n\t\t\t\t\t\t<div class=\"sec-title\">\n\t\t\t\t\t\t\t<p><\/p>\n\t\t\t\t\t\t\t<!-- Title -->\n\t\t\t\t\t\t\t<h2 class=\"typo-title-text\"> Ekogroszek\t\t\t\t\t\t\t<\/h2>\n\t\t\t\t\t\t\t<!-- Title -->\n\t\t\t\t\t\t<\/div>\n\t\t\t\t\t\t<div class=\"text\">\n\t\t\t\t\t\t\t<p>Ekogroszek to w\u0119giel kamienny, nale\u017c\u0105cy do grupy w\u0119gli \u015brednich o nazwie groszek. Ma nisk\u0105 zawarto\u015b\u0107 siarki, w zwi\u0105zku z czym jest bezpieczniejszy dla \u015brodowiska naturalnego.<\/p>\n\t\t\t\t\t\t<\/div>\n\t\t\t\t\t\t<ul class=\"list-item clearfix\">\n\t\t\t\t\t\t\t\t\t\t\t\t\t\t<li>Typ w\u0119gla: 31,2<\/li>\n\t\t\t\t\t\t\t\t\t\t\t\t\t\t\t<li>Granulacja: 6-25mm<\/li>\n\t\t\t\t\t\t\t\t\t\t\t\t\t\t\t<li>Warto\u015b\u0107 opa\u0142owa: powy\u017cej 24MJ\/kg<\/li>\n\t\t\t\t\t\t\t\t\t\t\t\t\t\t\t<li>Zawarto\u015b\u0107 popio\u0142u: max. 10%<\/li>\n\t\t\t\t\t\t\t\t\t\t\t\t\t\t\t<li>Zawarto\u015b\u0107 siarki: max. 1.0%<\/li>\n\t\t\t\t\t\t\t\t\t\t\t\t\t\t<\/ul>\n\t\t\t\t\t\t\t\t\t\t\t<\/div>\n\t\t\t\t<\/div>\n\t\t\t<\/div>\n\t\t<\/div>\n\t<\/div>\n<\/section>\n<!-- about-section end -->\n\t\t\t\t<\/div>\n\t\t\t\t<\/div>\n\t\t\t\t\t<\/div>\n\t\t<\/div>\n\t\t\t\t\t\t\t<\/div>\n\t\t<\/section>\n\t\t\t\t<section class=\"elementor-section elementor-top-section elementor-element elementor-element-04726b2 elementor-section-full_width elementor-section-height-default elementor-section-height-default\" data-id=\"04726b2\" data-element_type=\"section\">\n\t\t\t\t\t\t<div class=\"elementor-container elementor-column-gap-no\">\n\t\t\t\t\t<div class=\"elementor-column elementor-col-100 elementor-top-column elementor-element elementor-element-9b8161d\" data-id=\"9b8161d\" data-element_type=\"column\">\n\t\t\t<div class=\"elementor-widget-wrap elementor-element-populated\">\n\t\t\t\t\t\t\t\t<div class=\"elementor-element elementor-element-944f341 elementor-widget elementor-widget-firbrigs_call_to_action\" data-id=\"944f341\" data-element_type=\"widget\" data-widget_type=\"firbrigs_call_to_action.default\">\n\t\t\t\t<div class=\"elementor-widget-container\">\n\t\t\t <section class=\"cta-section bg-color-3\">\n\t\t\t<div class=\"pattern-layer\" style=\"background-image: url(https:\/\/urban.sanok.pl\/wp-content\/uploads\/2020\/09\/pattern-1.png);\"><\/div>\n\t\t\t<div class=\"auto-container\">\n\t\t\t\t<div class=\"inner-box clearfix\">\n\t\t\t\t\t<div class=\"text pull-left\">\n\t\t\t\t\t\t<h2>24\/7 Available. Call us Immediately<br \/><a href=\"tel:6668880000\">666 888 0000 <\/a><\/h2>\n\t\t\t\t\t<\/div>\n\t\t\t\t\t<div class=\"btn-box pull-right\">\n\t\t\t\t\t\t<a href=\"https:\/\/urban.sanok.pl\/contact-us\/\" target=\"_blank\" rel=\"nofollow\" class=\"theme-btn-one\">Contact with us<\/a>\n\t\t\t\t\t<\/div>\n\t\t\t\t<\/div>\n\t\t\t<\/div>\n\t\t<\/section> \n\t\t\t\t<\/div>\n\t\t\t\t<\/div>\n\t\t\t\t\t<\/div>\n\t\t<\/div>\n\t\t\t\t\t\t\t<\/div>\n\t\t<\/section>\n\t\t\t\t<section class=\"elementor-section elementor-top-section elementor-element elementor-element-a24de96 elementor-hidden-desktop elementor-hidden-tablet elementor-hidden-mobile elementor-section-boxed elementor-section-height-default elementor-section-height-default\" data-id=\"a24de96\" data-element_type=\"section\">\n\t\t\t\t\t\t<div class=\"elementor-container elementor-column-gap-default\">\n\t\t\t\t\t<div class=\"elementor-column elementor-col-100 elementor-top-column elementor-element elementor-element-3de6896\" data-id=\"3de6896\" data-element_type=\"column\">\n\t\t\t<div class=\"elementor-widget-wrap elementor-element-populated\">\n\t\t\t\t\t\t\t\t<div class=\"elementor-element elementor-element-f970a51 elementor-widget elementor-widget-heading\" data-id=\"f970a51\" data-element_type=\"widget\" data-widget_type=\"heading.default\">\n\t\t\t\t<div class=\"elementor-widget-container\">\n\t\t\t<style>\/*! elementor - v3.13.1 - 09-05-2023 *\/\n.elementor-heading-title{padding:0;margin:0;line-height:1}.elementor-widget-heading .elementor-heading-title[class*=elementor-size-]>a{color:inherit;font-size:inherit;line-height:inherit}.elementor-widget-heading .elementor-heading-title.elementor-size-small{font-size:15px}.elementor-widget-heading .elementor-heading-title.elementor-size-medium{font-size:19px}.elementor-widget-heading .elementor-heading-title.elementor-size-large{font-size:29px}.elementor-widget-heading .elementor-heading-title.elementor-size-xl{font-size:39px}.elementor-widget-heading .elementor-heading-title.elementor-size-xxl{font-size:59px}<\/style><h1 class=\"elementor-heading-title elementor-size-default\">Dlaczego warto wybra\u0107 ekogroszek?<\/h1>\t\t<\/div>\n\t\t\t\t<\/div>\n\t\t\t\t<div class=\"elementor-element elementor-element-8b25eea elementor-widget elementor-widget-text-editor\" data-id=\"8b25eea\" data-element_type=\"widget\" data-widget_type=\"text-editor.default\">\n\t\t\t\t<div class=\"elementor-widget-container\">\n\t\t\t<style>\/*! elementor - v3.13.1 - 09-05-2023 *\/\n.elementor-widget-text-editor.elementor-drop-cap-view-stacked .elementor-drop-cap{background-color:#69727d;color:#fff}.elementor-widget-text-editor.elementor-drop-cap-view-framed .elementor-drop-cap{color:#69727d;border:3px solid;background-color:transparent}.elementor-widget-text-editor:not(.elementor-drop-cap-view-default) .elementor-drop-cap{margin-top:8px}.elementor-widget-text-editor:not(.elementor-drop-cap-view-default) .elementor-drop-cap-letter{width:1em;height:1em}.elementor-widget-text-editor .elementor-drop-cap{float:left;text-align:center;line-height:1;font-size:50px}.elementor-widget-text-editor .elementor-drop-cap-letter{display:inline-block}<\/style>\t\t\t\t<p data-start=\"282\" data-end=\"669\">Ekogroszek to nowoczesne paliwo sta\u0142e, kt\u00f3re cieszy si\u0119 ogromn\u0105 popularno\u015bci\u0105 w\u015br\u00f3d os\u00f3b poszukuj\u0105cych wydajnego i ekologicznego rozwi\u0105zania do ogrzewania dom\u00f3w. Jego najwi\u0119ksz\u0105 zalet\u0105 jest <strong data-start=\"472\" data-end=\"495\">wysoka kaloryczno\u015b\u0107<\/strong>, co oznacza, \u017ce nawet niewielka ilo\u015b\u0107 opa\u0142u generuje du\u017c\u0105 ilo\u015b\u0107 ciep\u0142a. Dzi\u0119ki temu ogrzewanie jest ekonomiczne, a zu\u017cycie opa\u0142u ni\u017csze w por\u00f3wnaniu do tradycyjnego w\u0119gla.<\/p><p data-start=\"671\" data-end=\"1049\">Kolejn\u0105 przewag\u0105 ekogroszku jest <strong data-start=\"704\" data-end=\"740\">niska zawarto\u015b\u0107 siarki i popio\u0142u<\/strong>, co sprawia, \u017ce spalanie tego paliwa jest bardziej przyjazne dla \u015brodowiska. To istotne zar\u00f3wno dla komfortu mieszka\u0144c\u00f3w, jak i dla spe\u0142nienia norm ekologicznych. Wiele os\u00f3b wybiera ekogroszek tak\u017ce z uwagi na jego praktyczn\u0105 form\u0119 \u2013 jest dost\u0119pny w workach, co u\u0142atwia przechowywanie i dozowanie do kot\u0142a.<\/p>\t\t\t\t\t\t<\/div>\n\t\t\t\t<\/div>\n\t\t\t\t\t<\/div>\n\t\t<\/div>\n\t\t\t\t\t\t\t<\/div>\n\t\t<\/section>\n\t\t\t\t<section class=\"elementor-section elementor-top-section elementor-element elementor-element-541d403 elementor-hidden-desktop elementor-hidden-tablet elementor-hidden-mobile elementor-section-boxed elementor-section-height-default elementor-section-height-default\" data-id=\"541d403\" data-element_type=\"section\">\n\t\t\t\t\t\t<div class=\"elementor-container elementor-column-gap-default\">\n\t\t\t\t\t<div class=\"elementor-column elementor-col-100 elementor-top-column elementor-element elementor-element-440119a\" data-id=\"440119a\" data-element_type=\"column\">\n\t\t\t<div class=\"elementor-widget-wrap elementor-element-populated\">\n\t\t\t\t\t\t\t\t<div class=\"elementor-element elementor-element-3f7dca5 elementor-widget elementor-widget-heading\" data-id=\"3f7dca5\" data-element_type=\"widget\" data-widget_type=\"heading.default\">\n\t\t\t\t<div class=\"elementor-widget-container\">\n\t\t\t<h2 class=\"elementor-heading-title elementor-size-default\">Ekogroszek a ekologia i wygoda u\u017cytkowania<\/h2>\t\t<\/div>\n\t\t\t\t<\/div>\n\t\t\t\t<div class=\"elementor-element elementor-element-a6fa83b elementor-widget elementor-widget-text-editor\" data-id=\"a6fa83b\" data-element_type=\"widget\" data-widget_type=\"text-editor.default\">\n\t\t\t\t<div class=\"elementor-widget-container\">\n\t\t\t\t\t\t\t<p data-start=\"1111\" data-end=\"1383\">Coraz wi\u0119cej os\u00f3b decyduje si\u0119 na ekogroszek ze wzgl\u0119du na rosn\u0105ce wymagania dotycz\u0105ce ochrony \u015brodowiska. W por\u00f3wnaniu z innymi paliwami sta\u0142ymi, jego spalanie powoduje <strong data-start=\"1281\" data-end=\"1328\">mniejsz\u0105 emisj\u0119 dwutlenku siarki oraz py\u0142\u00f3w<\/strong>, co przek\u0142ada si\u0119 na czystsze powietrze w otoczeniu.<\/p><p data-start=\"1385\" data-end=\"1774\">Dodatkowo, ekogroszek doskonale sprawdza si\u0119 w kot\u0142ach z podajnikami automatycznymi, kt\u00f3re umo\u017cliwiaj\u0105 utrzymanie sta\u0142ej temperatury bez konieczno\u015bci cz\u0119stego dok\u0142adania paliwa. To ogromna wygoda dla u\u017cytkownik\u00f3w \u2013 wystarczy nape\u0142ni\u0107 zasobnik, a kocio\u0142 sam dawkuje odpowiedni\u0105 ilo\u015b\u0107 opa\u0142u. W po\u0142\u0105czeniu z wysok\u0105 efektywno\u015bci\u0105 spalania, oznacza to realne oszcz\u0119dno\u015bci w sezonie grzewczym.<\/p>\t\t\t\t\t\t<\/div>\n\t\t\t\t<\/div>\n\t\t\t\t\t<\/div>\n\t\t<\/div>\n\t\t\t\t\t\t\t<\/div>\n\t\t<\/section>\n\t\t\t\t<section class=\"elementor-section elementor-top-section elementor-element elementor-element-d858ad6 elementor-hidden-desktop elementor-hidden-tablet elementor-hidden-mobile elementor-section-boxed elementor-section-height-default elementor-section-height-default\" data-id=\"d858ad6\" data-element_type=\"section\">\n\t\t\t\t\t\t<div class=\"elementor-container elementor-column-gap-default\">\n\t\t\t\t\t<div class=\"elementor-column elementor-col-100 elementor-top-column elementor-element elementor-element-ac38497\" data-id=\"ac38497\" data-element_type=\"column\">\n\t\t\t<div class=\"elementor-widget-wrap elementor-element-populated\">\n\t\t\t\t\t\t\t\t<div class=\"elementor-element elementor-element-f0ec210 elementor-widget elementor-widget-heading\" data-id=\"f0ec210\" data-element_type=\"widget\" data-widget_type=\"heading.default\">\n\t\t\t\t<div class=\"elementor-widget-container\">\n\t\t\t<h2 class=\"elementor-heading-title elementor-size-default\">Ekogroszek w ofercie Urban Sanok<\/h2>\t\t<\/div>\n\t\t\t\t<\/div>\n\t\t\t\t<div class=\"elementor-element elementor-element-723b385 elementor-widget elementor-widget-text-editor\" data-id=\"723b385\" data-element_type=\"widget\" data-widget_type=\"text-editor.default\">\n\t\t\t\t<div class=\"elementor-widget-container\">\n\t\t\t\t\t\t\t<p data-start=\"1826\" data-end=\"2248\">W naszym sk\u0142adzie opa\u0142u w <a href=\"https:\/\/pl.wikipedia.org\/wiki\/Sanok\">Sanoku<\/a> oferujemy wy\u0142\u0105cznie <strong data-start=\"1879\" data-end=\"1910\">ekogroszek wysokiej jako\u015bci<\/strong>, pochodz\u0105cy ze sprawdzonych \u017ar\u00f3de\u0142. <a href=\"https:\/\/urban.sanok.pl\/index.php\/opal-sanok-produkty\/\">Dbamy<\/a> o to, aby ka\u017cdy klient otrzyma\u0142 opa\u0142 spe\u0142niaj\u0105cy deklarowane parametry \u2013 zar\u00f3wno pod wzgl\u0119dem kaloryczno\u015bci, jak i niskiej zawarto\u015bci siarki czy popio\u0142u. Dzi\u0119ki temu ogrzewanie dom\u00f3w, firm czy obiekt\u00f3w us\u0142ugowych staje si\u0119 bardziej komfortowe, ekonomiczne i zgodne z ekologicznymi standardami.<\/p><p data-start=\"2250\" data-end=\"2485\">Zapewniamy r\u00f3wnie\u017c <strong data-start=\"2269\" data-end=\"2318\">dostaw\u0119 ekogroszku na terenie Sanoka i okolic<\/strong>, co pozwala naszym klientom oszcz\u0119dzi\u0107 czas i pieni\u0105dze. Wybieraj\u0105c Urban Sanok, masz pewno\u015b\u0107, \u017ce otrzymasz paliwo sprawdzone, kt\u00f3re zapewni ciep\u0142o przez ca\u0142\u0105 zim\u0119.<\/p>\t\t\t\t\t\t<\/div>\n\t\t\t\t<\/div>\n\t\t\t\t\t<\/div>\n\t\t<\/div>\n\t\t\t\t\t\t\t<\/div>\n\t\t<\/section>\n\t\t\t\t\t\t\t<\/div>\n\t\t","protected":false},"excerpt":{"rendered":"<p>Ekogroszek Ekogroszek to w\u0119giel kamienny, nale\u017c\u0105cy do grupy w\u0119gli \u015brednich o nazwie groszek. Ma nisk\u0105 zawarto\u015b\u0107 siarki, w zwi\u0105zku z [&hellip;]<\/p>\n","protected":false},"author":1,"featured_media":910,"parent":0,"menu_order":0,"comment_status":"closed","ping_status":"closed","template":"elementor_header_footer","meta":{"footnotes":""},"class_list":["post-1178","page","type-page","status-publish","has-post-thumbnail","hentry"],"yoast_head":"<!-- This site is optimized with the Yoast SEO plugin v25.9 - https:\/\/yoast.com\/wordpress\/plugins\/seo\/ -->\n<title>Ekogroszek w sanok wydajne i ekologiczne paliwo do kot\u0142\u00f3w<\/title>\n<meta name=\"description\" content=\"Ekogroszek w sanok to paliwo sta\u0142e o wysokiej warto\u015bci opa\u0142owej i niskiej zawarto\u015bci siarki. Dowiedz si\u0119, dlaczego warto wybra\u0107.\" \/>\n<meta name=\"robots\" content=\"index, follow, max-snippet:-1, max-image-preview:large, max-video-preview:-1\" \/>\n<link rel=\"canonical\" href=\"https:\/\/urban.sanok.pl\/index.php\/ekogroszek-w-sanok\/\" \/>\n<meta property=\"og:locale\" content=\"pl_PL\" \/>\n<meta property=\"og:type\" content=\"article\" \/>\n<meta property=\"og:title\" content=\"Ekogroszek w sanok wydajne i ekologiczne paliwo do kot\u0142\u00f3w\" \/>\n<meta property=\"og:description\" content=\"Ekogroszek w sanok to paliwo sta\u0142e o wysokiej warto\u015bci opa\u0142owej i niskiej zawarto\u015bci siarki. Dowiedz si\u0119, dlaczego warto wybra\u0107.\" \/>\n<meta property=\"og:url\" content=\"https:\/\/urban.sanok.pl\/index.php\/ekogroszek-w-sanok\/\" \/>\n<meta property=\"og:site_name\" content=\"Urban Sanok\" \/>\n<meta property=\"article:publisher\" content=\"https:\/\/www.facebook.com\/profile.php?id=100054388307181&amp;rdid=N8Ytr4RPJt5dTGik&amp;share_url=httpswww.facebook.comshare1BKmVbm6ir#\" \/>\n<meta property=\"article:modified_time\" content=\"2025-09-14T18:40:40+00:00\" \/>\n<meta property=\"og:image\" content=\"https:\/\/urban.sanok.pl\/wp-content\/uploads\/2023\/05\/AdobeStock_299481370-scaled.jpeg\" \/>\n\t<meta property=\"og:image:width\" content=\"2560\" \/>\n\t<meta property=\"og:image:height\" content=\"1707\" \/>\n\t<meta property=\"og:image:type\" content=\"image\/jpeg\" \/>\n<meta name=\"twitter:card\" content=\"summary_large_image\" \/>\n<meta name=\"twitter:label1\" content=\"Szacowany czas czytania\" \/>\n\t<meta name=\"twitter:data1\" content=\"3 minuty\" \/>\n<script type=\"application\/ld+json\" class=\"yoast-schema-graph\">{\"@context\":\"https:\/\/schema.org\",\"@graph\":[{\"@type\":\"WebPage\",\"@id\":\"https:\/\/urban.sanok.pl\/index.php\/ekogroszek-w-sanok\/\",\"url\":\"https:\/\/urban.sanok.pl\/index.php\/ekogroszek-w-sanok\/\",\"name\":\"Ekogroszek w sanok wydajne i ekologiczne paliwo do kot\u0142\u00f3w\",\"isPartOf\":{\"@id\":\"https:\/\/urban.sanok.pl\/#website\"},\"primaryImageOfPage\":{\"@id\":\"https:\/\/urban.sanok.pl\/index.php\/ekogroszek-w-sanok\/#primaryimage\"},\"image\":{\"@id\":\"https:\/\/urban.sanok.pl\/index.php\/ekogroszek-w-sanok\/#primaryimage\"},\"thumbnailUrl\":\"https:\/\/urban.sanok.pl\/wp-content\/uploads\/2023\/05\/AdobeStock_299481370-scaled.jpeg\",\"datePublished\":\"2023-05-12T14:32:05+00:00\",\"dateModified\":\"2025-09-14T18:40:40+00:00\",\"description\":\"Ekogroszek w sanok to paliwo sta\u0142e o wysokiej warto\u015bci opa\u0142owej i niskiej zawarto\u015bci siarki. Dowiedz si\u0119, dlaczego warto wybra\u0107.\",\"breadcrumb\":{\"@id\":\"https:\/\/urban.sanok.pl\/index.php\/ekogroszek-w-sanok\/#breadcrumb\"},\"inLanguage\":\"pl-PL\",\"potentialAction\":[{\"@type\":\"ReadAction\",\"target\":[\"https:\/\/urban.sanok.pl\/index.php\/ekogroszek-w-sanok\/\"]}]},{\"@type\":\"ImageObject\",\"inLanguage\":\"pl-PL\",\"@id\":\"https:\/\/urban.sanok.pl\/index.php\/ekogroszek-w-sanok\/#primaryimage\",\"url\":\"https:\/\/urban.sanok.pl\/wp-content\/uploads\/2023\/05\/AdobeStock_299481370-scaled.jpeg\",\"contentUrl\":\"https:\/\/urban.sanok.pl\/wp-content\/uploads\/2023\/05\/AdobeStock_299481370-scaled.jpeg\",\"width\":2560,\"height\":1707,\"caption\":\"Drewno w siatkach \u2013 czysto\u015b\u0107 i wygoda\"},{\"@type\":\"BreadcrumbList\",\"@id\":\"https:\/\/urban.sanok.pl\/index.php\/ekogroszek-w-sanok\/#breadcrumb\",\"itemListElement\":[{\"@type\":\"ListItem\",\"position\":1,\"name\":\"Strona g\u0142\u00f3wna\",\"item\":\"https:\/\/urban.sanok.pl\/\"},{\"@type\":\"ListItem\",\"position\":2,\"name\":\"Ekogroszek\"}]},{\"@type\":\"WebSite\",\"@id\":\"https:\/\/urban.sanok.pl\/#website\",\"url\":\"https:\/\/urban.sanok.pl\/\",\"name\":\"Urban Sanok\",\"description\":\"\",\"publisher\":{\"@id\":\"https:\/\/urban.sanok.pl\/#organization\"},\"potentialAction\":[{\"@type\":\"SearchAction\",\"target\":{\"@type\":\"EntryPoint\",\"urlTemplate\":\"https:\/\/urban.sanok.pl\/?s={search_term_string}\"},\"query-input\":{\"@type\":\"PropertyValueSpecification\",\"valueRequired\":true,\"valueName\":\"search_term_string\"}}],\"inLanguage\":\"pl-PL\"},{\"@type\":\"Organization\",\"@id\":\"https:\/\/urban.sanok.pl\/#organization\",\"name\":\"Urban Sanok\",\"url\":\"https:\/\/urban.sanok.pl\/\",\"logo\":{\"@type\":\"ImageObject\",\"inLanguage\":\"pl-PL\",\"@id\":\"https:\/\/urban.sanok.pl\/#\/schema\/logo\/image\/\",\"url\":\"https:\/\/urban.sanok.pl\/wp-content\/uploads\/2023\/05\/cropped-logo-psd-1.png\",\"contentUrl\":\"https:\/\/urban.sanok.pl\/wp-content\/uploads\/2023\/05\/cropped-logo-psd-1.png\",\"width\":512,\"height\":512,\"caption\":\"Urban Sanok\"},\"image\":{\"@id\":\"https:\/\/urban.sanok.pl\/#\/schema\/logo\/image\/\"},\"sameAs\":[\"https:\/\/www.facebook.com\/profile.php?id=100054388307181&rdid=N8Ytr4RPJt5dTGik&share_url=httpswww.facebook.comshare1BKmVbm6ir#\"]}]}<\/script>\n<!-- \/ Yoast SEO plugin. -->","yoast_head_json":{"title":"Ekogroszek w sanok wydajne i ekologiczne paliwo do kot\u0142\u00f3w","description":"Ekogroszek w sanok to paliwo sta\u0142e o wysokiej warto\u015bci opa\u0142owej i niskiej zawarto\u015bci siarki. Dowiedz si\u0119, dlaczego warto wybra\u0107.","robots":{"index":"index","follow":"follow","max-snippet":"max-snippet:-1","max-image-preview":"max-image-preview:large","max-video-preview":"max-video-preview:-1"},"canonical":"https:\/\/urban.sanok.pl\/index.php\/ekogroszek-w-sanok\/","og_locale":"pl_PL","og_type":"article","og_title":"Ekogroszek w sanok wydajne i ekologiczne paliwo do kot\u0142\u00f3w","og_description":"Ekogroszek w sanok to paliwo sta\u0142e o wysokiej warto\u015bci opa\u0142owej i niskiej zawarto\u015bci siarki. Dowiedz si\u0119, dlaczego warto wybra\u0107.","og_url":"https:\/\/urban.sanok.pl\/index.php\/ekogroszek-w-sanok\/","og_site_name":"Urban Sanok","article_publisher":"https:\/\/www.facebook.com\/profile.php?id=100054388307181&rdid=N8Ytr4RPJt5dTGik&share_url=httpswww.facebook.comshare1BKmVbm6ir#","article_modified_time":"2025-09-14T18:40:40+00:00","og_image":[{"width":2560,"height":1707,"url":"https:\/\/urban.sanok.pl\/wp-content\/uploads\/2023\/05\/AdobeStock_299481370-scaled.jpeg","type":"image\/jpeg"}],"twitter_card":"summary_large_image","twitter_misc":{"Szacowany czas czytania":"3 minuty"},"schema":{"@context":"https:\/\/schema.org","@graph":[{"@type":"WebPage","@id":"https:\/\/urban.sanok.pl\/index.php\/ekogroszek-w-sanok\/","url":"https:\/\/urban.sanok.pl\/index.php\/ekogroszek-w-sanok\/","name":"Ekogroszek w sanok wydajne i ekologiczne paliwo do kot\u0142\u00f3w","isPartOf":{"@id":"https:\/\/urban.sanok.pl\/#website"},"primaryImageOfPage":{"@id":"https:\/\/urban.sanok.pl\/index.php\/ekogroszek-w-sanok\/#primaryimage"},"image":{"@id":"https:\/\/urban.sanok.pl\/index.php\/ekogroszek-w-sanok\/#primaryimage"},"thumbnailUrl":"https:\/\/urban.sanok.pl\/wp-content\/uploads\/2023\/05\/AdobeStock_299481370-scaled.jpeg","datePublished":"2023-05-12T14:32:05+00:00","dateModified":"2025-09-14T18:40:40+00:00","description":"Ekogroszek w sanok to paliwo sta\u0142e o wysokiej warto\u015bci opa\u0142owej i niskiej zawarto\u015bci siarki. Dowiedz si\u0119, dlaczego warto wybra\u0107.","breadcrumb":{"@id":"https:\/\/urban.sanok.pl\/index.php\/ekogroszek-w-sanok\/#breadcrumb"},"inLanguage":"pl-PL","potentialAction":[{"@type":"ReadAction","target":["https:\/\/urban.sanok.pl\/index.php\/ekogroszek-w-sanok\/"]}]},{"@type":"ImageObject","inLanguage":"pl-PL","@id":"https:\/\/urban.sanok.pl\/index.php\/ekogroszek-w-sanok\/#primaryimage","url":"https:\/\/urban.sanok.pl\/wp-content\/uploads\/2023\/05\/AdobeStock_299481370-scaled.jpeg","contentUrl":"https:\/\/urban.sanok.pl\/wp-content\/uploads\/2023\/05\/AdobeStock_299481370-scaled.jpeg","width":2560,"height":1707,"caption":"Drewno w siatkach \u2013 czysto\u015b\u0107 i wygoda"},{"@type":"BreadcrumbList","@id":"https:\/\/urban.sanok.pl\/index.php\/ekogroszek-w-sanok\/#breadcrumb","itemListElement":[{"@type":"ListItem","position":1,"name":"Strona g\u0142\u00f3wna","item":"https:\/\/urban.sanok.pl\/"},{"@type":"ListItem","position":2,"name":"Ekogroszek"}]},{"@type":"WebSite","@id":"https:\/\/urban.sanok.pl\/#website","url":"https:\/\/urban.sanok.pl\/","name":"Urban Sanok","description":"","publisher":{"@id":"https:\/\/urban.sanok.pl\/#organization"},"potentialAction":[{"@type":"SearchAction","target":{"@type":"EntryPoint","urlTemplate":"https:\/\/urban.sanok.pl\/?s={search_term_string}"},"query-input":{"@type":"PropertyValueSpecification","valueRequired":true,"valueName":"search_term_string"}}],"inLanguage":"pl-PL"},{"@type":"Organization","@id":"https:\/\/urban.sanok.pl\/#organization","name":"Urban Sanok","url":"https:\/\/urban.sanok.pl\/","logo":{"@type":"ImageObject","inLanguage":"pl-PL","@id":"https:\/\/urban.sanok.pl\/#\/schema\/logo\/image\/","url":"https:\/\/urban.sanok.pl\/wp-content\/uploads\/2023\/05\/cropped-logo-psd-1.png","contentUrl":"https:\/\/urban.sanok.pl\/wp-content\/uploads\/2023\/05\/cropped-logo-psd-1.png","width":512,"height":512,"caption":"Urban Sanok"},"image":{"@id":"https:\/\/urban.sanok.pl\/#\/schema\/logo\/image\/"},"sameAs":["https:\/\/www.facebook.com\/profile.php?id=100054388307181&rdid=N8Ytr4RPJt5dTGik&share_url=httpswww.facebook.comshare1BKmVbm6ir#"]}]}},"_links":{"self":[{"href":"https:\/\/urban.sanok.pl\/index.php\/wp-json\/wp\/v2\/pages\/1178","targetHints":{"allow":["GET"]}}],"collection":[{"href":"https:\/\/urban.sanok.pl\/index.php\/wp-json\/wp\/v2\/pages"}],"about":[{"href":"https:\/\/urban.sanok.pl\/index.php\/wp-json\/wp\/v2\/types\/page"}],"author":[{"embeddable":true,"href":"https:\/\/urban.sanok.pl\/index.php\/wp-json\/wp\/v2\/users\/1"}],"replies":[{"embeddable":true,"href":"https:\/\/urban.sanok.pl\/index.php\/wp-json\/wp\/v2\/comments?post=1178"}],"version-history":[{"count":11,"href":"https:\/\/urban.sanok.pl\/index.php\/wp-json\/wp\/v2\/pages\/1178\/revisions"}],"predecessor-version":[{"id":1415,"href":"https:\/\/urban.sanok.pl\/index.php\/wp-json\/wp\/v2\/pages\/1178\/revisions\/1415"}],"wp:featuredmedia":[{"embeddable":true,"href":"https:\/\/urban.sanok.pl\/index.php\/wp-json\/wp\/v2\/media\/910"}],"wp:attachment":[{"href":"https:\/\/urban.sanok.pl\/index.php\/wp-json\/wp\/v2\/media?parent=1178"}],"curies":[{"name":"wp","href":"https:\/\/api.w.org\/{rel}","templated":true}]}}