{"id":1179,"date":"2023-05-12T16:34:10","date_gmt":"2023-05-12T14:34:10","guid":{"rendered":"http:\/\/serwer199628.lh.pl\/autoinstalator\/serwer199628.lh.pl\/wordpress20675\/?page_id=1179"},"modified":"2025-09-14T21:19:14","modified_gmt":"2025-09-14T19:19:14","slug":"brykiet-drzewny-sanok","status":"publish","type":"page","link":"https:\/\/urban.sanok.pl\/index.php\/brykiet-drzewny-sanok\/","title":{"rendered":"Brykiet"},"content":{"rendered":"\t\t<div data-elementor-type=\"wp-page\" data-elementor-id=\"1179\" class=\"elementor elementor-1179\">\n\t\t\t\t\t\t\t\t\t<section class=\"elementor-section elementor-top-section elementor-element elementor-element-0d99d64 elementor-section-full_width elementor-section-height-default elementor-section-height-default\" data-id=\"0d99d64\" data-element_type=\"section\">\n\t\t\t\t\t\t<div class=\"elementor-container elementor-column-gap-no\">\n\t\t\t\t\t<div class=\"elementor-column elementor-col-100 elementor-top-column elementor-element elementor-element-86058fb\" data-id=\"86058fb\" data-element_type=\"column\">\n\t\t\t<div class=\"elementor-widget-wrap elementor-element-populated\">\n\t\t\t\t\t\t\t\t<div class=\"elementor-element elementor-element-7e61a5e elementor-widget elementor-widget-firbrigs_about\" data-id=\"7e61a5e\" data-element_type=\"widget\" data-widget_type=\"firbrigs_about.custom\">\n\t\t\t\t<div class=\"elementor-widget-container\">\n\t\t\t\n<!-- about-section -->\n<section class=\"about-section border-bottom\">\n\t<div class=\"auto-container\">\n\t\t<div class=\"row clearfix\">\n\t\t\t<div class=\"col-lg-6 col-md-12 col-sm-12 image-column\">\n\t\t\t\t<div class=\"image-box mr-70\">\n\t\t\t\t\t<figure class=\"image\"><img decoding=\"async\" src=\"https:\/\/urban.sanok.pl\/wp-content\/uploads\/2023\/05\/brykiet2.jpg\" loading=\"lazy\" alt=\"about image\"><\/figure>\n\n\t\t\t\t<\/div>\n\t\t\t<\/div>\n\t\t\t<div class=\"col-lg-6 col-md-12 col-sm-12 content-column\">\n\t\t\t\t<div class=\"content_block_1\">\n\t\t\t\t\t<div class=\"content-box mr-0\">\n\t\t\t\t\t\t<div class=\"sec-title\">\n\t\t\t\t\t\t\t<p><\/p>\n\t\t\t\t\t\t\t<!-- Title -->\n\t\t\t\t\t\t\t<h2 class=\"typo-title-text\"> brykiet drzewny ekologiczny\t\t\t\t\t\t\t<\/h2>\n\t\t\t\t\t\t\t<!-- Title -->\n\t\t\t\t\t\t<\/div>\n\t\t\t\t\t\t<div class=\"text\">\n\t\t\t\t\t\t\t<p>Brykiet drzewny Sanok ekologiczny to nowoczesne i przyjazne \u015brodowisku paliwo opa\u0142owe, kt\u00f3re powstaje ze sprasowanych trocin oraz wi\u00f3r\u00f3w drzewnych. Dzi\u0119ki procesowi produkcji bez u\u017cycia klej\u00f3w czy chemicznych dodatk\u00f3w, brykiet jest w 100% naturalny i bezpieczny. Charakteryzuje si\u0119 wysok\u0105 warto\u015bci\u0105 opa\u0142ow\u0105 oraz nisk\u0105 wilgotno\u015bci\u0105, co przek\u0142ada si\u0119 na efektywne spalanie i mniejsze zu\u017cycie opa\u0142u.\n\nTo rozwi\u0105zanie szczeg\u00f3lnie polecane do komink\u00f3w, piec\u00f3w i kot\u0142\u00f3w, gdzie liczy si\u0119 nie tylko wysoka kaloryczno\u015b\u0107, ale r\u00f3wnie\u017c czysto\u015b\u0107 spalania. Brykiet drzewny spala si\u0119 r\u00f3wnomiernie, pozostawiaj\u0105c minimaln\u0105 ilo\u015b\u0107 popio\u0142u, kt\u00f3ry dodatkowo mo\u017ce by\u0107 wykorzystany jako naturalny naw\u00f3z w ogrodzie.\n\nWybieraj\u0105c brykiet, inwestujesz w komfort cieplny, oszcz\u0119dno\u015bci oraz ekologiczne rozwi\u0105zanie, kt\u00f3re pozwala ograniczy\u0107 emisj\u0119 szkodliwych substancji do atmosfery. To idealna alternatywa dla tradycyjnych paliw sta\u0142ych.<\/p>\n\t\t\t\t\t\t<\/div>\n\t\t\t\t\t\t<ul class=\"list-item clearfix\">\n\t\t\t\t\t\t\t\t\t\t\t\t\t\t<li>Ekologiczne paliwo \u2013 produkowany wy\u0142\u0105cznie z naturalnych trocin i wi\u00f3r\u00f3w drzewnych, bez dodatk\u00f3w chemicznych.<\/li>\n\t\t\t\t\t\t\t\t\t\t\t\t\t\t\t<li>Wysoka kaloryczno\u015b\u0107 \u2013 zapewnia d\u0142ugie i efektywne spalanie przy niskiej wilgotno\u015bci.<\/li>\n\t\t\t\t\t\t\t\t\t\t\t\t\t\t\t<li>Czyste spalanie \u2013 minimalna ilo\u015b\u0107 popio\u0142u i mniejsza emisja zanieczyszcze\u0144 do \u015brodowiska.<\/li>\n\t\t\t\t\t\t\t\t\t\t\t\t\t\t<\/ul>\n\t\t\t\t\t\t\t\t\t\t\t<\/div>\n\t\t\t\t<\/div>\n\t\t\t<\/div>\n\t\t<\/div>\n\t<\/div>\n<\/section>\n<!-- about-section end -->\n\t\t\t\t<\/div>\n\t\t\t\t<\/div>\n\t\t\t\t\t<\/div>\n\t\t<\/div>\n\t\t\t\t\t\t\t<\/div>\n\t\t<\/section>\n\t\t\t\t<section class=\"elementor-section elementor-top-section elementor-element elementor-element-04726b2 elementor-section-full_width elementor-section-height-default elementor-section-height-default\" data-id=\"04726b2\" data-element_type=\"section\">\n\t\t\t\t\t\t<div class=\"elementor-container elementor-column-gap-no\">\n\t\t\t\t\t<div class=\"elementor-column elementor-col-100 elementor-top-column elementor-element elementor-element-9b8161d\" data-id=\"9b8161d\" data-element_type=\"column\">\n\t\t\t<div class=\"elementor-widget-wrap elementor-element-populated\">\n\t\t\t\t\t\t\t\t<div class=\"elementor-element elementor-element-944f341 elementor-widget elementor-widget-firbrigs_call_to_action\" data-id=\"944f341\" data-element_type=\"widget\" data-widget_type=\"firbrigs_call_to_action.default\">\n\t\t\t\t<div class=\"elementor-widget-container\">\n\t\t\t <section class=\"cta-section bg-color-3\">\n\t\t\t<div class=\"pattern-layer\" style=\"background-image: url(https:\/\/urban.sanok.pl\/wp-content\/uploads\/2020\/09\/pattern-1.png);\"><\/div>\n\t\t\t<div class=\"auto-container\">\n\t\t\t\t<div class=\"inner-box clearfix\">\n\t\t\t\t\t<div class=\"text pull-left\">\n\t\t\t\t\t\t<h2>24\/7 Available. Call us Immediately<br \/><a href=\"tel:6668880000\">666 888 0000 <\/a><\/h2>\n\t\t\t\t\t<\/div>\n\t\t\t\t\t<div class=\"btn-box pull-right\">\n\t\t\t\t\t\t<a href=\"https:\/\/urban.sanok.pl\/contact-us\/\" target=\"_blank\" rel=\"nofollow\" class=\"theme-btn-one\">Contact with us<\/a>\n\t\t\t\t\t<\/div>\n\t\t\t\t<\/div>\n\t\t\t<\/div>\n\t\t<\/section> \n\t\t\t\t<\/div>\n\t\t\t\t<\/div>\n\t\t\t\t\t<\/div>\n\t\t<\/div>\n\t\t\t\t\t\t\t<\/div>\n\t\t<\/section>\n\t\t\t\t<section class=\"elementor-section elementor-top-section elementor-element elementor-element-1ddadda elementor-hidden-desktop elementor-hidden-tablet elementor-hidden-mobile elementor-section-boxed elementor-section-height-default elementor-section-height-default\" data-id=\"1ddadda\" data-element_type=\"section\">\n\t\t\t\t\t\t<div class=\"elementor-container elementor-column-gap-default\">\n\t\t\t\t\t<div class=\"elementor-column elementor-col-100 elementor-top-column elementor-element elementor-element-046a207\" data-id=\"046a207\" data-element_type=\"column\">\n\t\t\t<div class=\"elementor-widget-wrap elementor-element-populated\">\n\t\t\t\t\t\t\t\t<div class=\"elementor-element elementor-element-eb1d9eb elementor-widget elementor-widget-heading\" data-id=\"eb1d9eb\" data-element_type=\"widget\" data-widget_type=\"heading.default\">\n\t\t\t\t<div class=\"elementor-widget-container\">\n\t\t\t<style>\/*! elementor - v3.13.1 - 09-05-2023 *\/\n.elementor-heading-title{padding:0;margin:0;line-height:1}.elementor-widget-heading .elementor-heading-title[class*=elementor-size-]>a{color:inherit;font-size:inherit;line-height:inherit}.elementor-widget-heading .elementor-heading-title.elementor-size-small{font-size:15px}.elementor-widget-heading .elementor-heading-title.elementor-size-medium{font-size:19px}.elementor-widget-heading .elementor-heading-title.elementor-size-large{font-size:29px}.elementor-widget-heading .elementor-heading-title.elementor-size-xl{font-size:39px}.elementor-widget-heading .elementor-heading-title.elementor-size-xxl{font-size:59px}<\/style><h2 class=\"elementor-heading-title elementor-size-default\">Dlaczego warto wybra\u0107 brykiet drzewny?<\/h2>\t\t<\/div>\n\t\t\t\t<\/div>\n\t\t\t\t<div class=\"elementor-element elementor-element-2582a71 elementor-widget elementor-widget-text-editor\" data-id=\"2582a71\" data-element_type=\"widget\" data-widget_type=\"text-editor.default\">\n\t\t\t\t<div class=\"elementor-widget-container\">\n\t\t\t<style>\/*! elementor - v3.13.1 - 09-05-2023 *\/\n.elementor-widget-text-editor.elementor-drop-cap-view-stacked .elementor-drop-cap{background-color:#69727d;color:#fff}.elementor-widget-text-editor.elementor-drop-cap-view-framed .elementor-drop-cap{color:#69727d;border:3px solid;background-color:transparent}.elementor-widget-text-editor:not(.elementor-drop-cap-view-default) .elementor-drop-cap{margin-top:8px}.elementor-widget-text-editor:not(.elementor-drop-cap-view-default) .elementor-drop-cap-letter{width:1em;height:1em}.elementor-widget-text-editor .elementor-drop-cap{float:left;text-align:center;line-height:1;font-size:50px}.elementor-widget-text-editor .elementor-drop-cap-letter{display:inline-block}<\/style>\t\t\t\t<p data-start=\"252\" data-end=\"706\"><a href=\"https:\/\/urban.sanok.pl\/index.php\/opal-sanok-produkty\/\">Brykiet drzewny<\/a> ekologiczny to paliwo opa\u0142owe, kt\u00f3re zyskuje coraz wi\u0119ksz\u0105 popularno\u015b\u0107 w\u015br\u00f3d gospodarstw domowych i firm. Wykonany z naturalnych trocin oraz wi\u00f3r\u00f3w, bez dodatku klej\u00f3w i substancji chemicznych, stanowi w pe\u0142ni ekologiczne rozwi\u0105zanie. Dzi\u0119ki wysokiemu stopniowi sprasowania, brykiet charakteryzuje si\u0119 du\u017c\u0105 g\u0119sto\u015bci\u0105 i wysok\u0105 kaloryczno\u015bci\u0105. Oznacza to, \u017ce spala si\u0119 d\u0142ugo, r\u00f3wnomiernie i efektywnie, zapewniaj\u0105c stabilne \u017ar\u00f3d\u0142o ciep\u0142a.<\/p><p data-start=\"708\" data-end=\"951\"><a href=\"https:\/\/pl.wikipedia.org\/wiki\/Sanok\">Wyb\u00f3r brykietu<\/a> to nie tylko oszcz\u0119dno\u015b\u0107, ale te\u017c wygoda \u2013 materia\u0142 jest dost\u0119pny w por\u0119cznych kostkach lub walcach, kt\u00f3re \u0142atwo przechowywa\u0107 i transportowa\u0107. To idealne rozwi\u0105zanie dla os\u00f3b, kt\u00f3re ceni\u0105 sobie komfort i czyste \u017ar\u00f3d\u0142o energii.<\/p>\t\t\t\t\t\t<\/div>\n\t\t\t\t<\/div>\n\t\t\t\t\t<\/div>\n\t\t<\/div>\n\t\t\t\t\t\t\t<\/div>\n\t\t<\/section>\n\t\t\t\t<section class=\"elementor-section elementor-top-section elementor-element elementor-element-dc94b20 elementor-hidden-desktop elementor-hidden-tablet elementor-hidden-mobile elementor-section-boxed elementor-section-height-default elementor-section-height-default\" data-id=\"dc94b20\" data-element_type=\"section\">\n\t\t\t\t\t\t<div class=\"elementor-container elementor-column-gap-default\">\n\t\t\t\t\t<div class=\"elementor-column elementor-col-100 elementor-top-column elementor-element elementor-element-08c18e5\" data-id=\"08c18e5\" data-element_type=\"column\">\n\t\t\t<div class=\"elementor-widget-wrap elementor-element-populated\">\n\t\t\t\t\t\t\t\t<div class=\"elementor-element elementor-element-aba5eef elementor-widget elementor-widget-heading\" data-id=\"aba5eef\" data-element_type=\"widget\" data-widget_type=\"heading.default\">\n\t\t\t\t<div class=\"elementor-widget-container\">\n\t\t\t<h2 class=\"elementor-heading-title elementor-size-default\">Ekologiczne korzy\u015bci brykietu drzewnego<\/h2>\t\t<\/div>\n\t\t\t\t<\/div>\n\t\t\t\t<div class=\"elementor-element elementor-element-4f8f6dd elementor-widget elementor-widget-text-editor\" data-id=\"4f8f6dd\" data-element_type=\"widget\" data-widget_type=\"text-editor.default\">\n\t\t\t\t<div class=\"elementor-widget-container\">\n\t\t\t\t\t\t\t<p data-start=\"1006\" data-end=\"1270\">Brykiet drzewny wyr\u00f3\u017cnia si\u0119 bardzo nisk\u0105 wilgotno\u015bci\u0105, co sprawia, \u017ce podczas spalania wytwarza si\u0119 minimalna ilo\u015b\u0107 dymu i szkodliwych substancji. Dzi\u0119ki temu jest znacznie bardziej przyjazny dla \u015brodowiska ni\u017c tradycyjny w\u0119giel czy nawet zwyk\u0142e drewno opa\u0142owe.<\/p><p data-start=\"1272\" data-end=\"1559\">Dodatkowym atutem jest popi\u00f3\u0142 powstaj\u0105cy po spaleniu brykietu \u2013 jest go niewiele, a co wi\u0119cej, mo\u017cna go wykorzysta\u0107 jako naturalny naw\u00f3z w ogrodzie. To rozwi\u0105zanie, kt\u00f3re nie tylko ogrzewa dom, ale te\u017c wspiera ide\u0119 gospodarki obiegu zamkni\u0119tego i zmniejsza negatywny wp\u0142yw na przyrod\u0119.<\/p><p data-start=\"708\" data-end=\"951\">Wyb\u00f3r brykietu to nie tylko oszcz\u0119dno\u015b\u0107, ale te\u017c wygoda \u2013 materia\u0142 jest dost\u0119pny w por\u0119cznych kostkach lub walcach, kt\u00f3re \u0142atwo przechowywa\u0107 i transportowa\u0107. To idealne rozwi\u0105zanie dla os\u00f3b, kt\u00f3re ceni\u0105 sobie komfort i czyste \u017ar\u00f3d\u0142o energii.<\/p>\t\t\t\t\t\t<\/div>\n\t\t\t\t<\/div>\n\t\t\t\t\t<\/div>\n\t\t<\/div>\n\t\t\t\t\t\t\t<\/div>\n\t\t<\/section>\n\t\t\t\t<section class=\"elementor-section elementor-top-section elementor-element elementor-element-ffd5367 elementor-hidden-desktop elementor-hidden-tablet elementor-hidden-mobile elementor-section-boxed elementor-section-height-default elementor-section-height-default\" data-id=\"ffd5367\" data-element_type=\"section\">\n\t\t\t\t\t\t<div class=\"elementor-container elementor-column-gap-default\">\n\t\t\t\t\t<div class=\"elementor-column elementor-col-100 elementor-top-column elementor-element elementor-element-acb522d\" data-id=\"acb522d\" data-element_type=\"column\">\n\t\t\t<div class=\"elementor-widget-wrap elementor-element-populated\">\n\t\t\t\t\t\t\t\t<div class=\"elementor-element elementor-element-4c6480d elementor-widget elementor-widget-heading\" data-id=\"4c6480d\" data-element_type=\"widget\" data-widget_type=\"heading.default\">\n\t\t\t\t<div class=\"elementor-widget-container\">\n\t\t\t<h2 class=\"elementor-heading-title elementor-size-default\">Gdzie najlepiej sprawdza si\u0119 brykiet?<\/h2>\t\t<\/div>\n\t\t\t\t<\/div>\n\t\t\t\t<div class=\"elementor-element elementor-element-1b6135f elementor-widget elementor-widget-text-editor\" data-id=\"1b6135f\" data-element_type=\"widget\" data-widget_type=\"text-editor.default\">\n\t\t\t\t<div class=\"elementor-widget-container\">\n\t\t\t\t\t\t\t<p data-start=\"1612\" data-end=\"1917\">Brykiet drzewny to wszechstronne paliwo, kt\u00f3re znajduje zastosowanie w wielu urz\u0105dzeniach grzewczych. Doskonale sprawdza si\u0119 w kominkach, piecach kaflowych, kot\u0142ach oraz piecach z podajnikiem. Dzi\u0119ki swojej jednolitej strukturze spala si\u0119 r\u00f3wnomiernie, zapewniaj\u0105c stabiln\u0105 temperatur\u0119 przez d\u0142ugi czas.<\/p><p data-start=\"1919\" data-end=\"2246\">Jest szczeg\u00f3lnie polecany osobom, kt\u00f3re chc\u0105 po\u0142\u0105czy\u0107 wygod\u0119 u\u017cytkowania z trosk\u0105 o \u015brodowisko. Dzi\u0119ki kompaktowej formie brykiet zajmuje mniej miejsca w kot\u0142owni ni\u017c tradycyjne drewno, a jego pakowanie w worki lub palety u\u0142atwia transport i przechowywanie. To sprawia, \u017ce brykiet jest rozwi\u0105zaniem nowoczesnym i praktycznym.<\/p>\t\t\t\t\t\t<\/div>\n\t\t\t\t<\/div>\n\t\t\t\t\t<\/div>\n\t\t<\/div>\n\t\t\t\t\t\t\t<\/div>\n\t\t<\/section>\n\t\t\t\t\t\t\t<\/div>\n\t\t","protected":false},"excerpt":{"rendered":"<p>brykiet drzewny ekologiczny Brykiet drzewny ekologiczny to nowoczesne i przyjazne \u015brodowisku paliwo opa\u0142owe, kt\u00f3re powstaje ze sprasowanych trocin oraz wi\u00f3r\u00f3w [&hellip;]<\/p>\n","protected":false},"author":1,"featured_media":910,"parent":0,"menu_order":0,"comment_status":"closed","ping_status":"closed","template":"elementor_header_footer","meta":{"footnotes":""},"class_list":["post-1179","page","type-page","status-publish","has-post-thumbnail","hentry"],"yoast_head":"<!-- This site is optimized with the Yoast SEO plugin v25.9 - https:\/\/yoast.com\/wordpress\/plugins\/seo\/ -->\n<title>Brykiet drzewny Sanok ekologiczne i wydajne paliwo | OPAL Sanok<\/title>\n<meta name=\"description\" content=\"Wybierz Brykiet drzewny Sanok \u2013 ekologiczne paliwo o wysokiej kaloryczno\u015bci i niskiej wilgotno\u015bci. Idealne do komink\u00f3w i piec\u00f3w.\" \/>\n<meta name=\"robots\" content=\"index, follow, max-snippet:-1, max-image-preview:large, max-video-preview:-1\" \/>\n<link rel=\"canonical\" href=\"https:\/\/urban.sanok.pl\/index.php\/brykiet-drzewny-sanok\/\" \/>\n<meta property=\"og:locale\" content=\"pl_PL\" \/>\n<meta property=\"og:type\" content=\"article\" \/>\n<meta property=\"og:title\" content=\"Brykiet drzewny Sanok ekologiczne i wydajne paliwo | OPAL Sanok\" \/>\n<meta property=\"og:description\" content=\"Wybierz Brykiet drzewny Sanok \u2013 ekologiczne paliwo o wysokiej kaloryczno\u015bci i niskiej wilgotno\u015bci. Idealne do komink\u00f3w i piec\u00f3w.\" \/>\n<meta property=\"og:url\" content=\"https:\/\/urban.sanok.pl\/index.php\/brykiet-drzewny-sanok\/\" \/>\n<meta property=\"og:site_name\" content=\"Urban Sanok\" \/>\n<meta property=\"article:publisher\" content=\"https:\/\/www.facebook.com\/profile.php?id=100054388307181&amp;rdid=N8Ytr4RPJt5dTGik&amp;share_url=httpswww.facebook.comshare1BKmVbm6ir#\" \/>\n<meta property=\"article:modified_time\" content=\"2025-09-14T19:19:14+00:00\" \/>\n<meta property=\"og:image\" content=\"https:\/\/urban.sanok.pl\/wp-content\/uploads\/2023\/05\/AdobeStock_299481370-scaled.jpeg\" \/>\n\t<meta property=\"og:image:width\" content=\"2560\" \/>\n\t<meta property=\"og:image:height\" content=\"1707\" \/>\n\t<meta property=\"og:image:type\" content=\"image\/jpeg\" \/>\n<meta name=\"twitter:card\" content=\"summary_large_image\" \/>\n<meta name=\"twitter:label1\" content=\"Szacowany czas czytania\" \/>\n\t<meta name=\"twitter:data1\" content=\"4 minuty\" \/>\n<script type=\"application\/ld+json\" class=\"yoast-schema-graph\">{\"@context\":\"https:\/\/schema.org\",\"@graph\":[{\"@type\":\"WebPage\",\"@id\":\"https:\/\/urban.sanok.pl\/index.php\/brykiet-drzewny-sanok\/\",\"url\":\"https:\/\/urban.sanok.pl\/index.php\/brykiet-drzewny-sanok\/\",\"name\":\"Brykiet drzewny Sanok ekologiczne i wydajne paliwo | OPAL Sanok\",\"isPartOf\":{\"@id\":\"https:\/\/urban.sanok.pl\/#website\"},\"primaryImageOfPage\":{\"@id\":\"https:\/\/urban.sanok.pl\/index.php\/brykiet-drzewny-sanok\/#primaryimage\"},\"image\":{\"@id\":\"https:\/\/urban.sanok.pl\/index.php\/brykiet-drzewny-sanok\/#primaryimage\"},\"thumbnailUrl\":\"https:\/\/urban.sanok.pl\/wp-content\/uploads\/2023\/05\/AdobeStock_299481370-scaled.jpeg\",\"datePublished\":\"2023-05-12T14:34:10+00:00\",\"dateModified\":\"2025-09-14T19:19:14+00:00\",\"description\":\"Wybierz Brykiet drzewny Sanok \u2013 ekologiczne paliwo o wysokiej kaloryczno\u015bci i niskiej wilgotno\u015bci. Idealne do komink\u00f3w i piec\u00f3w.\",\"breadcrumb\":{\"@id\":\"https:\/\/urban.sanok.pl\/index.php\/brykiet-drzewny-sanok\/#breadcrumb\"},\"inLanguage\":\"pl-PL\",\"potentialAction\":[{\"@type\":\"ReadAction\",\"target\":[\"https:\/\/urban.sanok.pl\/index.php\/brykiet-drzewny-sanok\/\"]}]},{\"@type\":\"ImageObject\",\"inLanguage\":\"pl-PL\",\"@id\":\"https:\/\/urban.sanok.pl\/index.php\/brykiet-drzewny-sanok\/#primaryimage\",\"url\":\"https:\/\/urban.sanok.pl\/wp-content\/uploads\/2023\/05\/AdobeStock_299481370-scaled.jpeg\",\"contentUrl\":\"https:\/\/urban.sanok.pl\/wp-content\/uploads\/2023\/05\/AdobeStock_299481370-scaled.jpeg\",\"width\":2560,\"height\":1707,\"caption\":\"Drewno w siatkach \u2013 czysto\u015b\u0107 i wygoda\"},{\"@type\":\"BreadcrumbList\",\"@id\":\"https:\/\/urban.sanok.pl\/index.php\/brykiet-drzewny-sanok\/#breadcrumb\",\"itemListElement\":[{\"@type\":\"ListItem\",\"position\":1,\"name\":\"Strona g\u0142\u00f3wna\",\"item\":\"https:\/\/urban.sanok.pl\/\"},{\"@type\":\"ListItem\",\"position\":2,\"name\":\"Brykiet\"}]},{\"@type\":\"WebSite\",\"@id\":\"https:\/\/urban.sanok.pl\/#website\",\"url\":\"https:\/\/urban.sanok.pl\/\",\"name\":\"Urban Sanok\",\"description\":\"\",\"publisher\":{\"@id\":\"https:\/\/urban.sanok.pl\/#organization\"},\"potentialAction\":[{\"@type\":\"SearchAction\",\"target\":{\"@type\":\"EntryPoint\",\"urlTemplate\":\"https:\/\/urban.sanok.pl\/?s={search_term_string}\"},\"query-input\":{\"@type\":\"PropertyValueSpecification\",\"valueRequired\":true,\"valueName\":\"search_term_string\"}}],\"inLanguage\":\"pl-PL\"},{\"@type\":\"Organization\",\"@id\":\"https:\/\/urban.sanok.pl\/#organization\",\"name\":\"Urban Sanok\",\"url\":\"https:\/\/urban.sanok.pl\/\",\"logo\":{\"@type\":\"ImageObject\",\"inLanguage\":\"pl-PL\",\"@id\":\"https:\/\/urban.sanok.pl\/#\/schema\/logo\/image\/\",\"url\":\"https:\/\/urban.sanok.pl\/wp-content\/uploads\/2023\/05\/cropped-logo-psd-1.png\",\"contentUrl\":\"https:\/\/urban.sanok.pl\/wp-content\/uploads\/2023\/05\/cropped-logo-psd-1.png\",\"width\":512,\"height\":512,\"caption\":\"Urban Sanok\"},\"image\":{\"@id\":\"https:\/\/urban.sanok.pl\/#\/schema\/logo\/image\/\"},\"sameAs\":[\"https:\/\/www.facebook.com\/profile.php?id=100054388307181&rdid=N8Ytr4RPJt5dTGik&share_url=httpswww.facebook.comshare1BKmVbm6ir#\"]}]}<\/script>\n<!-- \/ Yoast SEO plugin. -->","yoast_head_json":{"title":"Brykiet drzewny Sanok ekologiczne i wydajne paliwo | OPAL Sanok","description":"Wybierz Brykiet drzewny Sanok \u2013 ekologiczne paliwo o wysokiej kaloryczno\u015bci i niskiej wilgotno\u015bci. Idealne do komink\u00f3w i piec\u00f3w.","robots":{"index":"index","follow":"follow","max-snippet":"max-snippet:-1","max-image-preview":"max-image-preview:large","max-video-preview":"max-video-preview:-1"},"canonical":"https:\/\/urban.sanok.pl\/index.php\/brykiet-drzewny-sanok\/","og_locale":"pl_PL","og_type":"article","og_title":"Brykiet drzewny Sanok ekologiczne i wydajne paliwo | OPAL Sanok","og_description":"Wybierz Brykiet drzewny Sanok \u2013 ekologiczne paliwo o wysokiej kaloryczno\u015bci i niskiej wilgotno\u015bci. Idealne do komink\u00f3w i piec\u00f3w.","og_url":"https:\/\/urban.sanok.pl\/index.php\/brykiet-drzewny-sanok\/","og_site_name":"Urban Sanok","article_publisher":"https:\/\/www.facebook.com\/profile.php?id=100054388307181&rdid=N8Ytr4RPJt5dTGik&share_url=httpswww.facebook.comshare1BKmVbm6ir#","article_modified_time":"2025-09-14T19:19:14+00:00","og_image":[{"width":2560,"height":1707,"url":"https:\/\/urban.sanok.pl\/wp-content\/uploads\/2023\/05\/AdobeStock_299481370-scaled.jpeg","type":"image\/jpeg"}],"twitter_card":"summary_large_image","twitter_misc":{"Szacowany czas czytania":"4 minuty"},"schema":{"@context":"https:\/\/schema.org","@graph":[{"@type":"WebPage","@id":"https:\/\/urban.sanok.pl\/index.php\/brykiet-drzewny-sanok\/","url":"https:\/\/urban.sanok.pl\/index.php\/brykiet-drzewny-sanok\/","name":"Brykiet drzewny Sanok ekologiczne i wydajne paliwo | OPAL Sanok","isPartOf":{"@id":"https:\/\/urban.sanok.pl\/#website"},"primaryImageOfPage":{"@id":"https:\/\/urban.sanok.pl\/index.php\/brykiet-drzewny-sanok\/#primaryimage"},"image":{"@id":"https:\/\/urban.sanok.pl\/index.php\/brykiet-drzewny-sanok\/#primaryimage"},"thumbnailUrl":"https:\/\/urban.sanok.pl\/wp-content\/uploads\/2023\/05\/AdobeStock_299481370-scaled.jpeg","datePublished":"2023-05-12T14:34:10+00:00","dateModified":"2025-09-14T19:19:14+00:00","description":"Wybierz Brykiet drzewny Sanok \u2013 ekologiczne paliwo o wysokiej kaloryczno\u015bci i niskiej wilgotno\u015bci. Idealne do komink\u00f3w i piec\u00f3w.","breadcrumb":{"@id":"https:\/\/urban.sanok.pl\/index.php\/brykiet-drzewny-sanok\/#breadcrumb"},"inLanguage":"pl-PL","potentialAction":[{"@type":"ReadAction","target":["https:\/\/urban.sanok.pl\/index.php\/brykiet-drzewny-sanok\/"]}]},{"@type":"ImageObject","inLanguage":"pl-PL","@id":"https:\/\/urban.sanok.pl\/index.php\/brykiet-drzewny-sanok\/#primaryimage","url":"https:\/\/urban.sanok.pl\/wp-content\/uploads\/2023\/05\/AdobeStock_299481370-scaled.jpeg","contentUrl":"https:\/\/urban.sanok.pl\/wp-content\/uploads\/2023\/05\/AdobeStock_299481370-scaled.jpeg","width":2560,"height":1707,"caption":"Drewno w siatkach \u2013 czysto\u015b\u0107 i wygoda"},{"@type":"BreadcrumbList","@id":"https:\/\/urban.sanok.pl\/index.php\/brykiet-drzewny-sanok\/#breadcrumb","itemListElement":[{"@type":"ListItem","position":1,"name":"Strona g\u0142\u00f3wna","item":"https:\/\/urban.sanok.pl\/"},{"@type":"ListItem","position":2,"name":"Brykiet"}]},{"@type":"WebSite","@id":"https:\/\/urban.sanok.pl\/#website","url":"https:\/\/urban.sanok.pl\/","name":"Urban Sanok","description":"","publisher":{"@id":"https:\/\/urban.sanok.pl\/#organization"},"potentialAction":[{"@type":"SearchAction","target":{"@type":"EntryPoint","urlTemplate":"https:\/\/urban.sanok.pl\/?s={search_term_string}"},"query-input":{"@type":"PropertyValueSpecification","valueRequired":true,"valueName":"search_term_string"}}],"inLanguage":"pl-PL"},{"@type":"Organization","@id":"https:\/\/urban.sanok.pl\/#organization","name":"Urban Sanok","url":"https:\/\/urban.sanok.pl\/","logo":{"@type":"ImageObject","inLanguage":"pl-PL","@id":"https:\/\/urban.sanok.pl\/#\/schema\/logo\/image\/","url":"https:\/\/urban.sanok.pl\/wp-content\/uploads\/2023\/05\/cropped-logo-psd-1.png","contentUrl":"https:\/\/urban.sanok.pl\/wp-content\/uploads\/2023\/05\/cropped-logo-psd-1.png","width":512,"height":512,"caption":"Urban Sanok"},"image":{"@id":"https:\/\/urban.sanok.pl\/#\/schema\/logo\/image\/"},"sameAs":["https:\/\/www.facebook.com\/profile.php?id=100054388307181&rdid=N8Ytr4RPJt5dTGik&share_url=httpswww.facebook.comshare1BKmVbm6ir#"]}]}},"_links":{"self":[{"href":"https:\/\/urban.sanok.pl\/index.php\/wp-json\/wp\/v2\/pages\/1179","targetHints":{"allow":["GET"]}}],"collection":[{"href":"https:\/\/urban.sanok.pl\/index.php\/wp-json\/wp\/v2\/pages"}],"about":[{"href":"https:\/\/urban.sanok.pl\/index.php\/wp-json\/wp\/v2\/types\/page"}],"author":[{"embeddable":true,"href":"https:\/\/urban.sanok.pl\/index.php\/wp-json\/wp\/v2\/users\/1"}],"replies":[{"embeddable":true,"href":"https:\/\/urban.sanok.pl\/index.php\/wp-json\/wp\/v2\/comments?post=1179"}],"version-history":[{"count":22,"href":"https:\/\/urban.sanok.pl\/index.php\/wp-json\/wp\/v2\/pages\/1179\/revisions"}],"predecessor-version":[{"id":1493,"href":"https:\/\/urban.sanok.pl\/index.php\/wp-json\/wp\/v2\/pages\/1179\/revisions\/1493"}],"wp:featuredmedia":[{"embeddable":true,"href":"https:\/\/urban.sanok.pl\/index.php\/wp-json\/wp\/v2\/media\/910"}],"wp:attachment":[{"href":"https:\/\/urban.sanok.pl\/index.php\/wp-json\/wp\/v2\/media?parent=1179"}],"curies":[{"name":"wp","href":"https:\/\/api.w.org\/{rel}","templated":true}]}}