{"id":1180,"date":"2023-05-12T16:35:36","date_gmt":"2023-05-12T14:35:36","guid":{"rendered":"http:\/\/serwer199628.lh.pl\/autoinstalator\/serwer199628.lh.pl\/wordpress20675\/?page_id=1180"},"modified":"2025-09-14T22:29:49","modified_gmt":"2025-09-14T20:29:49","slug":"drewno-rozpalkowe-sanok","status":"publish","type":"page","link":"https:\/\/urban.sanok.pl\/index.php\/drewno-rozpalkowe-sanok\/","title":{"rendered":"Drewno rozpa\u0142kowe"},"content":{"rendered":"\t\t<div data-elementor-type=\"wp-page\" data-elementor-id=\"1180\" class=\"elementor elementor-1180\">\n\t\t\t\t\t\t\t\t\t<section class=\"elementor-section elementor-top-section elementor-element elementor-element-0d99d64 elementor-section-full_width elementor-section-height-default elementor-section-height-default\" data-id=\"0d99d64\" data-element_type=\"section\">\n\t\t\t\t\t\t<div class=\"elementor-container elementor-column-gap-no\">\n\t\t\t\t\t<div class=\"elementor-column elementor-col-100 elementor-top-column elementor-element elementor-element-86058fb\" data-id=\"86058fb\" data-element_type=\"column\">\n\t\t\t<div class=\"elementor-widget-wrap elementor-element-populated\">\n\t\t\t\t\t\t\t\t<div class=\"elementor-element elementor-element-7e61a5e elementor-widget elementor-widget-firbrigs_about\" data-id=\"7e61a5e\" data-element_type=\"widget\" data-widget_type=\"firbrigs_about.custom\">\n\t\t\t\t<div class=\"elementor-widget-container\">\n\t\t\t\n<!-- about-section -->\n<section class=\"about-section border-bottom\">\n\t<div class=\"auto-container\">\n\t\t<div class=\"row clearfix\">\n\t\t\t<div class=\"col-lg-6 col-md-12 col-sm-12 image-column\">\n\t\t\t\t<div class=\"image-box mr-70\">\n\t\t\t\t\t<figure class=\"image\"><img decoding=\"async\" src=\"https:\/\/urban.sanok.pl\/wp-content\/uploads\/2023\/05\/rozpalkowe_10.jpg\" loading=\"lazy\" alt=\"about image\"><\/figure>\n\n\t\t\t\t<\/div>\n\t\t\t<\/div>\n\t\t\t<div class=\"col-lg-6 col-md-12 col-sm-12 content-column\">\n\t\t\t\t<div class=\"content_block_1\">\n\t\t\t\t\t<div class=\"content-box mr-0\">\n\t\t\t\t\t\t<div class=\"sec-title\">\n\t\t\t\t\t\t\t<p><\/p>\n\t\t\t\t\t\t\t<!-- Title -->\n\t\t\t\t\t\t\t<h2 class=\"typo-title-text\"> Drewno rozpa\u0142kowe\t\t\t\t\t\t\t<\/h2>\n\t\t\t\t\t\t\t<!-- Title -->\n\t\t\t\t\t\t<\/div>\n\t\t\t\t\t\t<div class=\"text\">\n\t\t\t\t\t\t\t<p>Drewno rozpa\u0142kowe sanok to naturalny i ekologiczny materia\u0142, kt\u00f3ry doskonale sprawdza si\u0119 do szybkiego rozpalania komink\u00f3w, piec\u00f3w oraz grilli. Dzi\u0119ki odpowiedniej frakcji i niskiej wilgotno\u015bci b\u0142yskawicznie zajmuje si\u0119 ogniem, gwarantuj\u0105c stabilny p\u0142omie\u0144 i \u0142atwe rozpalenie wi\u0119kszych polan. Jest w pe\u0142ni naturalne \u2013 bez dodatk\u00f3w chemicznych \u2013 dlatego jest bezpieczne zar\u00f3wno dla u\u017cytkownika, jak i \u015brodowiska.\n\nPakowane w por\u0119czne worki lub skrzynki, drewno rozpa\u0142kowe jest wygodne w transporcie i przechowywaniu. To praktyczne rozwi\u0105zanie dla ka\u017cdego, kto ceni sobie szybkie, wydajne i czyste rozpalanie. Idealne zar\u00f3wno do u\u017cytku domowego, jak i w gastronomii czy firmach korzystaj\u0105cych z piec\u00f3w opalanych drewnem.<\/p>\n\t\t\t\t\t\t<\/div>\n\t\t\t\t\t\t<ul class=\"list-item clearfix\">\n\t\t\t\t\t\t\t\t\t\t\t\t\t\t<li>Szybkie i \u0142atwe rozpalanie ognia<\/li>\n\t\t\t\t\t\t\t\t\t\t\t\t\t\t\t<li>Ekologiczny i bezpieczny materia\u0142 opa\u0142owy<\/li>\n\t\t\t\t\t\t\t\t\t\t\t\t\t\t\t<li>Wygodne pakowanie i przechowywanie<\/li>\n\t\t\t\t\t\t\t\t\t\t\t\t\t\t<\/ul>\n\t\t\t\t\t\t\t\t\t\t\t<\/div>\n\t\t\t\t<\/div>\n\t\t\t<\/div>\n\t\t<\/div>\n\t<\/div>\n<\/section>\n<!-- about-section end -->\n\t\t\t\t<\/div>\n\t\t\t\t<\/div>\n\t\t\t\t\t<\/div>\n\t\t<\/div>\n\t\t\t\t\t\t\t<\/div>\n\t\t<\/section>\n\t\t\t\t<section class=\"elementor-section elementor-top-section elementor-element elementor-element-04726b2 elementor-section-full_width elementor-section-height-default elementor-section-height-default\" data-id=\"04726b2\" data-element_type=\"section\">\n\t\t\t\t\t\t<div class=\"elementor-container elementor-column-gap-no\">\n\t\t\t\t\t<div class=\"elementor-column elementor-col-100 elementor-top-column elementor-element elementor-element-9b8161d\" data-id=\"9b8161d\" data-element_type=\"column\">\n\t\t\t<div class=\"elementor-widget-wrap elementor-element-populated\">\n\t\t\t\t\t\t\t\t<div class=\"elementor-element elementor-element-944f341 elementor-widget elementor-widget-firbrigs_call_to_action\" data-id=\"944f341\" data-element_type=\"widget\" data-widget_type=\"firbrigs_call_to_action.default\">\n\t\t\t\t<div class=\"elementor-widget-container\">\n\t\t\t <section class=\"cta-section bg-color-3\">\n\t\t\t<div class=\"pattern-layer\" style=\"background-image: url(https:\/\/urban.sanok.pl\/wp-content\/uploads\/2020\/09\/pattern-1.png);\"><\/div>\n\t\t\t<div class=\"auto-container\">\n\t\t\t\t<div class=\"inner-box clearfix\">\n\t\t\t\t\t<div class=\"text pull-left\">\n\t\t\t\t\t\t<h2>24\/7 Available. Call us Immediately<br \/><a href=\"tel:6668880000\">666 888 0000 <\/a><\/h2>\n\t\t\t\t\t<\/div>\n\t\t\t\t\t<div class=\"btn-box pull-right\">\n\t\t\t\t\t\t<a href=\"https:\/\/urban.sanok.pl\/contact-us\/\" target=\"_blank\" rel=\"nofollow\" class=\"theme-btn-one\">Contact with us<\/a>\n\t\t\t\t\t<\/div>\n\t\t\t\t<\/div>\n\t\t\t<\/div>\n\t\t<\/section> \n\t\t\t\t<\/div>\n\t\t\t\t<\/div>\n\t\t\t\t\t<\/div>\n\t\t<\/div>\n\t\t\t\t\t\t\t<\/div>\n\t\t<\/section>\n\t\t\t\t<section class=\"elementor-section elementor-top-section elementor-element elementor-element-bd63d6a elementor-hidden-desktop elementor-hidden-tablet elementor-hidden-mobile elementor-section-boxed elementor-section-height-default elementor-section-height-default\" data-id=\"bd63d6a\" data-element_type=\"section\">\n\t\t\t\t\t\t<div class=\"elementor-container elementor-column-gap-default\">\n\t\t\t\t\t<div class=\"elementor-column elementor-col-100 elementor-top-column elementor-element elementor-element-9cc0cb4\" data-id=\"9cc0cb4\" data-element_type=\"column\">\n\t\t\t<div class=\"elementor-widget-wrap elementor-element-populated\">\n\t\t\t\t\t\t\t\t<div class=\"elementor-element elementor-element-fa91cdc elementor-widget elementor-widget-heading\" data-id=\"fa91cdc\" data-element_type=\"widget\" data-widget_type=\"heading.default\">\n\t\t\t\t<div class=\"elementor-widget-container\">\n\t\t\t<style>\/*! elementor - v3.13.1 - 09-05-2023 *\/\n.elementor-heading-title{padding:0;margin:0;line-height:1}.elementor-widget-heading .elementor-heading-title[class*=elementor-size-]>a{color:inherit;font-size:inherit;line-height:inherit}.elementor-widget-heading .elementor-heading-title.elementor-size-small{font-size:15px}.elementor-widget-heading .elementor-heading-title.elementor-size-medium{font-size:19px}.elementor-widget-heading .elementor-heading-title.elementor-size-large{font-size:29px}.elementor-widget-heading .elementor-heading-title.elementor-size-xl{font-size:39px}.elementor-widget-heading .elementor-heading-title.elementor-size-xxl{font-size:59px}<\/style><h2 class=\"elementor-heading-title elementor-size-default\">Czym wyr\u00f3\u017cnia si\u0119 drewno rozpa\u0142kowe?<\/h2>\t\t<\/div>\n\t\t\t\t<\/div>\n\t\t\t\t<div class=\"elementor-element elementor-element-1b2f3ba elementor-widget elementor-widget-text-editor\" data-id=\"1b2f3ba\" data-element_type=\"widget\" data-widget_type=\"text-editor.default\">\n\t\t\t\t<div class=\"elementor-widget-container\">\n\t\t\t<style>\/*! elementor - v3.13.1 - 09-05-2023 *\/\n.elementor-widget-text-editor.elementor-drop-cap-view-stacked .elementor-drop-cap{background-color:#69727d;color:#fff}.elementor-widget-text-editor.elementor-drop-cap-view-framed .elementor-drop-cap{color:#69727d;border:3px solid;background-color:transparent}.elementor-widget-text-editor:not(.elementor-drop-cap-view-default) .elementor-drop-cap{margin-top:8px}.elementor-widget-text-editor:not(.elementor-drop-cap-view-default) .elementor-drop-cap-letter{width:1em;height:1em}.elementor-widget-text-editor .elementor-drop-cap{float:left;text-align:center;line-height:1;font-size:50px}.elementor-widget-text-editor .elementor-drop-cap-letter{display:inline-block}<\/style>\t\t\t\t<p data-start=\"276\" data-end=\"773\">Drewno rozpa\u0142kowe to praktyczne i naturalne rozwi\u0105zanie, kt\u00f3re u\u0142atwia szybkie rozpalenie kominka, pieca czy grilla. Powstaje z odpowiednio dobranych kawa\u0142k\u00f3w drewna, najcz\u0119\u015bciej iglastego, kt\u00f3re dzi\u0119ki swojej strukturze b\u0142yskawicznie zajmuje si\u0119 ogniem. Jest to produkt w pe\u0142ni ekologiczny, pozbawiony sztucznych dodatk\u00f3w chemicznych czy zanieczyszcze\u0144. Dzi\u0119ki temu mo\u017cesz mie\u0107 pewno\u015b\u0107, \u017ce podczas palenia nie powstaj\u0105 szkodliwe substancje, a sam proces rozpalania jest bezpieczny i komfortowy.<\/p><p data-start=\"775\" data-end=\"1085\">Wyr\u00f3\u017cnia si\u0119 tak\u017ce \u0142atwo\u015bci\u0105 u\u017cycia \u2013 wystarczy kilka szczap, by uzyska\u0107 stabilny p\u0142omie\u0144, kt\u00f3ry bez problemu rozpali wi\u0119ksze polana drewna lub w\u0119giel drzewny. To rozwi\u0105zanie doceniaj\u0105 zar\u00f3wno w\u0142a\u015bciciele dom\u00f3w ogrzewanych kominkiem, jak i osoby korzystaj\u0105ce z piec\u00f3w tradycyjnych oraz mi\u0142o\u015bnicy grillowania.<\/p>\t\t\t\t\t\t<\/div>\n\t\t\t\t<\/div>\n\t\t\t\t\t<\/div>\n\t\t<\/div>\n\t\t\t\t\t\t\t<\/div>\n\t\t<\/section>\n\t\t\t\t<section class=\"elementor-section elementor-top-section elementor-element elementor-element-d1cd231 elementor-hidden-desktop elementor-hidden-tablet elementor-hidden-mobile elementor-section-boxed elementor-section-height-default elementor-section-height-default\" data-id=\"d1cd231\" data-element_type=\"section\">\n\t\t\t\t\t\t<div class=\"elementor-container elementor-column-gap-default\">\n\t\t\t\t\t<div class=\"elementor-column elementor-col-100 elementor-top-column elementor-element elementor-element-d677868\" data-id=\"d677868\" data-element_type=\"column\">\n\t\t\t<div class=\"elementor-widget-wrap elementor-element-populated\">\n\t\t\t\t\t\t\t\t<div class=\"elementor-element elementor-element-21ca124 elementor-widget elementor-widget-heading\" data-id=\"21ca124\" data-element_type=\"widget\" data-widget_type=\"heading.default\">\n\t\t\t\t<div class=\"elementor-widget-container\">\n\t\t\t<h2 class=\"elementor-heading-title elementor-size-default\">Zalety stosowania drewna rozpa\u0142kowego w ogrzewaniu<\/h2>\t\t<\/div>\n\t\t\t\t<\/div>\n\t\t\t\t<div class=\"elementor-element elementor-element-67d0352 elementor-widget elementor-widget-text-editor\" data-id=\"67d0352\" data-element_type=\"widget\" data-widget_type=\"text-editor.default\">\n\t\t\t\t<div class=\"elementor-widget-container\">\n\t\t\t\t\t\t\t<p data-start=\"1148\" data-end=\"1459\">Jedn\u0105 z najwi\u0119kszych zalet drewna rozpa\u0142kowego jest jego wysoka wydajno\u015b\u0107. Dzi\u0119ki odpowiedniej wilgotno\u015bci i kaloryczno\u015bci drewno spala si\u0119 r\u00f3wnomiernie, co pozwala uzyska\u0107 stabilny i mocny p\u0142omie\u0144. W praktyce oznacza to mniejsze zu\u017cycie materia\u0142u rozpa\u0142kowego oraz kr\u00f3tszy czas potrzebny na rozpalenie ognia.<\/p><p data-start=\"1461\" data-end=\"1862\">Drewno rozpa\u0142kowe to tak\u017ce wygoda u\u017cytkowania. Jest pakowane w por\u0119czne worki lub skrzynki, kt\u00f3re u\u0142atwiaj\u0105 transport i przechowywanie. Dzi\u0119ki temu nie musisz martwi\u0107 si\u0119 o dodatkowe przygotowania \u2013 produkt jest gotowy do u\u017cycia od razu po zakupie. Co wi\u0119cej, jego naturalne pochodzenie sprawia, \u017ce jest przyjazne dla \u015brodowiska, a popi\u00f3\u0142, kt\u00f3ry pozostaje po spaleniu, jest minimalny i nieszkodliwy.<\/p>\t\t\t\t\t\t<\/div>\n\t\t\t\t<\/div>\n\t\t\t\t\t<\/div>\n\t\t<\/div>\n\t\t\t\t\t\t\t<\/div>\n\t\t<\/section>\n\t\t\t\t<section class=\"elementor-section elementor-top-section elementor-element elementor-element-6ca88c7 elementor-hidden-desktop elementor-hidden-tablet elementor-hidden-mobile elementor-section-boxed elementor-section-height-default elementor-section-height-default\" data-id=\"6ca88c7\" data-element_type=\"section\">\n\t\t\t\t\t\t<div class=\"elementor-container elementor-column-gap-default\">\n\t\t\t\t\t<div class=\"elementor-column elementor-col-100 elementor-top-column elementor-element elementor-element-6c86ba6\" data-id=\"6c86ba6\" data-element_type=\"column\">\n\t\t\t<div class=\"elementor-widget-wrap elementor-element-populated\">\n\t\t\t\t\t\t\t\t<div class=\"elementor-element elementor-element-8cabed1 elementor-widget elementor-widget-heading\" data-id=\"8cabed1\" data-element_type=\"widget\" data-widget_type=\"heading.default\">\n\t\t\t\t<div class=\"elementor-widget-container\">\n\t\t\t<h2 class=\"elementor-heading-title elementor-size-default\">Drewno rozpa\u0142kowe w ofercie Urban Sanok<\/h2>\t\t<\/div>\n\t\t\t\t<\/div>\n\t\t\t\t<div class=\"elementor-element elementor-element-d12eb86 elementor-widget elementor-widget-text-editor\" data-id=\"d12eb86\" data-element_type=\"widget\" data-widget_type=\"text-editor.default\">\n\t\t\t\t<div class=\"elementor-widget-container\">\n\t\t\t\t\t\t\t<p data-start=\"1914\" data-end=\"2219\">Nasz sk\u0142ad opa\u0142u w <a href=\"https:\/\/pl.wikipedia.org\/wiki\/Sanok\">Sanoku<\/a> oferuje <a href=\"https:\/\/urban.sanok.pl\/index.php\/opal-sanok-produkty\/\">drewno rozpa\u0142kowe<\/a> najwy\u017cszej jako\u015bci, kt\u00f3re spe\u0142nia oczekiwania zar\u00f3wno klient\u00f3w indywidualnych, jak i firm. Dbamy o to, aby drewno mia\u0142o optymalne parametry \u2013 by\u0142o odpowiednio wysuszone, mia\u0142o w\u0142a\u015bciw\u0105 frakcj\u0119 i by\u0142o pakowane w spos\u00f3b gwarantuj\u0105cy komfort u\u017cytkowania.<\/p><p data-start=\"2221\" data-end=\"2654\">W Urban Sanok mo\u017cesz liczy\u0107 nie tylko na atrakcyjne ceny, ale r\u00f3wnie\u017c na szybk\u0105 i wygodn\u0105 dostaw\u0119 drewna rozpa\u0142kowego na terenie Sanoka i okolic. Naszym celem jest zapewnienie klientom opa\u0142u, kt\u00f3ry nie tylko u\u0142atwia codzienne rozpalanie, ale tak\u017ce daje gwarancj\u0119 bezpiecznego i wydajnego spalania przez ca\u0142y sezon. Je\u015bli szukasz niezawodnego i ekologicznego rozwi\u0105zania, drewno rozpa\u0142kowe z naszej oferty b\u0119dzie najlepszym wyborem.<\/p>\t\t\t\t\t\t<\/div>\n\t\t\t\t<\/div>\n\t\t\t\t\t<\/div>\n\t\t<\/div>\n\t\t\t\t\t\t\t<\/div>\n\t\t<\/section>\n\t\t\t\t\t\t\t<\/div>\n\t\t","protected":false},"excerpt":{"rendered":"<p>Drewno rozpa\u0142kowe Drewno rozpa\u0142kowe to naturalny i ekologiczny materia\u0142, kt\u00f3ry doskonale sprawdza si\u0119 do szybkiego rozpalania komink\u00f3w, piec\u00f3w oraz grilli. [&hellip;]<\/p>\n","protected":false},"author":1,"featured_media":910,"parent":0,"menu_order":0,"comment_status":"closed","ping_status":"closed","template":"elementor_header_footer","meta":{"footnotes":""},"class_list":["post-1180","page","type-page","status-publish","has-post-thumbnail","hentry"],"yoast_head":"<!-- This site is optimized with the Yoast SEO plugin v25.9 - https:\/\/yoast.com\/wordpress\/plugins\/seo\/ -->\n<title>Drewno rozpa\u0142kowe sanok naturalny spos\u00f3b na rozpalanie ognia<\/title>\n<meta name=\"description\" content=\"Drewno rozpa\u0142kowe sanok do kominka, pieca i grilla. Szybko si\u0119 zapala, jest wydajne i wygodne w u\u017cyciu. Idealne na ka\u017cdy sezon grzewczy.\" \/>\n<meta name=\"robots\" content=\"index, follow, max-snippet:-1, max-image-preview:large, max-video-preview:-1\" \/>\n<link rel=\"canonical\" href=\"https:\/\/urban.sanok.pl\/index.php\/drewno-rozpalkowe-sanok\/\" \/>\n<meta property=\"og:locale\" content=\"pl_PL\" \/>\n<meta property=\"og:type\" content=\"article\" \/>\n<meta property=\"og:title\" content=\"Drewno rozpa\u0142kowe sanok naturalny spos\u00f3b na rozpalanie ognia\" \/>\n<meta property=\"og:description\" content=\"Drewno rozpa\u0142kowe sanok do kominka, pieca i grilla. Szybko si\u0119 zapala, jest wydajne i wygodne w u\u017cyciu. Idealne na ka\u017cdy sezon grzewczy.\" \/>\n<meta property=\"og:url\" content=\"https:\/\/urban.sanok.pl\/index.php\/drewno-rozpalkowe-sanok\/\" \/>\n<meta property=\"og:site_name\" content=\"Urban Sanok\" \/>\n<meta property=\"article:publisher\" content=\"https:\/\/www.facebook.com\/profile.php?id=100054388307181&amp;rdid=N8Ytr4RPJt5dTGik&amp;share_url=httpswww.facebook.comshare1BKmVbm6ir#\" \/>\n<meta property=\"article:modified_time\" content=\"2025-09-14T20:29:49+00:00\" \/>\n<meta property=\"og:image\" content=\"https:\/\/urban.sanok.pl\/wp-content\/uploads\/2023\/05\/AdobeStock_299481370-scaled.jpeg\" \/>\n\t<meta property=\"og:image:width\" content=\"2560\" \/>\n\t<meta property=\"og:image:height\" content=\"1707\" \/>\n\t<meta property=\"og:image:type\" content=\"image\/jpeg\" \/>\n<meta name=\"twitter:card\" content=\"summary_large_image\" \/>\n<meta name=\"twitter:label1\" content=\"Szacowany czas czytania\" \/>\n\t<meta name=\"twitter:data1\" content=\"4 minuty\" \/>\n<script type=\"application\/ld+json\" class=\"yoast-schema-graph\">{\"@context\":\"https:\/\/schema.org\",\"@graph\":[{\"@type\":\"WebPage\",\"@id\":\"https:\/\/urban.sanok.pl\/index.php\/drewno-rozpalkowe-sanok\/\",\"url\":\"https:\/\/urban.sanok.pl\/index.php\/drewno-rozpalkowe-sanok\/\",\"name\":\"Drewno rozpa\u0142kowe sanok naturalny spos\u00f3b na rozpalanie ognia\",\"isPartOf\":{\"@id\":\"https:\/\/urban.sanok.pl\/#website\"},\"primaryImageOfPage\":{\"@id\":\"https:\/\/urban.sanok.pl\/index.php\/drewno-rozpalkowe-sanok\/#primaryimage\"},\"image\":{\"@id\":\"https:\/\/urban.sanok.pl\/index.php\/drewno-rozpalkowe-sanok\/#primaryimage\"},\"thumbnailUrl\":\"https:\/\/urban.sanok.pl\/wp-content\/uploads\/2023\/05\/AdobeStock_299481370-scaled.jpeg\",\"datePublished\":\"2023-05-12T14:35:36+00:00\",\"dateModified\":\"2025-09-14T20:29:49+00:00\",\"description\":\"Drewno rozpa\u0142kowe sanok do kominka, pieca i grilla. Szybko si\u0119 zapala, jest wydajne i wygodne w u\u017cyciu. Idealne na ka\u017cdy sezon grzewczy.\",\"breadcrumb\":{\"@id\":\"https:\/\/urban.sanok.pl\/index.php\/drewno-rozpalkowe-sanok\/#breadcrumb\"},\"inLanguage\":\"pl-PL\",\"potentialAction\":[{\"@type\":\"ReadAction\",\"target\":[\"https:\/\/urban.sanok.pl\/index.php\/drewno-rozpalkowe-sanok\/\"]}]},{\"@type\":\"ImageObject\",\"inLanguage\":\"pl-PL\",\"@id\":\"https:\/\/urban.sanok.pl\/index.php\/drewno-rozpalkowe-sanok\/#primaryimage\",\"url\":\"https:\/\/urban.sanok.pl\/wp-content\/uploads\/2023\/05\/AdobeStock_299481370-scaled.jpeg\",\"contentUrl\":\"https:\/\/urban.sanok.pl\/wp-content\/uploads\/2023\/05\/AdobeStock_299481370-scaled.jpeg\",\"width\":2560,\"height\":1707,\"caption\":\"Drewno w siatkach \u2013 czysto\u015b\u0107 i wygoda\"},{\"@type\":\"BreadcrumbList\",\"@id\":\"https:\/\/urban.sanok.pl\/index.php\/drewno-rozpalkowe-sanok\/#breadcrumb\",\"itemListElement\":[{\"@type\":\"ListItem\",\"position\":1,\"name\":\"Strona g\u0142\u00f3wna\",\"item\":\"https:\/\/urban.sanok.pl\/\"},{\"@type\":\"ListItem\",\"position\":2,\"name\":\"Drewno rozpa\u0142kowe\"}]},{\"@type\":\"WebSite\",\"@id\":\"https:\/\/urban.sanok.pl\/#website\",\"url\":\"https:\/\/urban.sanok.pl\/\",\"name\":\"Urban Sanok\",\"description\":\"\",\"publisher\":{\"@id\":\"https:\/\/urban.sanok.pl\/#organization\"},\"potentialAction\":[{\"@type\":\"SearchAction\",\"target\":{\"@type\":\"EntryPoint\",\"urlTemplate\":\"https:\/\/urban.sanok.pl\/?s={search_term_string}\"},\"query-input\":{\"@type\":\"PropertyValueSpecification\",\"valueRequired\":true,\"valueName\":\"search_term_string\"}}],\"inLanguage\":\"pl-PL\"},{\"@type\":\"Organization\",\"@id\":\"https:\/\/urban.sanok.pl\/#organization\",\"name\":\"Urban Sanok\",\"url\":\"https:\/\/urban.sanok.pl\/\",\"logo\":{\"@type\":\"ImageObject\",\"inLanguage\":\"pl-PL\",\"@id\":\"https:\/\/urban.sanok.pl\/#\/schema\/logo\/image\/\",\"url\":\"https:\/\/urban.sanok.pl\/wp-content\/uploads\/2023\/05\/cropped-logo-psd-1.png\",\"contentUrl\":\"https:\/\/urban.sanok.pl\/wp-content\/uploads\/2023\/05\/cropped-logo-psd-1.png\",\"width\":512,\"height\":512,\"caption\":\"Urban Sanok\"},\"image\":{\"@id\":\"https:\/\/urban.sanok.pl\/#\/schema\/logo\/image\/\"},\"sameAs\":[\"https:\/\/www.facebook.com\/profile.php?id=100054388307181&rdid=N8Ytr4RPJt5dTGik&share_url=httpswww.facebook.comshare1BKmVbm6ir#\"]}]}<\/script>\n<!-- \/ Yoast SEO plugin. -->","yoast_head_json":{"title":"Drewno rozpa\u0142kowe sanok naturalny spos\u00f3b na rozpalanie ognia","description":"Drewno rozpa\u0142kowe sanok do kominka, pieca i grilla. Szybko si\u0119 zapala, jest wydajne i wygodne w u\u017cyciu. Idealne na ka\u017cdy sezon grzewczy.","robots":{"index":"index","follow":"follow","max-snippet":"max-snippet:-1","max-image-preview":"max-image-preview:large","max-video-preview":"max-video-preview:-1"},"canonical":"https:\/\/urban.sanok.pl\/index.php\/drewno-rozpalkowe-sanok\/","og_locale":"pl_PL","og_type":"article","og_title":"Drewno rozpa\u0142kowe sanok naturalny spos\u00f3b na rozpalanie ognia","og_description":"Drewno rozpa\u0142kowe sanok do kominka, pieca i grilla. Szybko si\u0119 zapala, jest wydajne i wygodne w u\u017cyciu. Idealne na ka\u017cdy sezon grzewczy.","og_url":"https:\/\/urban.sanok.pl\/index.php\/drewno-rozpalkowe-sanok\/","og_site_name":"Urban Sanok","article_publisher":"https:\/\/www.facebook.com\/profile.php?id=100054388307181&rdid=N8Ytr4RPJt5dTGik&share_url=httpswww.facebook.comshare1BKmVbm6ir#","article_modified_time":"2025-09-14T20:29:49+00:00","og_image":[{"width":2560,"height":1707,"url":"https:\/\/urban.sanok.pl\/wp-content\/uploads\/2023\/05\/AdobeStock_299481370-scaled.jpeg","type":"image\/jpeg"}],"twitter_card":"summary_large_image","twitter_misc":{"Szacowany czas czytania":"4 minuty"},"schema":{"@context":"https:\/\/schema.org","@graph":[{"@type":"WebPage","@id":"https:\/\/urban.sanok.pl\/index.php\/drewno-rozpalkowe-sanok\/","url":"https:\/\/urban.sanok.pl\/index.php\/drewno-rozpalkowe-sanok\/","name":"Drewno rozpa\u0142kowe sanok naturalny spos\u00f3b na rozpalanie ognia","isPartOf":{"@id":"https:\/\/urban.sanok.pl\/#website"},"primaryImageOfPage":{"@id":"https:\/\/urban.sanok.pl\/index.php\/drewno-rozpalkowe-sanok\/#primaryimage"},"image":{"@id":"https:\/\/urban.sanok.pl\/index.php\/drewno-rozpalkowe-sanok\/#primaryimage"},"thumbnailUrl":"https:\/\/urban.sanok.pl\/wp-content\/uploads\/2023\/05\/AdobeStock_299481370-scaled.jpeg","datePublished":"2023-05-12T14:35:36+00:00","dateModified":"2025-09-14T20:29:49+00:00","description":"Drewno rozpa\u0142kowe sanok do kominka, pieca i grilla. Szybko si\u0119 zapala, jest wydajne i wygodne w u\u017cyciu. Idealne na ka\u017cdy sezon grzewczy.","breadcrumb":{"@id":"https:\/\/urban.sanok.pl\/index.php\/drewno-rozpalkowe-sanok\/#breadcrumb"},"inLanguage":"pl-PL","potentialAction":[{"@type":"ReadAction","target":["https:\/\/urban.sanok.pl\/index.php\/drewno-rozpalkowe-sanok\/"]}]},{"@type":"ImageObject","inLanguage":"pl-PL","@id":"https:\/\/urban.sanok.pl\/index.php\/drewno-rozpalkowe-sanok\/#primaryimage","url":"https:\/\/urban.sanok.pl\/wp-content\/uploads\/2023\/05\/AdobeStock_299481370-scaled.jpeg","contentUrl":"https:\/\/urban.sanok.pl\/wp-content\/uploads\/2023\/05\/AdobeStock_299481370-scaled.jpeg","width":2560,"height":1707,"caption":"Drewno w siatkach \u2013 czysto\u015b\u0107 i wygoda"},{"@type":"BreadcrumbList","@id":"https:\/\/urban.sanok.pl\/index.php\/drewno-rozpalkowe-sanok\/#breadcrumb","itemListElement":[{"@type":"ListItem","position":1,"name":"Strona g\u0142\u00f3wna","item":"https:\/\/urban.sanok.pl\/"},{"@type":"ListItem","position":2,"name":"Drewno rozpa\u0142kowe"}]},{"@type":"WebSite","@id":"https:\/\/urban.sanok.pl\/#website","url":"https:\/\/urban.sanok.pl\/","name":"Urban Sanok","description":"","publisher":{"@id":"https:\/\/urban.sanok.pl\/#organization"},"potentialAction":[{"@type":"SearchAction","target":{"@type":"EntryPoint","urlTemplate":"https:\/\/urban.sanok.pl\/?s={search_term_string}"},"query-input":{"@type":"PropertyValueSpecification","valueRequired":true,"valueName":"search_term_string"}}],"inLanguage":"pl-PL"},{"@type":"Organization","@id":"https:\/\/urban.sanok.pl\/#organization","name":"Urban Sanok","url":"https:\/\/urban.sanok.pl\/","logo":{"@type":"ImageObject","inLanguage":"pl-PL","@id":"https:\/\/urban.sanok.pl\/#\/schema\/logo\/image\/","url":"https:\/\/urban.sanok.pl\/wp-content\/uploads\/2023\/05\/cropped-logo-psd-1.png","contentUrl":"https:\/\/urban.sanok.pl\/wp-content\/uploads\/2023\/05\/cropped-logo-psd-1.png","width":512,"height":512,"caption":"Urban Sanok"},"image":{"@id":"https:\/\/urban.sanok.pl\/#\/schema\/logo\/image\/"},"sameAs":["https:\/\/www.facebook.com\/profile.php?id=100054388307181&rdid=N8Ytr4RPJt5dTGik&share_url=httpswww.facebook.comshare1BKmVbm6ir#"]}]}},"_links":{"self":[{"href":"https:\/\/urban.sanok.pl\/index.php\/wp-json\/wp\/v2\/pages\/1180","targetHints":{"allow":["GET"]}}],"collection":[{"href":"https:\/\/urban.sanok.pl\/index.php\/wp-json\/wp\/v2\/pages"}],"about":[{"href":"https:\/\/urban.sanok.pl\/index.php\/wp-json\/wp\/v2\/types\/page"}],"author":[{"embeddable":true,"href":"https:\/\/urban.sanok.pl\/index.php\/wp-json\/wp\/v2\/users\/1"}],"replies":[{"embeddable":true,"href":"https:\/\/urban.sanok.pl\/index.php\/wp-json\/wp\/v2\/comments?post=1180"}],"version-history":[{"count":21,"href":"https:\/\/urban.sanok.pl\/index.php\/wp-json\/wp\/v2\/pages\/1180\/revisions"}],"predecessor-version":[{"id":1536,"href":"https:\/\/urban.sanok.pl\/index.php\/wp-json\/wp\/v2\/pages\/1180\/revisions\/1536"}],"wp:featuredmedia":[{"embeddable":true,"href":"https:\/\/urban.sanok.pl\/index.php\/wp-json\/wp\/v2\/media\/910"}],"wp:attachment":[{"href":"https:\/\/urban.sanok.pl\/index.php\/wp-json\/wp\/v2\/media?parent=1180"}],"curies":[{"name":"wp","href":"https:\/\/api.w.org\/{rel}","templated":true}]}}