{"id":761,"date":"2020-09-17T03:45:12","date_gmt":"2020-09-17T03:45:12","guid":{"rendered":"http:\/\/serwer199628.lh.pl\/autoinstalator\/serwer199628.lh.pl\/wordpress20675\/?page_id=203"},"modified":"2025-09-14T22:44:02","modified_gmt":"2025-09-14T20:44:02","slug":"kontakt-urban-sanok","status":"publish","type":"page","link":"https:\/\/urban.sanok.pl\/index.php\/kontakt-urban-sanok\/","title":{"rendered":"Kontakt"},"content":{"rendered":"\t\t<div data-elementor-type=\"wp-page\" data-elementor-id=\"761\" class=\"elementor elementor-761\">\n\t\t\t\t\t\t\t\t\t<section class=\"elementor-section elementor-top-section elementor-element elementor-element-75f8e8fe elementor-section-full_width elementor-section-height-default elementor-section-height-default\" data-id=\"75f8e8fe\" data-element_type=\"section\">\n\t\t\t\t\t\t<div class=\"elementor-container elementor-column-gap-no\">\n\t\t\t\t\t<div class=\"elementor-column elementor-col-100 elementor-top-column elementor-element elementor-element-47faa0c8\" data-id=\"47faa0c8\" data-element_type=\"column\">\n\t\t\t<div class=\"elementor-widget-wrap elementor-element-populated\">\n\t\t\t\t\t\t\t\t<div class=\"elementor-element elementor-element-a362f26 elementor-widget elementor-widget-firbrigs_contact\" data-id=\"a362f26\" data-element_type=\"widget\" data-widget_type=\"firbrigs_contact.default\">\n\t\t\t\t<div class=\"elementor-widget-container\">\n\t\t\t<!-- contact-section -->\n<section class=\"contact-section\">\n\t<div class=\"auto-container\">\n\t\t<div class=\"row clearfix\">\n\t\t\t<div class=\"col-lg-4 col-md-6 col-sm-12 info-column\">\n\t\t\t\t<div class=\"content_block_6\">\n\t\t\t\t\t<div class=\"info-inner\">\n\t\t\t\t\t\t<!-- Title -->\n\t\t\t\t\t\t<h1\t\t\t\t\t\t\tclass=\"typo-title-text\"> Wy\u015blij wiadomo\u015b\u0107\t\t\t\t\t\t<\/h1>\n\t\t\t\t\t\t<!-- Title -->\n\t\t\t\t\t\t<p>Kontakt Urban Sanok Odpowiadamy do 24h\n<\/p>\n\t\t\t\t\t\t<ul class=\"info-list clearfix\">\n\t\t\t\t\t\t\t\t\t\t\t\t\t\t<li>\n\t\t\t\t\t\t\t\t<i aria-hidden=\"true\" class=\" flaticon-telephone\"><\/i>\t\t\t\t\t\t\t\t<p>691 111 902<\/p>\t\t\t\t\t\t\t<\/li>\n\t\t\t\t\t\t\t\t\t\t\t\t\t\t\t<li>\n\t\t\t\t\t\t\t\t<i aria-hidden=\"true\" class=\" flaticon-email\"><\/i>\t\t\t\t\t\t\t\t<p>biuro@urban.sanok.pl<\/p>\t\t\t\t\t\t\t<\/li>\n\t\t\t\t\t\t\t\t\t\t\t\t\t\t\t<li>\n\t\t\t\t\t\t\t\t<i aria-hidden=\"true\" class=\" flaticon-pin\"><\/i>\t\t\t\t\t\t\t\t<p><span class=\"w8qArf\">\u00a0<\/span><span class=\"LrzXr\">Lipi\u0144skiego 57, 38-500 Sanok<\/span><\/p>\t\t\t\t\t\t\t<\/li>\n\t\t\t\t\t\t\t\t\t\t\t\t\t\t<\/ul>\n\t\t\t\t\t<\/div>\n\t\t\t\t<\/div>\n\t\t\t<\/div>\n\t\t\t<div class=\"col-lg-8 col-md-6 col-sm-12 form-column\">\n\t\t\t\t<div class=\"form-inner\">\n\t\t\t\t\t\n<div class=\"wpcf7 no-js\" id=\"wpcf7-f720-o1\" lang=\"en-US\" dir=\"ltr\">\n<div class=\"screen-reader-response\"><p role=\"status\" aria-live=\"polite\" aria-atomic=\"true\"><\/p> <ul><\/ul><\/div>\n<form action=\"\/index.php\/wp-json\/wp\/v2\/pages\/761#wpcf7-f720-o1\" method=\"post\" class=\"wpcf7-form init\" aria-label=\"Contact form\" novalidate=\"novalidate\" data-status=\"init\">\n<div style=\"display: none;\">\n<input type=\"hidden\" name=\"_wpcf7\" value=\"720\" \/>\n<input type=\"hidden\" name=\"_wpcf7_version\" value=\"5.7.6\" \/>\n<input type=\"hidden\" name=\"_wpcf7_locale\" value=\"en_US\" \/>\n<input type=\"hidden\" name=\"_wpcf7_unit_tag\" value=\"wpcf7-f720-o1\" \/>\n<input type=\"hidden\" name=\"_wpcf7_container_post\" value=\"0\" \/>\n<input type=\"hidden\" name=\"_wpcf7_posted_data_hash\" value=\"\" \/>\n<\/div>\n<div class=\"default-form\">\n\t<div class=\"row clearfix\">\n\t\t<div class=\"col-lg-6 col-md-6 col-sm-12 form-group\">\n\t\t\t<p><span class=\"wpcf7-form-control-wrap\" data-name=\"username\"><input size=\"40\" class=\"wpcf7-form-control wpcf7-text wpcf7-validates-as-required\" aria-required=\"true\" aria-invalid=\"false\" placeholder=\"Twoje imie*\" value=\"\" type=\"text\" name=\"username\" \/><\/span>\n\t\t\t<\/p>\n\t\t<\/div>\n\t\t<div class=\"col-lg-6 col-md-6 col-sm-12 form-group\">\n\t\t\t<p><span class=\"wpcf7-form-control-wrap\" data-name=\"email\"><input size=\"40\" class=\"wpcf7-form-control wpcf7-text wpcf7-email wpcf7-validates-as-required wpcf7-validates-as-email\" aria-required=\"true\" aria-invalid=\"false\" placeholder=\"Tw\u00f3j e-mail *\" value=\"\" type=\"email\" name=\"email\" \/><\/span>\n\t\t\t<\/p>\n\t\t<\/div>\n\t\t<div class=\"col-lg-6 col-md-12 col-sm-12 form-group\">\n\t\t\t<p><span class=\"wpcf7-form-control-wrap\" data-name=\"phone\"><input size=\"40\" class=\"wpcf7-form-control wpcf7-text wpcf7-validates-as-required\" aria-required=\"true\" aria-invalid=\"false\" placeholder=\"Tw\u00f3j telefon\" value=\"\" type=\"text\" name=\"phone\" \/><\/span>\n\t\t\t<\/p>\n\t\t<\/div>\n\t\t<div class=\"col-lg-6 col-md-12 col-sm-12 form-group\">\n\t\t\t<p><span class=\"wpcf7-form-control-wrap\" data-name=\"subject\"><input size=\"40\" class=\"wpcf7-form-control wpcf7-text wpcf7-validates-as-required\" aria-required=\"true\" aria-invalid=\"false\" placeholder=\"Temat\" value=\"\" type=\"text\" name=\"subject\" \/><\/span>\n\t\t\t<\/p>\n\t\t<\/div>\n\t\t<div class=\"col-lg-12 col-md-12 col-sm-12 form-group\">\n\t\t\t<p><span class=\"wpcf7-form-control-wrap\" data-name=\"message\"><textarea cols=\"40\" rows=\"10\" class=\"wpcf7-form-control wpcf7-textarea wpcf7-validates-as-required\" aria-required=\"true\" aria-invalid=\"false\" placeholder=\"Twoja wiadomo\u015b\u0107...\" name=\"message\"><\/textarea><\/span>\n\t\t\t<\/p>\n\t\t<\/div>\n\t\t<div class=\"col-lg-12 col-md-12 col-sm-12 form-group message-btn\">\n\t\t\t<p><button class=\"wpcf7-form-control wpcf7-submit theme-btn-one\" type=\"submit\" name=\"submit-form\">Wy\u015blij<\/button>\n\t\t\t<\/p>\n\t\t<\/div>\n\t<\/div>\n<\/div><div class=\"wpcf7-response-output\" aria-hidden=\"true\"><\/div>\n<\/form>\n<\/div>\n\t\t\t\t<\/div>\n\t\t\t<\/div>\n\t\t<\/div>\n\t<\/div>\n<\/section>\n<!-- contact-section end -->\n\n\n\t\t\t\t<\/div>\n\t\t\t\t<\/div>\n\t\t\t\t\t<\/div>\n\t\t<\/div>\n\t\t\t\t\t\t\t<\/div>\n\t\t<\/section>\n\t\t\t\t<section class=\"elementor-section elementor-top-section elementor-element elementor-element-4427951 elementor-section-boxed elementor-section-height-default elementor-section-height-default\" data-id=\"4427951\" data-element_type=\"section\">\n\t\t\t\t\t\t<div class=\"elementor-container elementor-column-gap-default\">\n\t\t\t\t\t<div class=\"elementor-column elementor-col-100 elementor-top-column elementor-element elementor-element-855e678\" data-id=\"855e678\" data-element_type=\"column\">\n\t\t\t<div class=\"elementor-widget-wrap elementor-element-populated\">\n\t\t\t\t\t\t\t\t<div class=\"elementor-element elementor-element-ee985fd elementor-widget elementor-widget-heading\" data-id=\"ee985fd\" data-element_type=\"widget\" data-widget_type=\"heading.default\">\n\t\t\t\t<div class=\"elementor-widget-container\">\n\t\t\t<style>\/*! elementor - v3.13.1 - 09-05-2023 *\/\n.elementor-heading-title{padding:0;margin:0;line-height:1}.elementor-widget-heading .elementor-heading-title[class*=elementor-size-]>a{color:inherit;font-size:inherit;line-height:inherit}.elementor-widget-heading .elementor-heading-title.elementor-size-small{font-size:15px}.elementor-widget-heading .elementor-heading-title.elementor-size-medium{font-size:19px}.elementor-widget-heading .elementor-heading-title.elementor-size-large{font-size:29px}.elementor-widget-heading .elementor-heading-title.elementor-size-xl{font-size:39px}.elementor-widget-heading .elementor-heading-title.elementor-size-xxl{font-size:59px}<\/style><h3 class=\"elementor-heading-title elementor-size-default\">Dlaczego warto skontaktowa\u0107 si\u0119 z Urban Sanok?<\/h3>\t\t<\/div>\n\t\t\t\t<\/div>\n\t\t\t\t<div class=\"elementor-element elementor-element-25735cc elementor-widget elementor-widget-text-editor\" data-id=\"25735cc\" data-element_type=\"widget\" data-widget_type=\"text-editor.default\">\n\t\t\t\t<div class=\"elementor-widget-container\">\n\t\t\t<style>\/*! elementor - v3.13.1 - 09-05-2023 *\/\n.elementor-widget-text-editor.elementor-drop-cap-view-stacked .elementor-drop-cap{background-color:#69727d;color:#fff}.elementor-widget-text-editor.elementor-drop-cap-view-framed .elementor-drop-cap{color:#69727d;border:3px solid;background-color:transparent}.elementor-widget-text-editor:not(.elementor-drop-cap-view-default) .elementor-drop-cap{margin-top:8px}.elementor-widget-text-editor:not(.elementor-drop-cap-view-default) .elementor-drop-cap-letter{width:1em;height:1em}.elementor-widget-text-editor .elementor-drop-cap{float:left;text-align:center;line-height:1;font-size:50px}.elementor-widget-text-editor .elementor-drop-cap-letter{display:inline-block}<\/style>\t\t\t\t<p data-start=\"291\" data-end=\"988\">Kontakt z Urban Sanok to wyb\u00f3r odpowiedniego doradcy, a zarazem klucz do komfortowego i ekonomicznego ogrzewania domu czy firmy. Nasz sk\u0142ad opa\u0142u od lat wspiera klient\u00f3w w ca\u0142ym regionie, oferuj\u0105c w\u0119giel, drewno, pellet, ekogroszek oraz inne paliwa opa\u0142owe najwy\u017cszej jako\u015bci. Bezpo\u015brednia komunikacja z naszym zespo\u0142em pozwala Ci szybko uzyska\u0107 rzeteln\u0105 odpowied\u017a na ka\u017cde pytanie \u2013 od parametr\u00f3w technicznych produkt\u00f3w po aktualne ceny i dost\u0119pno\u015b\u0107.<br data-start=\"742\" data-end=\"745\" \/>Dlatego wystarczy zadzwoni\u0107, napisa\u0107 wiadomo\u015b\u0107 e-mail lub odwiedzi\u0107 nasz punkt w Sanoku, aby przekona\u0107 si\u0119, \u017ce zam\u00f3wienie opa\u0142u mo\u017ce by\u0107 proste i wygodne. Dzi\u0119ki temu masz pewno\u015b\u0107, \u017ce kupujesz sprawdzony produkt dopasowany do swoich potrzeb.<\/p>\t\t\t\t\t\t<\/div>\n\t\t\t\t<\/div>\n\t\t\t\t\t<\/div>\n\t\t<\/div>\n\t\t\t\t\t\t\t<\/div>\n\t\t<\/section>\n\t\t\t\t<section class=\"elementor-section elementor-top-section elementor-element elementor-element-0da7d17 elementor-section-boxed elementor-section-height-default elementor-section-height-default\" data-id=\"0da7d17\" data-element_type=\"section\">\n\t\t\t\t\t\t<div class=\"elementor-container elementor-column-gap-default\">\n\t\t\t\t\t<div class=\"elementor-column elementor-col-100 elementor-top-column elementor-element elementor-element-8a65b88\" data-id=\"8a65b88\" data-element_type=\"column\">\n\t\t\t<div class=\"elementor-widget-wrap elementor-element-populated\">\n\t\t\t\t\t\t\t\t<div class=\"elementor-element elementor-element-ce17a89 elementor-widget elementor-widget-heading\" data-id=\"ce17a89\" data-element_type=\"widget\" data-widget_type=\"heading.default\">\n\t\t\t\t<div class=\"elementor-widget-container\">\n\t\t\t<h2 class=\"elementor-heading-title elementor-size-default\">Szybka i wygodna obs\u0142uga klienta<\/h2>\t\t<\/div>\n\t\t\t\t<\/div>\n\t\t\t\t<div class=\"elementor-element elementor-element-24a552c elementor-widget elementor-widget-text-editor\" data-id=\"24a552c\" data-element_type=\"widget\" data-widget_type=\"text-editor.default\">\n\t\t\t\t<div class=\"elementor-widget-container\">\n\t\t\t\t\t\t\t<p data-start=\"1034\" data-end=\"1641\">Rozumiemy, jak wa\u017cny jest czas i sprawna realizacja zam\u00f3wie\u0144, dlatego odpowiadamy na wszystkie pytania maksymalnie w ci\u0105gu 24 godzin. Nasi doradcy pomagaj\u0105 dobra\u0107 odpowiedni opa\u0142 do rodzaju pieca, a tak\u017ce wskazuj\u0105, jaka ilo\u015b\u0107 b\u0119dzie optymalna na ca\u0142y sezon grzewczy.<br data-start=\"1300\" data-end=\"1303\" \/>Co wi\u0119cej, oferujemy r\u00f3\u017cne formy kontaktu \u2013 telefon, e-mail oraz formularz online. Dzi\u0119ki temu mo\u017cesz szybko za\u0142atwi\u0107 wszystkie sprawy bez wychodzenia z domu. Dla klient\u00f3w lokalnych dost\u0119pna jest r\u00f3wnie\u017c mo\u017cliwo\u015b\u0107 spotkania w naszym biurze w Sanoku. Taka elastyczno\u015b\u0107 sprawia, \u017ce ka\u017cdy znajdzie najdogodniejsz\u0105 form\u0119 kontaktu i obs\u0142ugi.<\/p>\t\t\t\t\t\t<\/div>\n\t\t\t\t<\/div>\n\t\t\t\t\t<\/div>\n\t\t<\/div>\n\t\t\t\t\t\t\t<\/div>\n\t\t<\/section>\n\t\t\t\t<section class=\"elementor-section elementor-top-section elementor-element elementor-element-d7dafe7 elementor-section-boxed elementor-section-height-default elementor-section-height-default\" data-id=\"d7dafe7\" data-element_type=\"section\">\n\t\t\t\t\t\t<div class=\"elementor-container elementor-column-gap-default\">\n\t\t\t\t\t<div class=\"elementor-column elementor-col-100 elementor-top-column elementor-element elementor-element-344b045\" data-id=\"344b045\" data-element_type=\"column\">\n\t\t\t<div class=\"elementor-widget-wrap elementor-element-populated\">\n\t\t\t\t\t\t\t\t<div class=\"elementor-element elementor-element-4767334 elementor-widget elementor-widget-heading\" data-id=\"4767334\" data-element_type=\"widget\" data-widget_type=\"heading.default\">\n\t\t\t\t<div class=\"elementor-widget-container\">\n\t\t\t<h2 class=\"elementor-heading-title elementor-size-default\">Gdzie nas znajdziesz?<\/h2>\t\t<\/div>\n\t\t\t\t<\/div>\n\t\t\t\t<div class=\"elementor-element elementor-element-73e63e0 elementor-widget elementor-widget-text-editor\" data-id=\"73e63e0\" data-element_type=\"widget\" data-widget_type=\"text-editor.default\">\n\t\t\t\t<div class=\"elementor-widget-container\">\n\t\t\t\t\t\t\t<p>Sk\u0142ad opa\u0142u <a href=\"https:\/\/urban.sanok.pl\/\">Urban<\/a> <a href=\"https:\/\/pl.wikipedia.org\/wiki\/Sanok\">Sanok<\/a>\u00a0mie\u015bci si\u0119 przy ul. Lipi\u0144skiego 57 w Sanoku. To dogodna lokalizacja, do kt\u00f3rej \u0142atwo dotrzesz zar\u00f3wno z centrum miasta, jak i z okolicznych miejscowo\u015bci. Na miejscu mo\u017cesz osobi\u015bcie obejrze\u0107 oferowane produkty, porozmawia\u0107 z doradc\u0105 i od razu z\u0142o\u017cy\u0107 zam\u00f3wienie.<br data-start=\"1961\" data-end=\"1964\" \/>Je\u015bli wolisz, mo\u017cesz skorzysta\u0107 z kontaktu telefonicznego pod numerem <strong data-start=\"2034\" data-end=\"2049\">691 111 902<\/strong> lub wys\u0142a\u0107 zapytanie na adres <strong data-start=\"2080\" data-end=\"2104\"><a class=\"decorated-link cursor-pointer\" rel=\"noopener\" data-start=\"2082\" data-end=\"2102\">biuro@urban.sanok.pl<\/a><\/strong>. Dzi\u0119ki temu zawsze wybierasz form\u0119 kontaktu najbardziej wygodn\u0105 dla siebie.<br data-start=\"2181\" data-end=\"2184\" \/>Niezale\u017cnie od sposobu komunikacji, zapewniamy profesjonaln\u0105 obs\u0142ug\u0119, indywidualne podej\u015bcie i rzeteln\u0105 pomoc. Dlatego wsp\u00f3\u0142praca z Urban Sanok to gwarancja jako\u015bci i spokoju przez ca\u0142y sezon grzewczy.<\/p>\t\t\t\t\t\t<\/div>\n\t\t\t\t<\/div>\n\t\t\t\t\t<\/div>\n\t\t<\/div>\n\t\t\t\t\t\t\t<\/div>\n\t\t<\/section>\n\t\t\t\t\t\t\t<\/div>\n\t\t","protected":false},"excerpt":{"rendered":"<p>Wy\u015blij wiadomo\u015b\u0107 Kontakt Urban Sanok Odpowiadamy do 24h 691 111 902 biuro@urban.sanok.pl \u00a0Lipi\u0144skiego 57, 38-500 Sanok Wy\u015blij Dlaczego warto skontaktowa\u0107 [&hellip;]<\/p>\n","protected":false},"author":1,"featured_media":910,"parent":0,"menu_order":0,"comment_status":"closed","ping_status":"closed","template":"elementor_header_footer","meta":{"footnotes":""},"class_list":["post-761","page","type-page","status-publish","has-post-thumbnail","hentry"],"yoast_head":"<!-- This site is optimized with the Yoast SEO plugin v25.9 - https:\/\/yoast.com\/wordpress\/plugins\/seo\/ -->\n<title>Kontakt Urban Sanok Sk\u0142ad opa\u0142u \u2013 w\u0119giel, drewno, pellet<\/title>\n<meta name=\"description\" content=\"Kontakt Urban Sanok Zadzwo\u0144 691 111 902, napisz biuro@urban.sanok.pl lub odwied\u017a nas w Sanoku przy ul. Lipi\u0144skiego 57. Odpowiadamy w 24h!\" \/>\n<meta name=\"robots\" content=\"index, follow, max-snippet:-1, max-image-preview:large, max-video-preview:-1\" \/>\n<link rel=\"canonical\" href=\"https:\/\/urban.sanok.pl\/index.php\/kontakt-urban-sanok\/\" \/>\n<meta property=\"og:locale\" content=\"pl_PL\" \/>\n<meta property=\"og:type\" content=\"article\" \/>\n<meta property=\"og:title\" content=\"Kontakt Urban Sanok Sk\u0142ad opa\u0142u \u2013 w\u0119giel, drewno, pellet\" \/>\n<meta property=\"og:description\" content=\"Kontakt Urban Sanok Zadzwo\u0144 691 111 902, napisz biuro@urban.sanok.pl lub odwied\u017a nas w Sanoku przy ul. Lipi\u0144skiego 57. Odpowiadamy w 24h!\" \/>\n<meta property=\"og:url\" content=\"https:\/\/urban.sanok.pl\/index.php\/kontakt-urban-sanok\/\" \/>\n<meta property=\"og:site_name\" content=\"Urban Sanok\" \/>\n<meta property=\"article:publisher\" content=\"https:\/\/www.facebook.com\/profile.php?id=100054388307181&amp;rdid=N8Ytr4RPJt5dTGik&amp;share_url=httpswww.facebook.comshare1BKmVbm6ir#\" \/>\n<meta property=\"article:modified_time\" content=\"2025-09-14T20:44:02+00:00\" \/>\n<meta property=\"og:image\" content=\"https:\/\/urban.sanok.pl\/wp-content\/uploads\/2023\/05\/AdobeStock_299481370-scaled.jpeg\" \/>\n\t<meta property=\"og:image:width\" content=\"2560\" \/>\n\t<meta property=\"og:image:height\" content=\"1707\" \/>\n\t<meta property=\"og:image:type\" content=\"image\/jpeg\" \/>\n<meta name=\"twitter:card\" content=\"summary_large_image\" \/>\n<meta name=\"twitter:label1\" content=\"Szacowany czas czytania\" \/>\n\t<meta name=\"twitter:data1\" content=\"2 minuty\" \/>\n<script type=\"application\/ld+json\" class=\"yoast-schema-graph\">{\"@context\":\"https:\/\/schema.org\",\"@graph\":[{\"@type\":\"WebPage\",\"@id\":\"https:\/\/urban.sanok.pl\/index.php\/kontakt-urban-sanok\/\",\"url\":\"https:\/\/urban.sanok.pl\/index.php\/kontakt-urban-sanok\/\",\"name\":\"Kontakt Urban Sanok Sk\u0142ad opa\u0142u \u2013 w\u0119giel, drewno, pellet\",\"isPartOf\":{\"@id\":\"https:\/\/urban.sanok.pl\/#website\"},\"primaryImageOfPage\":{\"@id\":\"https:\/\/urban.sanok.pl\/index.php\/kontakt-urban-sanok\/#primaryimage\"},\"image\":{\"@id\":\"https:\/\/urban.sanok.pl\/index.php\/kontakt-urban-sanok\/#primaryimage\"},\"thumbnailUrl\":\"https:\/\/urban.sanok.pl\/wp-content\/uploads\/2023\/05\/AdobeStock_299481370-scaled.jpeg\",\"datePublished\":\"2020-09-17T03:45:12+00:00\",\"dateModified\":\"2025-09-14T20:44:02+00:00\",\"description\":\"Kontakt Urban Sanok Zadzwo\u0144 691 111 902, napisz biuro@urban.sanok.pl lub odwied\u017a nas w Sanoku przy ul. Lipi\u0144skiego 57. Odpowiadamy w 24h!\",\"breadcrumb\":{\"@id\":\"https:\/\/urban.sanok.pl\/index.php\/kontakt-urban-sanok\/#breadcrumb\"},\"inLanguage\":\"pl-PL\",\"potentialAction\":[{\"@type\":\"ReadAction\",\"target\":[\"https:\/\/urban.sanok.pl\/index.php\/kontakt-urban-sanok\/\"]}]},{\"@type\":\"ImageObject\",\"inLanguage\":\"pl-PL\",\"@id\":\"https:\/\/urban.sanok.pl\/index.php\/kontakt-urban-sanok\/#primaryimage\",\"url\":\"https:\/\/urban.sanok.pl\/wp-content\/uploads\/2023\/05\/AdobeStock_299481370-scaled.jpeg\",\"contentUrl\":\"https:\/\/urban.sanok.pl\/wp-content\/uploads\/2023\/05\/AdobeStock_299481370-scaled.jpeg\",\"width\":2560,\"height\":1707,\"caption\":\"Drewno w siatkach \u2013 czysto\u015b\u0107 i wygoda\"},{\"@type\":\"BreadcrumbList\",\"@id\":\"https:\/\/urban.sanok.pl\/index.php\/kontakt-urban-sanok\/#breadcrumb\",\"itemListElement\":[{\"@type\":\"ListItem\",\"position\":1,\"name\":\"Strona g\u0142\u00f3wna\",\"item\":\"https:\/\/urban.sanok.pl\/\"},{\"@type\":\"ListItem\",\"position\":2,\"name\":\"Kontakt\"}]},{\"@type\":\"WebSite\",\"@id\":\"https:\/\/urban.sanok.pl\/#website\",\"url\":\"https:\/\/urban.sanok.pl\/\",\"name\":\"Urban Sanok\",\"description\":\"\",\"publisher\":{\"@id\":\"https:\/\/urban.sanok.pl\/#organization\"},\"potentialAction\":[{\"@type\":\"SearchAction\",\"target\":{\"@type\":\"EntryPoint\",\"urlTemplate\":\"https:\/\/urban.sanok.pl\/?s={search_term_string}\"},\"query-input\":{\"@type\":\"PropertyValueSpecification\",\"valueRequired\":true,\"valueName\":\"search_term_string\"}}],\"inLanguage\":\"pl-PL\"},{\"@type\":\"Organization\",\"@id\":\"https:\/\/urban.sanok.pl\/#organization\",\"name\":\"Urban Sanok\",\"url\":\"https:\/\/urban.sanok.pl\/\",\"logo\":{\"@type\":\"ImageObject\",\"inLanguage\":\"pl-PL\",\"@id\":\"https:\/\/urban.sanok.pl\/#\/schema\/logo\/image\/\",\"url\":\"https:\/\/urban.sanok.pl\/wp-content\/uploads\/2023\/05\/cropped-logo-psd-1.png\",\"contentUrl\":\"https:\/\/urban.sanok.pl\/wp-content\/uploads\/2023\/05\/cropped-logo-psd-1.png\",\"width\":512,\"height\":512,\"caption\":\"Urban Sanok\"},\"image\":{\"@id\":\"https:\/\/urban.sanok.pl\/#\/schema\/logo\/image\/\"},\"sameAs\":[\"https:\/\/www.facebook.com\/profile.php?id=100054388307181&rdid=N8Ytr4RPJt5dTGik&share_url=httpswww.facebook.comshare1BKmVbm6ir#\"]}]}<\/script>\n<!-- \/ Yoast SEO plugin. -->","yoast_head_json":{"title":"Kontakt Urban Sanok Sk\u0142ad opa\u0142u \u2013 w\u0119giel, drewno, pellet","description":"Kontakt Urban Sanok Zadzwo\u0144 691 111 902, napisz biuro@urban.sanok.pl lub odwied\u017a nas w Sanoku przy ul. Lipi\u0144skiego 57. Odpowiadamy w 24h!","robots":{"index":"index","follow":"follow","max-snippet":"max-snippet:-1","max-image-preview":"max-image-preview:large","max-video-preview":"max-video-preview:-1"},"canonical":"https:\/\/urban.sanok.pl\/index.php\/kontakt-urban-sanok\/","og_locale":"pl_PL","og_type":"article","og_title":"Kontakt Urban Sanok Sk\u0142ad opa\u0142u \u2013 w\u0119giel, drewno, pellet","og_description":"Kontakt Urban Sanok Zadzwo\u0144 691 111 902, napisz biuro@urban.sanok.pl lub odwied\u017a nas w Sanoku przy ul. Lipi\u0144skiego 57. Odpowiadamy w 24h!","og_url":"https:\/\/urban.sanok.pl\/index.php\/kontakt-urban-sanok\/","og_site_name":"Urban Sanok","article_publisher":"https:\/\/www.facebook.com\/profile.php?id=100054388307181&rdid=N8Ytr4RPJt5dTGik&share_url=httpswww.facebook.comshare1BKmVbm6ir#","article_modified_time":"2025-09-14T20:44:02+00:00","og_image":[{"width":2560,"height":1707,"url":"https:\/\/urban.sanok.pl\/wp-content\/uploads\/2023\/05\/AdobeStock_299481370-scaled.jpeg","type":"image\/jpeg"}],"twitter_card":"summary_large_image","twitter_misc":{"Szacowany czas czytania":"2 minuty"},"schema":{"@context":"https:\/\/schema.org","@graph":[{"@type":"WebPage","@id":"https:\/\/urban.sanok.pl\/index.php\/kontakt-urban-sanok\/","url":"https:\/\/urban.sanok.pl\/index.php\/kontakt-urban-sanok\/","name":"Kontakt Urban Sanok Sk\u0142ad opa\u0142u \u2013 w\u0119giel, drewno, pellet","isPartOf":{"@id":"https:\/\/urban.sanok.pl\/#website"},"primaryImageOfPage":{"@id":"https:\/\/urban.sanok.pl\/index.php\/kontakt-urban-sanok\/#primaryimage"},"image":{"@id":"https:\/\/urban.sanok.pl\/index.php\/kontakt-urban-sanok\/#primaryimage"},"thumbnailUrl":"https:\/\/urban.sanok.pl\/wp-content\/uploads\/2023\/05\/AdobeStock_299481370-scaled.jpeg","datePublished":"2020-09-17T03:45:12+00:00","dateModified":"2025-09-14T20:44:02+00:00","description":"Kontakt Urban Sanok Zadzwo\u0144 691 111 902, napisz biuro@urban.sanok.pl lub odwied\u017a nas w Sanoku przy ul. Lipi\u0144skiego 57. Odpowiadamy w 24h!","breadcrumb":{"@id":"https:\/\/urban.sanok.pl\/index.php\/kontakt-urban-sanok\/#breadcrumb"},"inLanguage":"pl-PL","potentialAction":[{"@type":"ReadAction","target":["https:\/\/urban.sanok.pl\/index.php\/kontakt-urban-sanok\/"]}]},{"@type":"ImageObject","inLanguage":"pl-PL","@id":"https:\/\/urban.sanok.pl\/index.php\/kontakt-urban-sanok\/#primaryimage","url":"https:\/\/urban.sanok.pl\/wp-content\/uploads\/2023\/05\/AdobeStock_299481370-scaled.jpeg","contentUrl":"https:\/\/urban.sanok.pl\/wp-content\/uploads\/2023\/05\/AdobeStock_299481370-scaled.jpeg","width":2560,"height":1707,"caption":"Drewno w siatkach \u2013 czysto\u015b\u0107 i wygoda"},{"@type":"BreadcrumbList","@id":"https:\/\/urban.sanok.pl\/index.php\/kontakt-urban-sanok\/#breadcrumb","itemListElement":[{"@type":"ListItem","position":1,"name":"Strona g\u0142\u00f3wna","item":"https:\/\/urban.sanok.pl\/"},{"@type":"ListItem","position":2,"name":"Kontakt"}]},{"@type":"WebSite","@id":"https:\/\/urban.sanok.pl\/#website","url":"https:\/\/urban.sanok.pl\/","name":"Urban Sanok","description":"","publisher":{"@id":"https:\/\/urban.sanok.pl\/#organization"},"potentialAction":[{"@type":"SearchAction","target":{"@type":"EntryPoint","urlTemplate":"https:\/\/urban.sanok.pl\/?s={search_term_string}"},"query-input":{"@type":"PropertyValueSpecification","valueRequired":true,"valueName":"search_term_string"}}],"inLanguage":"pl-PL"},{"@type":"Organization","@id":"https:\/\/urban.sanok.pl\/#organization","name":"Urban Sanok","url":"https:\/\/urban.sanok.pl\/","logo":{"@type":"ImageObject","inLanguage":"pl-PL","@id":"https:\/\/urban.sanok.pl\/#\/schema\/logo\/image\/","url":"https:\/\/urban.sanok.pl\/wp-content\/uploads\/2023\/05\/cropped-logo-psd-1.png","contentUrl":"https:\/\/urban.sanok.pl\/wp-content\/uploads\/2023\/05\/cropped-logo-psd-1.png","width":512,"height":512,"caption":"Urban Sanok"},"image":{"@id":"https:\/\/urban.sanok.pl\/#\/schema\/logo\/image\/"},"sameAs":["https:\/\/www.facebook.com\/profile.php?id=100054388307181&rdid=N8Ytr4RPJt5dTGik&share_url=httpswww.facebook.comshare1BKmVbm6ir#"]}]}},"_links":{"self":[{"href":"https:\/\/urban.sanok.pl\/index.php\/wp-json\/wp\/v2\/pages\/761","targetHints":{"allow":["GET"]}}],"collection":[{"href":"https:\/\/urban.sanok.pl\/index.php\/wp-json\/wp\/v2\/pages"}],"about":[{"href":"https:\/\/urban.sanok.pl\/index.php\/wp-json\/wp\/v2\/types\/page"}],"author":[{"embeddable":true,"href":"https:\/\/urban.sanok.pl\/index.php\/wp-json\/wp\/v2\/users\/1"}],"replies":[{"embeddable":true,"href":"https:\/\/urban.sanok.pl\/index.php\/wp-json\/wp\/v2\/comments?post=761"}],"version-history":[{"count":30,"href":"https:\/\/urban.sanok.pl\/index.php\/wp-json\/wp\/v2\/pages\/761\/revisions"}],"predecessor-version":[{"id":1556,"href":"https:\/\/urban.sanok.pl\/index.php\/wp-json\/wp\/v2\/pages\/761\/revisions\/1556"}],"wp:featuredmedia":[{"embeddable":true,"href":"https:\/\/urban.sanok.pl\/index.php\/wp-json\/wp\/v2\/media\/910"}],"wp:attachment":[{"href":"https:\/\/urban.sanok.pl\/index.php\/wp-json\/wp\/v2\/media?parent=761"}],"curies":[{"name":"wp","href":"https:\/\/api.w.org\/{rel}","templated":true}]}}