{"id":764,"date":"2020-09-17T05:27:12","date_gmt":"2020-09-17T05:27:12","guid":{"rendered":"http:\/\/serwer199628.lh.pl\/autoinstalator\/serwer199628.lh.pl\/wordpress20675\/?page_id=245"},"modified":"2025-09-14T20:30:51","modified_gmt":"2025-09-14T18:30:51","slug":"wegiel-kostka-sanok","status":"publish","type":"page","link":"https:\/\/urban.sanok.pl\/index.php\/wegiel-kostka-sanok\/","title":{"rendered":"Kostka"},"content":{"rendered":"\t\t<div data-elementor-type=\"wp-page\" data-elementor-id=\"764\" class=\"elementor elementor-764\">\n\t\t\t\t\t\t\t\t\t<section class=\"elementor-section elementor-top-section elementor-element elementor-element-0d99d64 elementor-section-full_width elementor-section-height-default elementor-section-height-default\" data-id=\"0d99d64\" data-element_type=\"section\">\n\t\t\t\t\t\t<div class=\"elementor-container elementor-column-gap-no\">\n\t\t\t\t\t<div class=\"elementor-column elementor-col-100 elementor-top-column elementor-element elementor-element-86058fb\" data-id=\"86058fb\" data-element_type=\"column\">\n\t\t\t<div class=\"elementor-widget-wrap elementor-element-populated\">\n\t\t\t\t\t\t\t\t<div class=\"elementor-element elementor-element-7e61a5e elementor-widget elementor-widget-firbrigs_about\" data-id=\"7e61a5e\" data-element_type=\"widget\" data-widget_type=\"firbrigs_about.custom\">\n\t\t\t\t<div class=\"elementor-widget-container\">\n\t\t\t\n<!-- about-section -->\n<section class=\"about-section border-bottom\">\n\t<div class=\"auto-container\">\n\t\t<div class=\"row clearfix\">\n\t\t\t<div class=\"col-lg-6 col-md-12 col-sm-12 image-column\">\n\t\t\t\t<div class=\"image-box mr-70\">\n\t\t\t\t\t<figure class=\"image\"><img decoding=\"async\" src=\"https:\/\/urban.sanok.pl\/wp-content\/uploads\/2023\/05\/kostka.jpeg\" loading=\"lazy\" alt=\"about image\"><\/figure>\n\n\t\t\t\t<\/div>\n\t\t\t<\/div>\n\t\t\t<div class=\"col-lg-6 col-md-12 col-sm-12 content-column\">\n\t\t\t\t<div class=\"content_block_1\">\n\t\t\t\t\t<div class=\"content-box mr-0\">\n\t\t\t\t\t\t<div class=\"sec-title\">\n\t\t\t\t\t\t\t<p><\/p>\n\t\t\t\t\t\t\t<!-- Title -->\n\t\t\t\t\t\t\t<h2 class=\"typo-title-text\"> w\u0119giel kostka\t\t\t\t\t\t\t<\/h2>\n\t\t\t\t\t\t\t<!-- Title -->\n\t\t\t\t\t\t<\/div>\n\t\t\t\t\t\t<div class=\"text\">\n\t\t\t\t\t\t\t<p>W\u0119giel kostka to jeden z najpopularniejszych sortyment\u00f3w. Dlaczego? Jego podstawow\u0105 zalet\u0105 jest d\u0142ugo\u015b\u0107 spalania \u2013 jedna z najbardziej wydajnych.<\/p>\n\t\t\t\t\t\t<\/div>\n\t\t\t\t\t\t<ul class=\"list-item clearfix\">\n\t\t\t\t\t\t\t\t\t\t\t\t\t\t<li>Kopalnia: KWK Piast, Ziemowit, Janina<\/li>\n\t\t\t\t\t\t\t\t\t\t\t\t\t\t\t<li>Warto\u015b\u0107 opa\u0142owa: min. 24,<\/li>\n\t\t\t\t\t\t\t\t\t\t\t\t\t\t\t<li>Uziarnienie: 63mm - 200mm,<\/li>\n\t\t\t\t\t\t\t\t\t\t\t\t\t\t\t<li>Popi\u00f3\u0142 : max. 9%,<\/li>\n\t\t\t\t\t\t\t\t\t\t\t\t\t\t\t<li>Siarka: 1,10%,<\/li>\n\t\t\t\t\t\t\t\t\t\t\t\t\t\t\t<li>Spiekalno\u015b\u0107: max. 4.<\/li>\n\t\t\t\t\t\t\t\t\t\t\t\t\t\t<\/ul>\n\t\t\t\t\t\t\t\t\t\t\t<\/div>\n\t\t\t\t<\/div>\n\t\t\t<\/div>\n\t\t<\/div>\n\t<\/div>\n<\/section>\n<!-- about-section end -->\n\t\t\t\t<\/div>\n\t\t\t\t<\/div>\n\t\t\t\t\t<\/div>\n\t\t<\/div>\n\t\t\t\t\t\t\t<\/div>\n\t\t<\/section>\n\t\t\t\t<section class=\"elementor-section elementor-top-section elementor-element elementor-element-4120026 elementor-hidden-desktop elementor-hidden-tablet elementor-hidden-mobile elementor-section-boxed elementor-section-height-default elementor-section-height-default\" data-id=\"4120026\" data-element_type=\"section\">\n\t\t\t\t\t\t<div class=\"elementor-container elementor-column-gap-default\">\n\t\t\t\t\t<div class=\"elementor-column elementor-col-100 elementor-top-column elementor-element elementor-element-fdedd56\" data-id=\"fdedd56\" data-element_type=\"column\">\n\t\t\t<div class=\"elementor-widget-wrap elementor-element-populated\">\n\t\t\t\t\t\t\t\t<div class=\"elementor-element elementor-element-897b1d8 elementor-widget elementor-widget-heading\" data-id=\"897b1d8\" data-element_type=\"widget\" data-widget_type=\"heading.default\">\n\t\t\t\t<div class=\"elementor-widget-container\">\n\t\t\t<style>\/*! elementor - v3.13.1 - 09-05-2023 *\/\n.elementor-heading-title{padding:0;margin:0;line-height:1}.elementor-widget-heading .elementor-heading-title[class*=elementor-size-]>a{color:inherit;font-size:inherit;line-height:inherit}.elementor-widget-heading .elementor-heading-title.elementor-size-small{font-size:15px}.elementor-widget-heading .elementor-heading-title.elementor-size-medium{font-size:19px}.elementor-widget-heading .elementor-heading-title.elementor-size-large{font-size:29px}.elementor-widget-heading .elementor-heading-title.elementor-size-xl{font-size:39px}.elementor-widget-heading .elementor-heading-title.elementor-size-xxl{font-size:59px}<\/style><h2 class=\"elementor-heading-title elementor-size-default\">W\u0119giel kostka \u2013 wydajne paliwo opa\u0142owe w Sanoku<\/h2>\t\t<\/div>\n\t\t\t\t<\/div>\n\t\t\t\t<div class=\"elementor-element elementor-element-6eb2102 elementor-widget elementor-widget-text-editor\" data-id=\"6eb2102\" data-element_type=\"widget\" data-widget_type=\"text-editor.default\">\n\t\t\t\t<div class=\"elementor-widget-container\">\n\t\t\t<style>\/*! elementor - v3.13.1 - 09-05-2023 *\/\n.elementor-widget-text-editor.elementor-drop-cap-view-stacked .elementor-drop-cap{background-color:#69727d;color:#fff}.elementor-widget-text-editor.elementor-drop-cap-view-framed .elementor-drop-cap{color:#69727d;border:3px solid;background-color:transparent}.elementor-widget-text-editor:not(.elementor-drop-cap-view-default) .elementor-drop-cap{margin-top:8px}.elementor-widget-text-editor:not(.elementor-drop-cap-view-default) .elementor-drop-cap-letter{width:1em;height:1em}.elementor-widget-text-editor .elementor-drop-cap{float:left;text-align:center;line-height:1;font-size:50px}.elementor-widget-text-editor .elementor-drop-cap-letter{display:inline-block}<\/style>\t\t\t\t<p data-start=\"355\" data-end=\"830\">W\u0119giel kostka to jeden z najcz\u0119\u015bciej <a href=\"https:\/\/urban.sanok.pl\/index.php\/opal-sanok-produkty\/\">wybieranych rodzaj\u00f3w opa\u0142u<\/a> przez mieszka\u0144c\u00f3w <a href=\"https:\/\/pl.wikipedia.org\/wiki\/Sanok\">Sanoka<\/a> i okolic. Ten tradycyjny surowiec cieszy si\u0119 du\u017c\u0105 popularno\u015bci\u0105 ze wzgl\u0119du na wysok\u0105 kaloryczno\u015b\u0107, d\u0142ugie spalanie oraz doskona\u0142\u0105 wydajno\u015b\u0107 ciepln\u0105. Dzi\u0119ki du\u017cym bry\u0142om o uziarnieniu od 63 do 200 mm w\u0119giel kostka spala si\u0119 r\u00f3wnomiernie, zapewniaj\u0105c stabiln\u0105 temperatur\u0119 przez wiele godzin. To idealne rozwi\u0105zanie do du\u017cych kot\u0142\u00f3w i piec\u00f3w, kt\u00f3re wymagaj\u0105 wolno spalaj\u0105cego si\u0119 paliwa.<\/p><p data-start=\"832\" data-end=\"1185\">W\u0119giel kostka dost\u0119pny w naszym sk\u0142adzie pochodzi z renomowanych kopalni: <strong data-start=\"906\" data-end=\"941\">KWK Piast, Ziemowit oraz Janina<\/strong>. To gwarancja jako\u015bci i pewno\u015bci, \u017ce wybierasz produkt sprawdzony i zgodny z normami. Oferowany opa\u0142 charakteryzuje si\u0119 warto\u015bci\u0105 opa\u0142ow\u0105 na poziomie minimum <strong data-start=\"1100\" data-end=\"1112\">24 MJ\/kg<\/strong>, co czyni go jednym z najbardziej wydajnych paliw dost\u0119pnych na rynku.<\/p><h3 data-start=\"1187\" data-end=\"1226\">Parametry jako\u015bciowe w\u0119gla kostka<\/h3><ul data-start=\"1227\" data-end=\"1381\"><li data-start=\"1227\" data-end=\"1265\"><p data-start=\"1229\" data-end=\"1265\"><strong data-start=\"1229\" data-end=\"1249\">Warto\u015b\u0107 opa\u0142owa:<\/strong> min. 24 MJ\/kg<\/p><\/li><li data-start=\"1266\" data-end=\"1296\"><p data-start=\"1268\" data-end=\"1296\"><strong data-start=\"1268\" data-end=\"1284\">Uziarnienie:<\/strong> 63\u2013200 mm<\/p><\/li><li data-start=\"1297\" data-end=\"1321\"><p data-start=\"1299\" data-end=\"1321\"><strong data-start=\"1299\" data-end=\"1310\">Popi\u00f3\u0142:<\/strong> maks. 9%<\/p><\/li><li data-start=\"1322\" data-end=\"1349\"><p data-start=\"1324\" data-end=\"1349\"><strong data-start=\"1324\" data-end=\"1335\">Siarka:<\/strong> maks. 1,10%<\/p><\/li><li data-start=\"1350\" data-end=\"1381\"><p data-start=\"1352\" data-end=\"1381\"><strong data-start=\"1352\" data-end=\"1368\">Spiekalno\u015b\u0107:<\/strong> maks. 4 RI<\/p><\/li><\/ul><p data-start=\"1383\" data-end=\"1630\">Takie parametry gwarantuj\u0105 czyste spalanie, wysok\u0105 temperatur\u0119 i ograniczon\u0105 ilo\u015b\u0107 odpad\u00f3w. Dzi\u0119ki temu w\u0119giel kostka sprawdzi si\u0119 w domach jednorodzinnych, gospodarstwach rolnych oraz w obiektach, kt\u00f3re potrzebuj\u0105 du\u017cej ilo\u015bci energii cieplnej.<\/p>\t\t\t\t\t\t<\/div>\n\t\t\t\t<\/div>\n\t\t\t\t\t<\/div>\n\t\t<\/div>\n\t\t\t\t\t\t\t<\/div>\n\t\t<\/section>\n\t\t\t\t<section class=\"elementor-section elementor-top-section elementor-element elementor-element-92a99f3 elementor-hidden-desktop elementor-hidden-tablet elementor-hidden-mobile elementor-section-boxed elementor-section-height-default elementor-section-height-default\" data-id=\"92a99f3\" data-element_type=\"section\">\n\t\t\t\t\t\t<div class=\"elementor-container elementor-column-gap-default\">\n\t\t\t\t\t<div class=\"elementor-column elementor-col-100 elementor-top-column elementor-element elementor-element-3022e78\" data-id=\"3022e78\" data-element_type=\"column\">\n\t\t\t<div class=\"elementor-widget-wrap elementor-element-populated\">\n\t\t\t\t\t\t\t\t<div class=\"elementor-element elementor-element-7fb8c1b elementor-widget elementor-widget-heading\" data-id=\"7fb8c1b\" data-element_type=\"widget\" data-widget_type=\"heading.default\">\n\t\t\t\t<div class=\"elementor-widget-container\">\n\t\t\t<h2 class=\"elementor-heading-title elementor-size-default\">Dlaczego warto kupi\u0107 w\u0119giel kostka w Urban Sanok?<\/h2>\t\t<\/div>\n\t\t\t\t<\/div>\n\t\t\t\t<div class=\"elementor-element elementor-element-ebced74 elementor-widget elementor-widget-text-editor\" data-id=\"ebced74\" data-element_type=\"widget\" data-widget_type=\"text-editor.default\">\n\t\t\t\t<div class=\"elementor-widget-container\">\n\t\t\t\t\t\t\t<p data-start=\"1688\" data-end=\"2003\">Kupuj\u0105c w naszym sk\u0142adzie opa\u0142u, zyskujesz pewno\u015b\u0107 korzystnej ceny i sprawdzonej jako\u015bci. Oferujemy <strong data-start=\"1788\" data-end=\"1826\">dostaw\u0119 na terenie Sanoka i okolic<\/strong>, fachowe doradztwo oraz mo\u017cliwo\u015b\u0107 zam\u00f3wienia opa\u0142u luzem lub w workach. Naszym priorytetem jest satysfakcja klienta, dlatego dbamy o terminowo\u015b\u0107 i wygod\u0119 realizacji zam\u00f3wie\u0144.<\/p><p data-start=\"2005\" data-end=\"2220\">W\u0119giel kostka to najlepszy wyb\u00f3r dla os\u00f3b, kt\u00f3re szukaj\u0105 tradycyjnego i wydajnego opa\u0142u w atrakcyjnej cenie. Zadbaj o ciep\u0142o swojego domu tej zimy \u2013 postaw na sprawdzone paliwo, kt\u00f3re pos\u0142u\u017cy Ci przez d\u0142ugie lata.<\/p>\t\t\t\t\t\t<\/div>\n\t\t\t\t<\/div>\n\t\t\t\t\t<\/div>\n\t\t<\/div>\n\t\t\t\t\t\t\t<\/div>\n\t\t<\/section>\n\t\t\t\t\t\t\t<\/div>\n\t\t","protected":false},"excerpt":{"rendered":"<p>w\u0119giel kostka W\u0119giel kostka to jeden z najpopularniejszych sortyment\u00f3w. Dlaczego? Jego podstawow\u0105 zalet\u0105 jest d\u0142ugo\u015b\u0107 spalania \u2013 jedna z najbardziej [&hellip;]<\/p>\n","protected":false},"author":1,"featured_media":910,"parent":0,"menu_order":0,"comment_status":"closed","ping_status":"closed","template":"elementor_header_footer","meta":{"footnotes":""},"class_list":["post-764","page","type-page","status-publish","has-post-thumbnail","hentry"],"yoast_head":"<!-- This site is optimized with the Yoast SEO plugin v25.9 - https:\/\/yoast.com\/wordpress\/plugins\/seo\/ -->\n<title>W\u0119giel Kostka Sanok \u2013 Wydajny Opa\u0142 z Dostaw\u0105 | Urban<\/title>\n<meta name=\"description\" content=\"W\u0119giel kostka Sanok sprawdzony opa\u0142 o wysokiej kaloryczno\u015bci. Idealny do du\u017cych piec\u00f3w i kot\u0142\u00f3w. Zam\u00f3w w\u0119giel kostka z dostaw\u0105.\" \/>\n<meta name=\"robots\" content=\"index, follow, max-snippet:-1, max-image-preview:large, max-video-preview:-1\" \/>\n<link rel=\"canonical\" href=\"https:\/\/urban.sanok.pl\/index.php\/wegiel-kostka-sanok\/\" \/>\n<meta property=\"og:locale\" content=\"pl_PL\" \/>\n<meta property=\"og:type\" content=\"article\" \/>\n<meta property=\"og:title\" content=\"W\u0119giel Kostka Sanok \u2013 Wydajny Opa\u0142 z Dostaw\u0105 | Urban\" \/>\n<meta property=\"og:description\" content=\"W\u0119giel kostka Sanok sprawdzony opa\u0142 o wysokiej kaloryczno\u015bci. Idealny do du\u017cych piec\u00f3w i kot\u0142\u00f3w. Zam\u00f3w w\u0119giel kostka z dostaw\u0105.\" \/>\n<meta property=\"og:url\" content=\"https:\/\/urban.sanok.pl\/index.php\/wegiel-kostka-sanok\/\" \/>\n<meta property=\"og:site_name\" content=\"Urban Sanok\" \/>\n<meta property=\"article:publisher\" content=\"https:\/\/www.facebook.com\/profile.php?id=100054388307181&amp;rdid=N8Ytr4RPJt5dTGik&amp;share_url=httpswww.facebook.comshare1BKmVbm6ir#\" \/>\n<meta property=\"article:modified_time\" content=\"2025-09-14T18:30:51+00:00\" \/>\n<meta property=\"og:image\" content=\"https:\/\/urban.sanok.pl\/wp-content\/uploads\/2023\/05\/AdobeStock_299481370-scaled.jpeg\" \/>\n\t<meta property=\"og:image:width\" content=\"2560\" \/>\n\t<meta property=\"og:image:height\" content=\"1707\" \/>\n\t<meta property=\"og:image:type\" content=\"image\/jpeg\" \/>\n<meta name=\"twitter:card\" content=\"summary_large_image\" \/>\n<meta name=\"twitter:label1\" content=\"Szacowany czas czytania\" \/>\n\t<meta name=\"twitter:data1\" content=\"3 minuty\" \/>\n<script type=\"application\/ld+json\" class=\"yoast-schema-graph\">{\"@context\":\"https:\/\/schema.org\",\"@graph\":[{\"@type\":\"WebPage\",\"@id\":\"https:\/\/urban.sanok.pl\/index.php\/wegiel-kostka-sanok\/\",\"url\":\"https:\/\/urban.sanok.pl\/index.php\/wegiel-kostka-sanok\/\",\"name\":\"W\u0119giel Kostka Sanok \u2013 Wydajny Opa\u0142 z Dostaw\u0105 | Urban\",\"isPartOf\":{\"@id\":\"https:\/\/urban.sanok.pl\/#website\"},\"primaryImageOfPage\":{\"@id\":\"https:\/\/urban.sanok.pl\/index.php\/wegiel-kostka-sanok\/#primaryimage\"},\"image\":{\"@id\":\"https:\/\/urban.sanok.pl\/index.php\/wegiel-kostka-sanok\/#primaryimage\"},\"thumbnailUrl\":\"https:\/\/urban.sanok.pl\/wp-content\/uploads\/2023\/05\/AdobeStock_299481370-scaled.jpeg\",\"datePublished\":\"2020-09-17T05:27:12+00:00\",\"dateModified\":\"2025-09-14T18:30:51+00:00\",\"description\":\"W\u0119giel kostka Sanok sprawdzony opa\u0142 o wysokiej kaloryczno\u015bci. Idealny do du\u017cych piec\u00f3w i kot\u0142\u00f3w. Zam\u00f3w w\u0119giel kostka z dostaw\u0105.\",\"breadcrumb\":{\"@id\":\"https:\/\/urban.sanok.pl\/index.php\/wegiel-kostka-sanok\/#breadcrumb\"},\"inLanguage\":\"pl-PL\",\"potentialAction\":[{\"@type\":\"ReadAction\",\"target\":[\"https:\/\/urban.sanok.pl\/index.php\/wegiel-kostka-sanok\/\"]}]},{\"@type\":\"ImageObject\",\"inLanguage\":\"pl-PL\",\"@id\":\"https:\/\/urban.sanok.pl\/index.php\/wegiel-kostka-sanok\/#primaryimage\",\"url\":\"https:\/\/urban.sanok.pl\/wp-content\/uploads\/2023\/05\/AdobeStock_299481370-scaled.jpeg\",\"contentUrl\":\"https:\/\/urban.sanok.pl\/wp-content\/uploads\/2023\/05\/AdobeStock_299481370-scaled.jpeg\",\"width\":2560,\"height\":1707,\"caption\":\"Drewno w siatkach \u2013 czysto\u015b\u0107 i wygoda\"},{\"@type\":\"BreadcrumbList\",\"@id\":\"https:\/\/urban.sanok.pl\/index.php\/wegiel-kostka-sanok\/#breadcrumb\",\"itemListElement\":[{\"@type\":\"ListItem\",\"position\":1,\"name\":\"Strona g\u0142\u00f3wna\",\"item\":\"https:\/\/urban.sanok.pl\/\"},{\"@type\":\"ListItem\",\"position\":2,\"name\":\"Kostka\"}]},{\"@type\":\"WebSite\",\"@id\":\"https:\/\/urban.sanok.pl\/#website\",\"url\":\"https:\/\/urban.sanok.pl\/\",\"name\":\"Urban Sanok\",\"description\":\"\",\"publisher\":{\"@id\":\"https:\/\/urban.sanok.pl\/#organization\"},\"potentialAction\":[{\"@type\":\"SearchAction\",\"target\":{\"@type\":\"EntryPoint\",\"urlTemplate\":\"https:\/\/urban.sanok.pl\/?s={search_term_string}\"},\"query-input\":{\"@type\":\"PropertyValueSpecification\",\"valueRequired\":true,\"valueName\":\"search_term_string\"}}],\"inLanguage\":\"pl-PL\"},{\"@type\":\"Organization\",\"@id\":\"https:\/\/urban.sanok.pl\/#organization\",\"name\":\"Urban Sanok\",\"url\":\"https:\/\/urban.sanok.pl\/\",\"logo\":{\"@type\":\"ImageObject\",\"inLanguage\":\"pl-PL\",\"@id\":\"https:\/\/urban.sanok.pl\/#\/schema\/logo\/image\/\",\"url\":\"https:\/\/urban.sanok.pl\/wp-content\/uploads\/2023\/05\/cropped-logo-psd-1.png\",\"contentUrl\":\"https:\/\/urban.sanok.pl\/wp-content\/uploads\/2023\/05\/cropped-logo-psd-1.png\",\"width\":512,\"height\":512,\"caption\":\"Urban Sanok\"},\"image\":{\"@id\":\"https:\/\/urban.sanok.pl\/#\/schema\/logo\/image\/\"},\"sameAs\":[\"https:\/\/www.facebook.com\/profile.php?id=100054388307181&rdid=N8Ytr4RPJt5dTGik&share_url=httpswww.facebook.comshare1BKmVbm6ir#\"]}]}<\/script>\n<!-- \/ Yoast SEO plugin. -->","yoast_head_json":{"title":"W\u0119giel Kostka Sanok \u2013 Wydajny Opa\u0142 z Dostaw\u0105 | Urban","description":"W\u0119giel kostka Sanok sprawdzony opa\u0142 o wysokiej kaloryczno\u015bci. Idealny do du\u017cych piec\u00f3w i kot\u0142\u00f3w. Zam\u00f3w w\u0119giel kostka z dostaw\u0105.","robots":{"index":"index","follow":"follow","max-snippet":"max-snippet:-1","max-image-preview":"max-image-preview:large","max-video-preview":"max-video-preview:-1"},"canonical":"https:\/\/urban.sanok.pl\/index.php\/wegiel-kostka-sanok\/","og_locale":"pl_PL","og_type":"article","og_title":"W\u0119giel Kostka Sanok \u2013 Wydajny Opa\u0142 z Dostaw\u0105 | Urban","og_description":"W\u0119giel kostka Sanok sprawdzony opa\u0142 o wysokiej kaloryczno\u015bci. Idealny do du\u017cych piec\u00f3w i kot\u0142\u00f3w. Zam\u00f3w w\u0119giel kostka z dostaw\u0105.","og_url":"https:\/\/urban.sanok.pl\/index.php\/wegiel-kostka-sanok\/","og_site_name":"Urban Sanok","article_publisher":"https:\/\/www.facebook.com\/profile.php?id=100054388307181&rdid=N8Ytr4RPJt5dTGik&share_url=httpswww.facebook.comshare1BKmVbm6ir#","article_modified_time":"2025-09-14T18:30:51+00:00","og_image":[{"width":2560,"height":1707,"url":"https:\/\/urban.sanok.pl\/wp-content\/uploads\/2023\/05\/AdobeStock_299481370-scaled.jpeg","type":"image\/jpeg"}],"twitter_card":"summary_large_image","twitter_misc":{"Szacowany czas czytania":"3 minuty"},"schema":{"@context":"https:\/\/schema.org","@graph":[{"@type":"WebPage","@id":"https:\/\/urban.sanok.pl\/index.php\/wegiel-kostka-sanok\/","url":"https:\/\/urban.sanok.pl\/index.php\/wegiel-kostka-sanok\/","name":"W\u0119giel Kostka Sanok \u2013 Wydajny Opa\u0142 z Dostaw\u0105 | Urban","isPartOf":{"@id":"https:\/\/urban.sanok.pl\/#website"},"primaryImageOfPage":{"@id":"https:\/\/urban.sanok.pl\/index.php\/wegiel-kostka-sanok\/#primaryimage"},"image":{"@id":"https:\/\/urban.sanok.pl\/index.php\/wegiel-kostka-sanok\/#primaryimage"},"thumbnailUrl":"https:\/\/urban.sanok.pl\/wp-content\/uploads\/2023\/05\/AdobeStock_299481370-scaled.jpeg","datePublished":"2020-09-17T05:27:12+00:00","dateModified":"2025-09-14T18:30:51+00:00","description":"W\u0119giel kostka Sanok sprawdzony opa\u0142 o wysokiej kaloryczno\u015bci. Idealny do du\u017cych piec\u00f3w i kot\u0142\u00f3w. Zam\u00f3w w\u0119giel kostka z dostaw\u0105.","breadcrumb":{"@id":"https:\/\/urban.sanok.pl\/index.php\/wegiel-kostka-sanok\/#breadcrumb"},"inLanguage":"pl-PL","potentialAction":[{"@type":"ReadAction","target":["https:\/\/urban.sanok.pl\/index.php\/wegiel-kostka-sanok\/"]}]},{"@type":"ImageObject","inLanguage":"pl-PL","@id":"https:\/\/urban.sanok.pl\/index.php\/wegiel-kostka-sanok\/#primaryimage","url":"https:\/\/urban.sanok.pl\/wp-content\/uploads\/2023\/05\/AdobeStock_299481370-scaled.jpeg","contentUrl":"https:\/\/urban.sanok.pl\/wp-content\/uploads\/2023\/05\/AdobeStock_299481370-scaled.jpeg","width":2560,"height":1707,"caption":"Drewno w siatkach \u2013 czysto\u015b\u0107 i wygoda"},{"@type":"BreadcrumbList","@id":"https:\/\/urban.sanok.pl\/index.php\/wegiel-kostka-sanok\/#breadcrumb","itemListElement":[{"@type":"ListItem","position":1,"name":"Strona g\u0142\u00f3wna","item":"https:\/\/urban.sanok.pl\/"},{"@type":"ListItem","position":2,"name":"Kostka"}]},{"@type":"WebSite","@id":"https:\/\/urban.sanok.pl\/#website","url":"https:\/\/urban.sanok.pl\/","name":"Urban Sanok","description":"","publisher":{"@id":"https:\/\/urban.sanok.pl\/#organization"},"potentialAction":[{"@type":"SearchAction","target":{"@type":"EntryPoint","urlTemplate":"https:\/\/urban.sanok.pl\/?s={search_term_string}"},"query-input":{"@type":"PropertyValueSpecification","valueRequired":true,"valueName":"search_term_string"}}],"inLanguage":"pl-PL"},{"@type":"Organization","@id":"https:\/\/urban.sanok.pl\/#organization","name":"Urban Sanok","url":"https:\/\/urban.sanok.pl\/","logo":{"@type":"ImageObject","inLanguage":"pl-PL","@id":"https:\/\/urban.sanok.pl\/#\/schema\/logo\/image\/","url":"https:\/\/urban.sanok.pl\/wp-content\/uploads\/2023\/05\/cropped-logo-psd-1.png","contentUrl":"https:\/\/urban.sanok.pl\/wp-content\/uploads\/2023\/05\/cropped-logo-psd-1.png","width":512,"height":512,"caption":"Urban Sanok"},"image":{"@id":"https:\/\/urban.sanok.pl\/#\/schema\/logo\/image\/"},"sameAs":["https:\/\/www.facebook.com\/profile.php?id=100054388307181&rdid=N8Ytr4RPJt5dTGik&share_url=httpswww.facebook.comshare1BKmVbm6ir#"]}]}},"_links":{"self":[{"href":"https:\/\/urban.sanok.pl\/index.php\/wp-json\/wp\/v2\/pages\/764","targetHints":{"allow":["GET"]}}],"collection":[{"href":"https:\/\/urban.sanok.pl\/index.php\/wp-json\/wp\/v2\/pages"}],"about":[{"href":"https:\/\/urban.sanok.pl\/index.php\/wp-json\/wp\/v2\/types\/page"}],"author":[{"embeddable":true,"href":"https:\/\/urban.sanok.pl\/index.php\/wp-json\/wp\/v2\/users\/1"}],"replies":[{"embeddable":true,"href":"https:\/\/urban.sanok.pl\/index.php\/wp-json\/wp\/v2\/comments?post=764"}],"version-history":[{"count":17,"href":"https:\/\/urban.sanok.pl\/index.php\/wp-json\/wp\/v2\/pages\/764\/revisions"}],"predecessor-version":[{"id":1395,"href":"https:\/\/urban.sanok.pl\/index.php\/wp-json\/wp\/v2\/pages\/764\/revisions\/1395"}],"wp:featuredmedia":[{"embeddable":true,"href":"https:\/\/urban.sanok.pl\/index.php\/wp-json\/wp\/v2\/media\/910"}],"wp:attachment":[{"href":"https:\/\/urban.sanok.pl\/index.php\/wp-json\/wp\/v2\/media?parent=764"}],"curies":[{"name":"wp","href":"https:\/\/api.w.org\/{rel}","templated":true}]}}